{"id":86139,"date":"2022-10-11T17:48:43","date_gmt":"2022-10-11T15:48:43","guid":{"rendered":"http:\/\/dev.claret.cat\/producte\/tres-discuros-en-memoria-de-dostoyevski\/"},"modified":"2026-01-28T13:09:15","modified_gmt":"2026-01-28T12:09:15","slug":"tres-discuros-en-memoria-de-dostoyevski-9788417786533","status":"publish","type":"product","link":"https:\/\/www.claret.cat\/es\/libro\/tres-discuros-en-memoria-de-dostoyevski-9788417786533\/","title":{"rendered":"TRES DISCUROS EN MEMORIA DE DOSTOYEVSKI"},"content":{"rendered":"<p>En sus Tres discursos en memoria de Dostoyevski, pronunciados entre 1881 y 1883, el c\u00e9lebre fil\u00f3sofo ruso Vladimir Soloviov hizo honor a su gran amigo y compa\u00f1ero de ideas Fi\u00f3dor Dostoyevski (1821-1881). En 2021 se conmemora el bicentenario del nacimiento del gran escritor ruso. En estos hondos y apasionados discursos, Soloviov se consagra al desvelamiento de las ideas e ideales que alumbraron la tenebrosa vida y obra de Dostoyevski , ese tit\u00e1n con un \u00abprofundo, criminal rostro de santo\u00bb, como indic\u00f3 Thomas Mann. Un hito no s\u00f3lo de la literatura universal, sino de toda la historia de la humanidad.      AUTOR  Vladimir Sergu\u00e9yevich Soloviov (1853-1900) fue un fil\u00f3sofo, m\u00edstico y poeta ruso. Pose\u00eda una mente aguda y extremadamente propicia para el estudio, un car\u00e1cter obstinado y una mentalidad que no daba nada por sentado hasta cuestionarlo y examinarlo a fondo. Soloviov combin\u00f3 un estilo de vida ca\u00f3tico e impulsivo con una extraordinaria \u00e9tica de trabajo.<\/p>\n","protected":false},"excerpt":{"rendered":"<p>SOLOVIOV, VLADIMIR<\/p>\n","protected":false},"featured_media":86140,"template":"","meta":{"_acf_changed":false,"om_disable_all_campaigns":false,"rs_blank_template":"","rs_page_bg_color":"","slide_template_v7":"","inline_featured_image":false,"_monsterinsights_skip_tracking":false,"_monsterinsights_sitenote_active":false,"_monsterinsights_sitenote_note":"","_monsterinsights_sitenote_category":0},"product_brand":[],"product_cat":[90,354,123,540],"product_tag":[],"class_list":{"0":"post-86139","1":"product","2":"type-product","3":"status-publish","4":"has-post-thumbnail","6":"product_cat-altres","7":"product_cat-clasica","8":"product_cat-classica","9":"product_cat-otros","11":"first","12":"instock","13":"taxable","14":"shipping-taxable","15":"purchasable","16":"product-type-simple"},"acf":{"autores-libros":[{"ID":6083,"post_author":"3","post_date":"2022-07-28 17:37:46","post_date_gmt":"2022-07-28 15:37:46","post_content":"","post_title":"VLAD\u00cdMIR SOLOVIOV","post_excerpt":"","post_status":"publish","comment_status":"closed","ping_status":"closed","post_password":"","post_name":"vladimir-soloviov","to_ping":"","pinged":"","post_modified":"2022-07-28 17:37:46","post_modified_gmt":"2022-07-28 15:37:46","post_content_filtered":"","post_parent":0,"guid":"http:\/\/dev.claret.cat\/autor\/vladimir-soloviov\/","menu_order":0,"post_type":"autor","post_mime_type":"","comment_count":"0","filter":"raw"}],"autor":"SOLOVIOV, VLADIMIR","codart":"841778653","libros-coleccion":"FORA DE COL.LECCI\u00d3","ediciones":"1","encuadernacion":"R\u00fastica","fecha_de_publicacion":"01\/07\/2021","novedad":"1","paginas":"126","subtitulo":"","orden":"0","portada":"0","idioma":"spa","editorial":[{"ID":148859,"post_author":"3","post_date":"2022-10-14 12:01:33","post_date_gmt":"2022-10-14 10:01:33","post_content":"","post_title":"TAUGENIT","post_excerpt":"","post_status":"publish","comment_status":"closed","ping_status":"closed","post_password":"","post_name":"taugenit","to_ping":"","pinged":"","post_modified":"2022-10-14 12:01:33","post_modified_gmt":"2022-10-14 10:01:33","post_content_filtered":"","post_parent":0,"guid":"http:\/\/dev.claret.cat\/editorial\/taugenit\/","menu_order":0,"post_type":"editorial","post_mime_type":"","comment_count":"0","filter":"raw"}],"booktrailer":"","resenas":""},"aioseo_notices":[],"_links":{"self":[{"href":"https:\/\/www.claret.cat\/es\/wp-json\/wp\/v2\/product\/86139","targetHints":{"allow":["GET"]}}],"collection":[{"href":"https:\/\/www.claret.cat\/es\/wp-json\/wp\/v2\/product"}],"about":[{"href":"https:\/\/www.claret.cat\/es\/wp-json\/wp\/v2\/types\/product"}],"wp:featuredmedia":[{"embeddable":true,"href":"https:\/\/www.claret.cat\/es\/wp-json\/wp\/v2\/media\/86140"}],"wp:attachment":[{"href":"https:\/\/www.claret.cat\/es\/wp-json\/wp\/v2\/media?parent=86139"}],"wp:term":[{"taxonomy":"product_brand","embeddable":true,"href":"https:\/\/www.claret.cat\/es\/wp-json\/wp\/v2\/product_brand?post=86139"},{"taxonomy":"product_cat","embeddable":true,"href":"https:\/\/www.claret.cat\/es\/wp-json\/wp\/v2\/product_cat?post=86139"},{"taxonomy":"product_tag","embeddable":true,"href":"https:\/\/www.claret.cat\/es\/wp-json\/wp\/v2\/product_tag?post=86139"}],"curies":[{"name":"wp","href":"https:\/\/api.w.org\/{rel}","templated":true}]}}