{"id":86166,"date":"2022-10-11T17:49:03","date_gmt":"2022-10-11T15:49:03","guid":{"rendered":"http:\/\/dev.claret.cat\/producte\/els-salms-en-hebreu-grec-llati-i-catala\/"},"modified":"2026-01-15T10:50:32","modified_gmt":"2026-01-15T09:50:32","slug":"els-salms-en-hebreu-grec-llati-i-catala-9788491654308","status":"publish","type":"product","link":"https:\/\/www.claret.cat\/es\/libro\/els-salms-en-hebreu-grec-llati-i-catala-9788491654308\/","title":{"rendered":"ELS SALMS EN HEBREU, GREC, LLAT\u00cd I CATAL\u00c0"},"content":{"rendered":"<p>Aquesta edici\u00f3 extraordin\u00e0ria dels Salms est\u00e0 organitzada en forma d&#8217;h\u00e8xaples, \u00e9s a dir, en sis columnes. D&#8217;esquerra a dreta: (a) salteri en llengua hebrea, (b) traducci\u00f3 d&#8217;estudi del salteri hebreu a la llengua catalana (c) traducci\u00f3 llatina del salteri en llengua hebrea, feta per sant Jeroni, o Psalterium iuxta Hebraeos, (d) traducci\u00f3 catalana del salteri en llengua hebrea (B\u00edblia Catalana. Traducci\u00f3 interconfessional), (e) traducci\u00f3 llatina del salteri en llengua grega (iuxta Septuaginta), feta per sant Jeroni, o Psalterium Gallicanum, i (f) salteri en llengua grega segons la versi\u00f3 dels Setanta.<\/p>\n","protected":false},"excerpt":{"rendered":"<p>PUIG I T\u00c0RRECH, ARMAND (ed.)<\/p>\n","protected":false},"featured_media":393910,"template":"","meta":{"_acf_changed":false,"om_disable_all_campaigns":false,"rs_blank_template":"","rs_page_bg_color":"","slide_template_v7":"","inline_featured_image":false,"_monsterinsights_skip_tracking":false,"_monsterinsights_sitenote_active":false,"_monsterinsights_sitenote_note":"","_monsterinsights_sitenote_category":0},"product_brand":[],"product_cat":[383,198],"product_tag":[],"class_list":{"0":"post-86166","1":"product","2":"type-product","3":"status-publish","4":"has-post-thumbnail","6":"product_cat-salmos-y-libros-poeticos","7":"product_cat-salms-i-llibres-poetics","9":"first","10":"instock","11":"taxable","12":"shipping-taxable","13":"purchasable","14":"product-type-simple"},"acf":{"editorial":[{"ID":6172,"post_author":"3","post_date":"2022-07-28 17:46:27","post_date_gmt":"2022-07-28 15:46:27","post_content":"","post_title":"CPL","post_excerpt":"","post_status":"publish","comment_status":"closed","ping_status":"closed","post_password":"","post_name":"cpl","to_ping":"","pinged":"","post_modified":"2022-07-28 17:46:27","post_modified_gmt":"2022-07-28 15:46:27","post_content_filtered":"","post_parent":0,"guid":"http:\/\/dev.claret.cat\/editorial\/cpl\/","menu_order":0,"post_type":"editorial","post_mime_type":"","comment_count":"0","filter":"raw"}],"autor":"PUIG I T\u00c0RRECH, ARMAND (ed.)","codart":"849165430","libros-coleccion":"FORA DE COL.LECCI\u00d3","ediciones":"1","encuadernacion":"Carton\u00e9","fecha_de_publicacion":"05\/07\/2021","novedad":"1","paginas":"1010","subtitulo":"HOMENATGE A SANT JERONI EN EL 1600 ANIVERSAI DE LA SEVA MORT","orden":"0","portada":"0","idioma":"cat","autores-libros":[{"ID":151090,"post_author":"3","post_date":"2022-10-14 14:38:07","post_date_gmt":"2022-10-14 12:38:07","post_content":"","post_title":"ARMAND (ed.) PUIG I T\u00c0RRECH","post_excerpt":"","post_status":"publish","comment_status":"closed","ping_status":"closed","post_password":"","post_name":"armand-ed-puig-i-tarrech","to_ping":"","pinged":"","post_modified":"2022-10-14 14:38:07","post_modified_gmt":"2022-10-14 12:38:07","post_content_filtered":"","post_parent":0,"guid":"http:\/\/dev.claret.cat\/autor\/armand-ed-puig-i-tarrech\/","menu_order":0,"post_type":"autor","post_mime_type":"","comment_count":"0","filter":"raw"}],"booktrailer":"","resenas":""},"aioseo_notices":[],"_links":{"self":[{"href":"https:\/\/www.claret.cat\/es\/wp-json\/wp\/v2\/product\/86166","targetHints":{"allow":["GET"]}}],"collection":[{"href":"https:\/\/www.claret.cat\/es\/wp-json\/wp\/v2\/product"}],"about":[{"href":"https:\/\/www.claret.cat\/es\/wp-json\/wp\/v2\/types\/product"}],"wp:featuredmedia":[{"embeddable":true,"href":"https:\/\/www.claret.cat\/es\/wp-json\/wp\/v2\/media\/393910"}],"wp:attachment":[{"href":"https:\/\/www.claret.cat\/es\/wp-json\/wp\/v2\/media?parent=86166"}],"wp:term":[{"taxonomy":"product_brand","embeddable":true,"href":"https:\/\/www.claret.cat\/es\/wp-json\/wp\/v2\/product_brand?post=86166"},{"taxonomy":"product_cat","embeddable":true,"href":"https:\/\/www.claret.cat\/es\/wp-json\/wp\/v2\/product_cat?post=86166"},{"taxonomy":"product_tag","embeddable":true,"href":"https:\/\/www.claret.cat\/es\/wp-json\/wp\/v2\/product_tag?post=86166"}],"curies":[{"name":"wp","href":"https:\/\/api.w.org\/{rel}","templated":true}]}}