{"id":86355,"date":"2022-10-11T17:51:23","date_gmt":"2022-10-11T15:51:23","guid":{"rendered":"http:\/\/dev.claret.cat\/producte\/san-juan-de-la-cruz-la-biblia-palabra-mistica\/"},"modified":"2024-05-23T20:32:51","modified_gmt":"2024-05-23T18:32:51","slug":"san-juan-de-la-cruz-la-biblia-palabra-mistica-9788470684906","status":"publish","type":"product","link":"https:\/\/www.claret.cat\/es\/libro\/san-juan-de-la-cruz-la-biblia-palabra-mistica-9788470684906\/","title":{"rendered":"SAN JUAN DE LA CRUZ. LA BIBLIA, PALABRA M\u00cdSTICA"},"content":{"rendered":"<p>San Juan de la Cruz. La Biblia, palabra m\u00edstica, pretende esclarecer la ra\u00edz de la m\u00edstica del encumbrado poeta. Despu\u00e9s de muchos an\u00e1lisis, ya parece que es un hecho incontestable que los fundamentos m\u00e1s s\u00f3lidos de su inalcanzable m\u00edstica se hallan en las Sagradas Escrituras. Pero no solo por los textos que cita, sino tambi\u00e9n y quiz\u00e1s m\u00e1s principalmente, por las conexiones de fondo con la Biblia entera. Esta sinton\u00eda brilla singularmente con el cuarto Evangelio. Parece como si el C\u00e1ntico espiritual se dejara m\u00e1s que adivinar en el escrito del \u00c1guila de Patmos. Y as\u00ed ocurre con otros libros de la Biblia. Es que Juan de la Cruz, como dice un biblista de nuestros d\u00edas, que lo ha estudiado, \u00abhabla Biblia sin darse cuenta\u00bb. Por eso su m\u00edstica es la traducci\u00f3n de la Biblia al sentimiento profundo.<\/p>\n","protected":false},"excerpt":{"rendered":"<p>CASTRO S\u00c1NCHEZ, SECUNDINO; OCD<\/p>\n","protected":false},"featured_media":349778,"template":"","meta":{"_acf_changed":false,"om_disable_all_campaigns":false,"rs_blank_template":"","rs_page_bg_color":"","slide_template_v7":"","inline_featured_image":false,"_monsterinsights_skip_tracking":false,"_monsterinsights_sitenote_active":false,"_monsterinsights_sitenote_note":"","_monsterinsights_sitenote_category":0},"product_brand":[],"product_cat":[233,486],"product_tag":[],"class_list":{"0":"post-86355","1":"product","2":"type-product","3":"status-publish","4":"has-post-thumbnail","6":"product_cat-mistica","7":"product_cat-mistica-espiritualidad-1_espiritualidad","9":"first","10":"instock","11":"taxable","12":"shipping-taxable","13":"purchasable","14":"product-type-simple"},"acf":{"autor":"CASTRO S\u00c1NCHEZ, SECUNDINO; OCD","codart":"847068490","libros-coleccion":"","ediciones":"1","encuadernacion":"R\u00fastica","fecha_de_publicacion":"01\/07\/2021","novedad":"1","paginas":"182","subtitulo":"","orden":"0","portada":"0","idioma":"spa","editorial":[{"ID":148116,"post_author":"3","post_date":"2022-10-14 11:55:45","post_date_gmt":"2022-10-14 09:55:45","post_content":"","post_title":"ESPIRITUALIDAD","post_excerpt":"","post_status":"publish","comment_status":"closed","ping_status":"closed","post_password":"","post_name":"espiritualidad","to_ping":"","pinged":"","post_modified":"2022-10-14 11:55:45","post_modified_gmt":"2022-10-14 09:55:45","post_content_filtered":"","post_parent":0,"guid":"http:\/\/dev.claret.cat\/editorial\/espiritualidad\/","menu_order":0,"post_type":"editorial","post_mime_type":"","comment_count":"0","filter":"raw"}],"autores-libros":[{"ID":166086,"post_author":"3","post_date":"2022-10-14 18:00:19","post_date_gmt":"2022-10-14 16:00:19","post_content":"","post_title":"OCD","post_excerpt":"","post_status":"publish","comment_status":"closed","ping_status":"closed","post_password":"","post_name":"ocd","to_ping":"","pinged":"","post_modified":"2022-10-14 18:00:19","post_modified_gmt":"2022-10-14 16:00:19","post_content_filtered":"","post_parent":0,"guid":"http:\/\/dev.claret.cat\/autor\/ocd\/","menu_order":0,"post_type":"autor","post_mime_type":"","comment_count":"0","filter":"raw"},{"ID":169268,"post_author":"3","post_date":"2022-10-14 22:25:52","post_date_gmt":"2022-10-14 20:25:52","post_content":"","post_title":"SECUNDINO CASTRO SANCHEZ","post_excerpt":"","post_status":"publish","comment_status":"closed","ping_status":"closed","post_password":"","post_name":"secundino-castro-sanchez","to_ping":"","pinged":"","post_modified":"2022-10-14 22:25:52","post_modified_gmt":"2022-10-14 20:25:52","post_content_filtered":"","post_parent":0,"guid":"http:\/\/dev.claret.cat\/autor\/secundino-castro-sanchez\/","menu_order":0,"post_type":"autor","post_mime_type":"","comment_count":"0","filter":"raw"}]},"aioseo_notices":[],"_links":{"self":[{"href":"https:\/\/www.claret.cat\/es\/wp-json\/wp\/v2\/product\/86355","targetHints":{"allow":["GET"]}}],"collection":[{"href":"https:\/\/www.claret.cat\/es\/wp-json\/wp\/v2\/product"}],"about":[{"href":"https:\/\/www.claret.cat\/es\/wp-json\/wp\/v2\/types\/product"}],"wp:featuredmedia":[{"embeddable":true,"href":"https:\/\/www.claret.cat\/es\/wp-json\/wp\/v2\/media\/349778"}],"wp:attachment":[{"href":"https:\/\/www.claret.cat\/es\/wp-json\/wp\/v2\/media?parent=86355"}],"wp:term":[{"taxonomy":"product_brand","embeddable":true,"href":"https:\/\/www.claret.cat\/es\/wp-json\/wp\/v2\/product_brand?post=86355"},{"taxonomy":"product_cat","embeddable":true,"href":"https:\/\/www.claret.cat\/es\/wp-json\/wp\/v2\/product_cat?post=86355"},{"taxonomy":"product_tag","embeddable":true,"href":"https:\/\/www.claret.cat\/es\/wp-json\/wp\/v2\/product_tag?post=86355"}],"curies":[{"name":"wp","href":"https:\/\/api.w.org\/{rel}","templated":true}]}}