{"id":86358,"date":"2022-10-11T17:51:25","date_gmt":"2022-10-11T15:51:25","guid":{"rendered":"http:\/\/dev.claret.cat\/producte\/deja-que-resuene\/"},"modified":"2024-05-02T16:08:04","modified_gmt":"2024-05-02T14:08:04","slug":"deja-que-resuene-9788418303685","status":"publish","type":"product","link":"https:\/\/www.claret.cat\/es\/libro\/deja-que-resuene-9788418303685\/","title":{"rendered":"DEJA QUE RESUENE&#8230;"},"content":{"rendered":"<p>Jes\u00fas era un gran narrador y, de hecho, la gente lo escuchaba con agrado.<\/p>\n<p>Utilizaba diversos modos de expresar a la gente el mensaje que tra\u00eda: el Reino de Dios. Uno de esos modos de expresi\u00f3n es a trav\u00e9s de par\u00e1bolas.<\/p>\n<p>Este libro quiere mirar a las par\u00e1bolas de Jes\u00fas, contemplar algunas de ellas y sacar lecciones para nosotros. No es una narraci\u00f3n exeg\u00e9tica, ni de amplitud de miras, sino un contemplar sencillamente algunas par\u00e1bolas del Evangelio, tratando de ver su actualidad.<\/p>\n<p>Este puede ser un camino vivo para que podamos crecer en nuestra fe.<\/p>\n","protected":false},"excerpt":{"rendered":"<p>HERN\u00c1NDEZ GALLO, MARIO CARMELO; OCD<\/p>\n","protected":false},"featured_media":451126,"template":"","meta":{"_acf_changed":false,"om_disable_all_campaigns":false,"rs_blank_template":"","rs_page_bg_color":"","slide_template_v7":"","inline_featured_image":false,"_monsterinsights_skip_tracking":false,"_monsterinsights_sitenote_active":false,"_monsterinsights_sitenote_note":"","_monsterinsights_sitenote_category":0},"product_brand":[],"product_cat":[485,232,200,384],"product_tag":[],"class_list":{"0":"post-86358","1":"product","2":"type-product","3":"status-publish","4":"has-post-thumbnail","6":"product_cat-autores-espiritualidad-1_espiritualidad","7":"product_cat-autors-espiritualitat","8":"product_cat-literatura-sapiencial","9":"product_cat-literatura-sapiencial-biblia-1_espiritualidad","11":"first","12":"instock","13":"taxable","14":"shipping-taxable","15":"purchasable","16":"product-type-simple"},"acf":{"editorial":[{"ID":6309,"post_author":"3","post_date":"2022-07-28 17:49:25","post_date_gmt":"2022-07-28 15:49:25","post_content":"","post_title":"Monte Carmelo","post_excerpt":"","post_status":"publish","comment_status":"closed","ping_status":"closed","post_password":"","post_name":"monte-carmelo","to_ping":"","pinged":"","post_modified":"2022-07-28 17:49:25","post_modified_gmt":"2022-07-28 15:49:25","post_content_filtered":"","post_parent":0,"guid":"http:\/\/dev.claret.cat\/editorial\/monte-carmelo\/","menu_order":0,"post_type":"editorial","post_mime_type":"","comment_count":"0","filter":"raw"}],"autor":"HERN\u00c1NDEZ GALLO, MARIO CARMELO; OCD","codart":"841830368","libros-coleccion":"Amigos de Orar","ediciones":"1","encuadernacion":"R\u00fastica","fecha_de_publicacion":"01\/07\/2021","novedad":"1","paginas":"140","subtitulo":"ECOS DE ALGUNAS PAR\u00c1BOLAS DE JES\u00daS","orden":"0","portada":"0","idioma":"spa","autores-libros":[{"ID":166086,"post_author":"3","post_date":"2022-10-14 18:00:19","post_date_gmt":"2022-10-14 16:00:19","post_content":"","post_title":"OCD","post_excerpt":"","post_status":"publish","comment_status":"closed","ping_status":"closed","post_password":"","post_name":"ocd","to_ping":"","pinged":"","post_modified":"2022-10-14 18:00:19","post_modified_gmt":"2022-10-14 16:00:19","post_content_filtered":"","post_parent":0,"guid":"http:\/\/dev.claret.cat\/autor\/ocd\/","menu_order":0,"post_type":"autor","post_mime_type":"","comment_count":"0","filter":"raw"},{"ID":163966,"post_author":"3","post_date":"2022-10-14 17:43:17","post_date_gmt":"2022-10-14 15:43:17","post_content":"","post_title":"MARIO CARMELO HERN\u00c1NDEZ GALLO","post_excerpt":"","post_status":"publish","comment_status":"closed","ping_status":"closed","post_password":"","post_name":"mario-carmelo-hernandez-gallo","to_ping":"","pinged":"","post_modified":"2022-10-14 17:43:17","post_modified_gmt":"2022-10-14 15:43:17","post_content_filtered":"","post_parent":0,"guid":"http:\/\/dev.claret.cat\/autor\/mario-carmelo-hernandez-gallo\/","menu_order":0,"post_type":"autor","post_mime_type":"","comment_count":"0","filter":"raw"}]},"aioseo_notices":[],"_links":{"self":[{"href":"https:\/\/www.claret.cat\/es\/wp-json\/wp\/v2\/product\/86358","targetHints":{"allow":["GET"]}}],"collection":[{"href":"https:\/\/www.claret.cat\/es\/wp-json\/wp\/v2\/product"}],"about":[{"href":"https:\/\/www.claret.cat\/es\/wp-json\/wp\/v2\/types\/product"}],"wp:featuredmedia":[{"embeddable":true,"href":"https:\/\/www.claret.cat\/es\/wp-json\/wp\/v2\/media\/451126"}],"wp:attachment":[{"href":"https:\/\/www.claret.cat\/es\/wp-json\/wp\/v2\/media?parent=86358"}],"wp:term":[{"taxonomy":"product_brand","embeddable":true,"href":"https:\/\/www.claret.cat\/es\/wp-json\/wp\/v2\/product_brand?post=86358"},{"taxonomy":"product_cat","embeddable":true,"href":"https:\/\/www.claret.cat\/es\/wp-json\/wp\/v2\/product_cat?post=86358"},{"taxonomy":"product_tag","embeddable":true,"href":"https:\/\/www.claret.cat\/es\/wp-json\/wp\/v2\/product_tag?post=86358"}],"curies":[{"name":"wp","href":"https:\/\/api.w.org\/{rel}","templated":true}]}}