{"id":86388,"date":"2022-10-11T17:51:47","date_gmt":"2022-10-11T15:51:47","guid":{"rendered":"http:\/\/dev.claret.cat\/producte\/block-de-notas-con-anillas-boligrafo-pon-tu-esperanza\/"},"modified":"2025-05-15T11:59:13","modified_gmt":"2025-05-15T09:59:13","slug":"block-de-notas-con-anillas-boligrafo-pon-tu-esperanza-9780661920015","status":"publish","type":"product","link":"https:\/\/www.claret.cat\/es\/libro\/block-de-notas-con-anillas-boligrafo-pon-tu-esperanza-9780661920015\/","title":{"rendered":"BLOCK DE NOTAS CON ANILLAS + BOL\u00cdGRAFO &#8216;PON TU ESPERANZA&#8217;"},"content":{"rendered":"<p>Este pack de block de notas en espiral + bol\u00edgrafo es ideal para tomar tus notas en cualquier situaci\u00f3n. El bol\u00edgrafo viene bien sujeto al block con una goma el\u00e1stica.<\/p>\n<p>Block de notas:<br \/>Medidas: 70&#215;190<br \/>P\u00e1ginas: 60 hojas, 120 p\u00e1ginas<br \/>Vers\u00edculos en cada p\u00e1gina<br \/>Tapa dura<br \/>Bol\u00edgrafo sujeto con un el\u00e1stico.<\/p>\n<p>Texto del block de notas:<br \/>Pon tu esperanza en el Se\u00f1or; ten valor y cobra \u00e1nimo. Salmos 27:14<\/p>\n","protected":false},"excerpt":{"rendered":"<p>GIFTS AND LIGHT<\/p>\n","protected":false},"featured_media":1021685,"template":"","meta":{"_acf_changed":false,"om_disable_all_campaigns":false,"rs_blank_template":"","rs_page_bg_color":"","slide_template_v7":"","inline_featured_image":false,"_monsterinsights_skip_tracking":false,"_monsterinsights_sitenote_active":false,"_monsterinsights_sitenote_note":"","_monsterinsights_sitenote_category":0},"product_brand":[],"product_cat":[90,540],"product_tag":[],"class_list":{"0":"post-86388","1":"product","2":"type-product","3":"status-publish","4":"has-post-thumbnail","6":"product_cat-altres","7":"product_cat-otros","9":"first","10":"outofstock","11":"taxable","12":"shipping-taxable","13":"purchasable","14":"product-type-simple"},"acf":{"autor":"GIFTS AND LIGHT","codart":"066192001","libros-coleccion":"","ediciones":"1","encuadernacion":"R\u00fastica","fecha_de_publicacion":"30\/06\/2021","novedad":"1","paginas":"0","subtitulo":"","orden":"0","portada":"0","idioma":"spa","editorial":[{"ID":147367,"post_author":"3","post_date":"2022-10-14 11:50:02","post_date_gmt":"2022-10-14 09:50:02","post_content":"","post_title":"ABBA","post_excerpt":"","post_status":"publish","comment_status":"closed","ping_status":"closed","post_password":"","post_name":"abba","to_ping":"","pinged":"","post_modified":"2022-10-14 11:50:02","post_modified_gmt":"2022-10-14 09:50:02","post_content_filtered":"","post_parent":0,"guid":"http:\/\/dev.claret.cat\/editorial\/abba\/","menu_order":0,"post_type":"editorial","post_mime_type":"","comment_count":"0","filter":"raw"}],"autores-libros":[{"ID":156876,"post_author":"3","post_date":"2022-10-14 15:24:19","post_date_gmt":"2022-10-14 13:24:19","post_content":"","post_title":"GIFTS AND LIGHT","post_excerpt":"","post_status":"publish","comment_status":"closed","ping_status":"closed","post_password":"","post_name":"gifts-and-light","to_ping":"","pinged":"","post_modified":"2022-10-14 15:24:19","post_modified_gmt":"2022-10-14 13:24:19","post_content_filtered":"","post_parent":0,"guid":"http:\/\/dev.claret.cat\/autor\/gifts-and-light\/","menu_order":0,"post_type":"autor","post_mime_type":"","comment_count":"0","filter":"raw"}],"booktrailer":"","resenas":""},"aioseo_notices":[],"_links":{"self":[{"href":"https:\/\/www.claret.cat\/es\/wp-json\/wp\/v2\/product\/86388","targetHints":{"allow":["GET"]}}],"collection":[{"href":"https:\/\/www.claret.cat\/es\/wp-json\/wp\/v2\/product"}],"about":[{"href":"https:\/\/www.claret.cat\/es\/wp-json\/wp\/v2\/types\/product"}],"wp:featuredmedia":[{"embeddable":true,"href":"https:\/\/www.claret.cat\/es\/wp-json\/wp\/v2\/media\/1021685"}],"wp:attachment":[{"href":"https:\/\/www.claret.cat\/es\/wp-json\/wp\/v2\/media?parent=86388"}],"wp:term":[{"taxonomy":"product_brand","embeddable":true,"href":"https:\/\/www.claret.cat\/es\/wp-json\/wp\/v2\/product_brand?post=86388"},{"taxonomy":"product_cat","embeddable":true,"href":"https:\/\/www.claret.cat\/es\/wp-json\/wp\/v2\/product_cat?post=86388"},{"taxonomy":"product_tag","embeddable":true,"href":"https:\/\/www.claret.cat\/es\/wp-json\/wp\/v2\/product_tag?post=86388"}],"curies":[{"name":"wp","href":"https:\/\/api.w.org\/{rel}","templated":true}]}}