{"id":86394,"date":"2022-10-11T17:51:51","date_gmt":"2022-10-11T15:51:51","guid":{"rendered":"http:\/\/dev.claret.cat\/producte\/la-espiritualidad-del-corazon-de-cristo\/"},"modified":"2024-05-02T15:39:07","modified_gmt":"2024-05-02T13:39:07","slug":"la-espiritualidad-del-corazon-de-cristo-9788422022022","status":"publish","type":"product","link":"https:\/\/www.claret.cat\/es\/libro\/la-espiritualidad-del-corazon-de-cristo-9788422022022\/","title":{"rendered":"LA ESPIRITUALIDAD DEL CORAZ\u00d3N DE CRISTO"},"content":{"rendered":"<p>En este librito, joya de la espiritualidad, Charles Andr\u00e9 Bernard nos acerca al misterio del Coraz\u00f3n de Cristo desde los frutos de la contemplaci\u00f3n de la escena del Coraz\u00f3n traspasado. Seg\u00fan la enc\u00edclica Haurietis aquas, tres son los aspectos principales que podemos reconocer en el Coraz\u00f3n de Cristo: la imagen del Verbo encarnado, el testimonio de la redenci\u00f3n y el s\u00edmbolo del amor. Siguiendo esta triple valencia del misterio del Sagrado Coraz\u00f3n, el autor recorre las principales etapas de la contemplaci\u00f3n cristiana del Coraz\u00f3n de Cristo a lo largo de los siglos, invit\u00e1ndonos a redescubrir tambi\u00e9n hoy sus insondables riquezas.<\/p>\n","protected":false},"excerpt":{"rendered":"<p>BERNARD, CHARLES ANDR\u00c9<\/p>\n","protected":false},"featured_media":840246,"template":"","meta":{"_acf_changed":false,"om_disable_all_campaigns":false,"rs_blank_template":"","rs_page_bg_color":"","slide_template_v7":"","inline_featured_image":false,"_monsterinsights_skip_tracking":false,"_monsterinsights_sitenote_active":false,"_monsterinsights_sitenote_note":"","_monsterinsights_sitenote_category":0},"product_brand":[],"product_cat":[414,276,275,413],"product_tag":[],"class_list":{"0":"post-86394","1":"product","2":"type-product","3":"status-publish","4":"has-post-thumbnail","6":"product_cat-cristologia-teologia-1_espiritualidad","7":"product_cat-cristologia-teologia","8":"product_cat-fonamental","9":"product_cat-fundamental","11":"first","12":"instock","13":"taxable","14":"shipping-taxable","15":"purchasable","16":"product-type-simple"},"acf":{"editorial":[{"ID":6142,"post_author":"3","post_date":"2022-07-28 17:45:47","post_date_gmt":"2022-07-28 15:45:47","post_content":"","post_title":"BIBLIOTECA AUTORES CRI   B.A.C","post_excerpt":"","post_status":"publish","comment_status":"closed","ping_status":"closed","post_password":"","post_name":"biblioteca-autores-cri-b-a-c","to_ping":"","pinged":"","post_modified":"2022-07-28 17:45:47","post_modified_gmt":"2022-07-28 15:45:47","post_content_filtered":"","post_parent":0,"guid":"http:\/\/dev.claret.cat\/editorial\/biblioteca-autores-cri-b-a-c\/","menu_order":0,"post_type":"editorial","post_mime_type":"","comment_count":"0","filter":"raw"}],"autor":"BERNARD, CHARLES ANDR\u00c9","codart":"842202202","libros-coleccion":"ESTUDIOS Y ENSAYOS","ediciones":"1","encuadernacion":"R\u00fastica","fecha_de_publicacion":"01\/06\/2021","novedad":"1","paginas":"144","subtitulo":"","orden":"0","portada":"0","idioma":"spa","autores-libros":[{"ID":152754,"post_author":"3","post_date":"2022-10-14 14:51:18","post_date_gmt":"2022-10-14 12:51:18","post_content":"","post_title":"CHARLES ANDR\u00c9 BERNARD","post_excerpt":"","post_status":"publish","comment_status":"closed","ping_status":"closed","post_password":"","post_name":"charles-andre-bernard","to_ping":"","pinged":"","post_modified":"2022-10-14 14:51:18","post_modified_gmt":"2022-10-14 12:51:18","post_content_filtered":"","post_parent":0,"guid":"http:\/\/dev.claret.cat\/autor\/charles-andre-bernard\/","menu_order":0,"post_type":"autor","post_mime_type":"","comment_count":"0","filter":"raw"}]},"aioseo_notices":[],"_links":{"self":[{"href":"https:\/\/www.claret.cat\/es\/wp-json\/wp\/v2\/product\/86394","targetHints":{"allow":["GET"]}}],"collection":[{"href":"https:\/\/www.claret.cat\/es\/wp-json\/wp\/v2\/product"}],"about":[{"href":"https:\/\/www.claret.cat\/es\/wp-json\/wp\/v2\/types\/product"}],"wp:featuredmedia":[{"embeddable":true,"href":"https:\/\/www.claret.cat\/es\/wp-json\/wp\/v2\/media\/840246"}],"wp:attachment":[{"href":"https:\/\/www.claret.cat\/es\/wp-json\/wp\/v2\/media?parent=86394"}],"wp:term":[{"taxonomy":"product_brand","embeddable":true,"href":"https:\/\/www.claret.cat\/es\/wp-json\/wp\/v2\/product_brand?post=86394"},{"taxonomy":"product_cat","embeddable":true,"href":"https:\/\/www.claret.cat\/es\/wp-json\/wp\/v2\/product_cat?post=86394"},{"taxonomy":"product_tag","embeddable":true,"href":"https:\/\/www.claret.cat\/es\/wp-json\/wp\/v2\/product_tag?post=86394"}],"curies":[{"name":"wp","href":"https:\/\/api.w.org\/{rel}","templated":true}]}}