{"id":86412,"date":"2022-10-11T17:52:04","date_gmt":"2022-10-11T15:52:04","guid":{"rendered":"http:\/\/dev.claret.cat\/producte\/por-que-enfermamos\/"},"modified":"2023-01-28T17:03:38","modified_gmt":"2023-01-28T16:03:38","slug":"por-que-enfermamos-9788441440968","status":"publish","type":"product","link":"https:\/\/www.claret.cat\/es\/libro\/por-que-enfermamos-9788441440968\/","title":{"rendered":"\u00bfPOR QU\u00c9 ENFERMAMOS?"},"content":{"rendered":"<p>Somos una sociedad enferma. En todo el mundo proliferan trastornos que hace d\u00e9cadas se consideraban infrecuentes.<\/p>\n<p> \u2022 Diabetes<br \/> \u2022 Enfermedades coronarias<br \/> \u2022 S\u00edndrome de Alzheimer<br \/> \u2022 C\u00e1ncer<\/p>\n<p> Estas enfermedades afectan a millones de nuevas v\u00edctimas cada a\u00f1o. Sin contar a quienes sufren de hipertensi\u00f3n, sobrepeso h\u00edgado graso, diversas formas de demencia, bajos niveles detestosterona, problemas de fertilidad, etc. Todas y cada una de estas dolencias tienen su origen o est\u00e1n agudizados por un factor conocido como resistencia a la insulina.<br \/> En \u00bfPor qu\u00e9 enfermamos? el reconocido cient\u00edfi co Dr. Bikman desentra\u00f1a por qu\u00e9 la resistencia a la insulina se ha vuelto un fen\u00f3meno tan prevalente y explica por qu\u00e9 es tan importante. Si no tomamos conciencia de ello y actuamos para contrarrestar esa tendencia, algunas de las enfermedades cr\u00f3nicas m\u00e1s graves continuar\u00e1n su expansi\u00f3n a un ritmo cada vez mayor. La buena noticia es que es un enemigo al que podemos derrotar y Bikman propone un plan sustentado en evidencias emp\u00edricas, con el fin demdetener y prevenir la insulinorresistencia, complementado con listas de alimentos, sugerencias de men\u00fas saludables, gu\u00edas y consejos b\u00e1sicos para la actividad f\u00edsica y mucho m\u00e1s.<\/p>\n","protected":false},"excerpt":{"rendered":"<p>BIKMAN, BENJAMIN<\/p>\n","protected":false},"featured_media":372574,"template":"","meta":{"_acf_changed":false,"om_disable_all_campaigns":false,"rs_blank_template":"","rs_page_bg_color":"","slide_template_v7":"","inline_featured_image":false,"_monsterinsights_skip_tracking":false,"_monsterinsights_sitenote_active":false,"_monsterinsights_sitenote_note":"","_monsterinsights_sitenote_category":0},"product_brand":[],"product_cat":[547,97],"product_tag":[],"class_list":{"0":"post-86412","1":"product","2":"type-product","3":"status-publish","4":"has-post-thumbnail","6":"product_cat-salud","7":"product_cat-salut","9":"first","10":"instock","11":"taxable","12":"shipping-taxable","13":"purchasable","14":"product-type-simple"},"acf":{"autor":"BIKMAN, BENJAMIN","codart":"844144096","libros-coleccion":"Plus vitae","ediciones":"1","encuadernacion":"R\u00fastica","fecha_de_publicacion":"01\/06\/2021","novedad":"1","paginas":"320","subtitulo":"DESCUBRE Y APRENDE A COMBATIR LA EPIDEMIA OCULTA TRAS LAS ENFERMEDADES CR\u00d3NICAS","orden":"0","portada":"0","idioma":"spa","editorial":[{"ID":147770,"post_author":"3","post_date":"2022-10-14 11:53:05","post_date_gmt":"2022-10-14 09:53:05","post_content":"","post_title":"EDAF","post_excerpt":"","post_status":"publish","comment_status":"closed","ping_status":"closed","post_password":"","post_name":"edaf","to_ping":"","pinged":"","post_modified":"2022-10-14 11:53:05","post_modified_gmt":"2022-10-14 09:53:05","post_content_filtered":"","post_parent":0,"guid":"http:\/\/dev.claret.cat\/editorial\/edaf\/","menu_order":0,"post_type":"editorial","post_mime_type":"","comment_count":"0","filter":"raw"}],"autores-libros":[{"ID":151564,"post_author":"3","post_date":"2022-10-14 14:41:52","post_date_gmt":"2022-10-14 12:41:52","post_content":"","post_title":"BENJAMIN BIKMAN","post_excerpt":"","post_status":"publish","comment_status":"closed","ping_status":"closed","post_password":"","post_name":"benjamin-bikman","to_ping":"","pinged":"","post_modified":"2022-10-14 14:41:52","post_modified_gmt":"2022-10-14 12:41:52","post_content_filtered":"","post_parent":0,"guid":"http:\/\/dev.claret.cat\/autor\/benjamin-bikman\/","menu_order":0,"post_type":"autor","post_mime_type":"","comment_count":"0","filter":"raw"}]},"aioseo_notices":[],"_links":{"self":[{"href":"https:\/\/www.claret.cat\/es\/wp-json\/wp\/v2\/product\/86412","targetHints":{"allow":["GET"]}}],"collection":[{"href":"https:\/\/www.claret.cat\/es\/wp-json\/wp\/v2\/product"}],"about":[{"href":"https:\/\/www.claret.cat\/es\/wp-json\/wp\/v2\/types\/product"}],"wp:featuredmedia":[{"embeddable":true,"href":"https:\/\/www.claret.cat\/es\/wp-json\/wp\/v2\/media\/372574"}],"wp:attachment":[{"href":"https:\/\/www.claret.cat\/es\/wp-json\/wp\/v2\/media?parent=86412"}],"wp:term":[{"taxonomy":"product_brand","embeddable":true,"href":"https:\/\/www.claret.cat\/es\/wp-json\/wp\/v2\/product_brand?post=86412"},{"taxonomy":"product_cat","embeddable":true,"href":"https:\/\/www.claret.cat\/es\/wp-json\/wp\/v2\/product_cat?post=86412"},{"taxonomy":"product_tag","embeddable":true,"href":"https:\/\/www.claret.cat\/es\/wp-json\/wp\/v2\/product_tag?post=86412"}],"curies":[{"name":"wp","href":"https:\/\/api.w.org\/{rel}","templated":true}]}}