{"id":86475,"date":"2022-10-11T17:52:52","date_gmt":"2022-10-11T15:52:52","guid":{"rendered":"http:\/\/dev.claret.cat\/producte\/les-coses-importants\/"},"modified":"2023-01-28T21:48:25","modified_gmt":"2023-01-28T20:48:25","slug":"les-coses-importants-9788417742478","status":"publish","type":"product","link":"https:\/\/www.claret.cat\/es\/libro\/les-coses-importants-9788417742478\/","title":{"rendered":"LES COSES IMPORTANTS"},"content":{"rendered":"<p>Archibaldo es un ni\u00f1o tierno, listo, gracioso, reflexivo y, sobre todo, muy observador.<br \/> En este libro, el peque\u00f1o da una vuelta por la ciudad y se detiene a mirar los escaparates repletos de cosas. Algunas de ellas le resultan muy apetecibles, como, por ejemplo, los juguetes. Sin embargo, no tiene muy claro que todas esas cosas sean tan importantes como parecen, pues al cabo de un tiempo terminan arrinconadas en el fondo de un caj\u00f3n o guardadas en un armario.<\/p>\n<p> Cuando Archibaldo sale a pasear por el campo se da cuenta de que all\u00ed ocurre exactamente lo contrario. No puede guardar nada. Ni el viento juguet\u00f3n ni el canto del ruise\u00f1or ni las moras escondidas ni la nieve ni el agua y, menos que menos, el sol o la luna.<\/p>\n<p> A lo largo de la extensa, po\u00e9tica y divertida colecci\u00f3n de cuentos, el protagonista ha aprendido a querer a su hermanita, a preguntarse por el futuro, a indagar en sus posibilidades y su talento, a aceptar la diversidad, a lidiar con sus inseguridades, sus temores y mucho m\u00e1s.<br \/> Ahora Archibaldo descubre que esas todas las cosas que encuentra en la Naturaleza le acompa\u00f1an, le cuidan y nunca se olvidan de \u00e9l. Y as\u00ed entiende que no tienen precio y tampoco le pertenecen.<\/p>\n<p> Este libro es perfecto para que los ni\u00f1os y los adultos  hablen sobre la diferencia entre la vida urbana y la vida al aire libre, sobre el significado de las posesiones materiales y la riqueza de las peque\u00f1as cosas comunes y corrientes que nos ofrece este mundo cada d\u00eda. <br \/> Una historia con aroma a lluvia, sabor a manzanas y alas de libertad.<br \/> Una historia que importa. Y mucho.<\/p>\n","protected":false},"excerpt":{"rendered":"<p>DESBORDES, ASTRID<\/p>\n","protected":false},"featured_media":86476,"template":"","meta":{"_acf_changed":false,"om_disable_all_campaigns":false,"rs_blank_template":"","rs_page_bg_color":"","slide_template_v7":"","inline_featured_image":false,"_monsterinsights_skip_tracking":false,"_monsterinsights_sitenote_active":false,"_monsterinsights_sitenote_note":"","_monsterinsights_sitenote_category":0},"product_brand":[],"product_cat":[131],"product_tag":[],"class_list":{"0":"post-86475","1":"product","2":"type-product","3":"status-publish","4":"has-post-thumbnail","6":"product_cat-contes-per-infants-0-6-anys","8":"first","9":"instock","10":"taxable","11":"shipping-taxable","12":"purchasable","13":"product-type-simple"},"acf":{"autor":"DESBORDES, ASTRID","codart":"841774247","libros-coleccion":"Kokinos","ediciones":"1","encuadernacion":"Carton\u00e9","fecha_de_publicacion":"01\/07\/2021","novedad":"1","paginas":"45","subtitulo":"","orden":"0","portada":"0","idioma":"cat","editorial":[{"ID":147996,"post_author":"3","post_date":"2022-10-14 11:54:50","post_date_gmt":"2022-10-14 09:54:50","post_content":"","post_title":"Editorial K\u00f3kinos","post_excerpt":"","post_status":"publish","comment_status":"closed","ping_status":"closed","post_password":"","post_name":"editorial-kokinos","to_ping":"","pinged":"","post_modified":"2022-10-14 11:54:50","post_modified_gmt":"2022-10-14 09:54:50","post_content_filtered":"","post_parent":0,"guid":"http:\/\/dev.claret.cat\/editorial\/editorial-kokinos\/","menu_order":0,"post_type":"editorial","post_mime_type":"","comment_count":"0","filter":"raw"}],"autores-libros":[{"ID":151206,"post_author":"3","post_date":"2022-10-14 14:39:03","post_date_gmt":"2022-10-14 12:39:03","post_content":"","post_title":"ASTRID DESBORDES","post_excerpt":"","post_status":"publish","comment_status":"closed","ping_status":"closed","post_password":"","post_name":"astrid-desbordes","to_ping":"","pinged":"","post_modified":"2022-10-14 14:39:03","post_modified_gmt":"2022-10-14 12:39:03","post_content_filtered":"","post_parent":0,"guid":"http:\/\/dev.claret.cat\/autor\/astrid-desbordes\/","menu_order":0,"post_type":"autor","post_mime_type":"","comment_count":"0","filter":"raw"}]},"aioseo_notices":[],"_links":{"self":[{"href":"https:\/\/www.claret.cat\/es\/wp-json\/wp\/v2\/product\/86475","targetHints":{"allow":["GET"]}}],"collection":[{"href":"https:\/\/www.claret.cat\/es\/wp-json\/wp\/v2\/product"}],"about":[{"href":"https:\/\/www.claret.cat\/es\/wp-json\/wp\/v2\/types\/product"}],"wp:featuredmedia":[{"embeddable":true,"href":"https:\/\/www.claret.cat\/es\/wp-json\/wp\/v2\/media\/86476"}],"wp:attachment":[{"href":"https:\/\/www.claret.cat\/es\/wp-json\/wp\/v2\/media?parent=86475"}],"wp:term":[{"taxonomy":"product_brand","embeddable":true,"href":"https:\/\/www.claret.cat\/es\/wp-json\/wp\/v2\/product_brand?post=86475"},{"taxonomy":"product_cat","embeddable":true,"href":"https:\/\/www.claret.cat\/es\/wp-json\/wp\/v2\/product_cat?post=86475"},{"taxonomy":"product_tag","embeddable":true,"href":"https:\/\/www.claret.cat\/es\/wp-json\/wp\/v2\/product_tag?post=86475"}],"curies":[{"name":"wp","href":"https:\/\/api.w.org\/{rel}","templated":true}]}}