{"id":86490,"date":"2022-10-11T17:53:03","date_gmt":"2022-10-11T15:53:03","guid":{"rendered":"http:\/\/dev.claret.cat\/producte\/alquimia-y-religion\/"},"modified":"2023-07-06T17:06:16","modified_gmt":"2023-07-06T15:06:16","slug":"alquimia-y-religion-9788418708572","status":"publish","type":"product","link":"https:\/\/www.claret.cat\/es\/libro\/alquimia-y-religion-9788418708572\/","title":{"rendered":"ALQUIMIA Y RELIGI\u00d3N"},"content":{"rendered":"<p>En esta edici\u00f3n revisada de Alquimia y religi\u00f3n, Raimon Arola ampl\u00eda el volumen original con sus investigaciones acerca de \u00ablo oculto\u00bb, situando este concepto como lo que est\u00e1 detr\u00e1s de un velo, alej\u00e1ndose as\u00ed de lo que se conoce como ocultismo, el movimiento del siglo XIX, que, en general, fue una degeneraci\u00f3n de las ciencias tradicionales. <\/p>\n<p> En la primera parte del libro se incide en el estudio de la alquimia tal y como se conform\u00f3 en la Edad Moderna, en especial a partir de Paracelso, cuando se convirti\u00f3 en el lugar donde algunos sabios concentraron un tesoro de conocimiento y desarrollo espiritual que, seg\u00fan ellos, deb\u00eda llegar a convertirse en el n\u00facleo interior y secreto de la tradici\u00f3n cristiana, as\u00ed como el impulso necesario para una reforma religiosa. Con el racionalismo que se impuso en Europa a finales del siglo XVII, a esta ciencia o arte se la encerr\u00f3 en un caj\u00f3n de sastre ;ocultismo, espiritismo, esoterismo, etc.; y se la consider\u00f3 como algo ajeno a la religi\u00f3n. <\/p>\n<p> Sin embargo, tras la aparente locura de los antiguos alquimistas se esconde una ense\u00f1anza que merece ser tenida en cuenta por los fil\u00f3sofos e historiadores de las religiones, de las artes y de las ciencias actuales. Sus postulados esclarecen registros y modos del ser humano que han permanecido olvidados o enmarcados en campos disciplinares ajenos a la vida del esp\u00edritu. Con este olvido, se ha marginado del pensamiento occidental su universo simb\u00f3lico m\u00e1s \u00edntimo, expresado b\u00e1sicamente por medio de im\u00e1genes.<\/p>\n","protected":false},"excerpt":{"rendered":"<p>AROLA, RAIMON<\/p>\n","protected":false},"featured_media":86491,"template":"","meta":{"_acf_changed":false,"om_disable_all_campaigns":false,"rs_blank_template":"","rs_page_bg_color":"","slide_template_v7":"","inline_featured_image":false,"_monsterinsights_skip_tracking":false,"_monsterinsights_sitenote_active":false,"_monsterinsights_sitenote_note":"","_monsterinsights_sitenote_category":0},"product_brand":[],"product_cat":[544,94,92,542],"product_tag":[],"class_list":{"0":"post-86490","1":"product","2":"type-product","3":"status-publish","4":"has-post-thumbnail","6":"product_cat-religiones","7":"product_cat-religions","8":"product_cat-vida-religiosa","9":"product_cat-vida-religiosa-1_espiritualidad-spa","11":"first","12":"instock","13":"taxable","14":"shipping-taxable","15":"purchasable","16":"product-type-simple"},"acf":{"editorial":[{"ID":6365,"post_author":"3","post_date":"2022-07-28 17:50:37","post_date_gmt":"2022-07-28 15:50:37","post_content":"","post_title":"Siruela","post_excerpt":"","post_status":"publish","comment_status":"closed","ping_status":"closed","post_password":"","post_name":"siruela","to_ping":"","pinged":"","post_modified":"2022-07-28 17:50:37","post_modified_gmt":"2022-07-28 15:50:37","post_content_filtered":"","post_parent":0,"guid":"http:\/\/dev.claret.cat\/editorial\/siruela\/","menu_order":0,"post_type":"editorial","post_mime_type":"","comment_count":"0","filter":"raw"}],"autor":"AROLA, RAIMON","codart":"841870857","libros-coleccion":"El \u00c1rbol del Para\u00edso","ediciones":"1","encuadernacion":"R\u00fastica","fecha_de_publicacion":"01\/06\/2021","novedad":"1","paginas":"275","subtitulo":"LO OCULTO EN LOS SIGLOS XVI Y XVII","orden":"0","portada":"0","idioma":"spa","autores-libros":[{"ID":167641,"post_author":"3","post_date":"2022-10-14 18:12:50","post_date_gmt":"2022-10-14 16:12:50","post_content":"","post_title":"RAIMON AROLA","post_excerpt":"","post_status":"publish","comment_status":"closed","ping_status":"closed","post_password":"","post_name":"raimon-arola","to_ping":"","pinged":"","post_modified":"2022-10-14 18:12:50","post_modified_gmt":"2022-10-14 16:12:50","post_content_filtered":"","post_parent":0,"guid":"http:\/\/dev.claret.cat\/autor\/raimon-arola\/","menu_order":0,"post_type":"autor","post_mime_type":"","comment_count":"0","filter":"raw"}]},"aioseo_notices":[],"_links":{"self":[{"href":"https:\/\/www.claret.cat\/es\/wp-json\/wp\/v2\/product\/86490","targetHints":{"allow":["GET"]}}],"collection":[{"href":"https:\/\/www.claret.cat\/es\/wp-json\/wp\/v2\/product"}],"about":[{"href":"https:\/\/www.claret.cat\/es\/wp-json\/wp\/v2\/types\/product"}],"wp:featuredmedia":[{"embeddable":true,"href":"https:\/\/www.claret.cat\/es\/wp-json\/wp\/v2\/media\/86491"}],"wp:attachment":[{"href":"https:\/\/www.claret.cat\/es\/wp-json\/wp\/v2\/media?parent=86490"}],"wp:term":[{"taxonomy":"product_brand","embeddable":true,"href":"https:\/\/www.claret.cat\/es\/wp-json\/wp\/v2\/product_brand?post=86490"},{"taxonomy":"product_cat","embeddable":true,"href":"https:\/\/www.claret.cat\/es\/wp-json\/wp\/v2\/product_cat?post=86490"},{"taxonomy":"product_tag","embeddable":true,"href":"https:\/\/www.claret.cat\/es\/wp-json\/wp\/v2\/product_tag?post=86490"}],"curies":[{"name":"wp","href":"https:\/\/api.w.org\/{rel}","templated":true}]}}