{"id":86541,"date":"2022-10-11T17:53:42","date_gmt":"2022-10-11T15:53:42","guid":{"rendered":"http:\/\/dev.claret.cat\/producte\/hi-havia-una-vegada-a-hollywood\/"},"modified":"2024-01-31T16:41:42","modified_gmt":"2024-01-31T15:41:42","slug":"hi-havia-una-vegada-a-hollywood-9788466428002","status":"publish","type":"product","link":"https:\/\/www.claret.cat\/es\/libro\/hi-havia-una-vegada-a-hollywood-9788466428002\/","title":{"rendered":"HI HAVIA UNA VEGADA A HOLLYWOOD"},"content":{"rendered":"<p>En Rick Dalton, un actor televisiu en hores baixes que ofega les penes en l&#8217;alcohol, i en Cliff Booth, el seu doble en escenes d&#8217;acci\u00f3, s\u00f3n els antiherois d&#8217;aquesta nove?la que va molt m\u00e9s enll\u00e0 del final que vam veure al cinema. Perqu\u00e8 Hi havia una vegada a Hollywood \u00e9s el sorprenent debut de Quentin Tarantino en la ficci\u00f3 liter\u00e0ria. Tots els nous personatges, escenes i subtrames que ens ofereix aqu\u00ed \u2013amb di\u00e0legs i descripcions marca de la casa\u2013, no nom\u00e9s expandeixen l&#8217;univers f\u00edlmic de l&#8217;autor, sin\u00f3 que serveixen tamb\u00e9 per presentar-nos un narrador d&#8217;un talent excepcional. Quentin Tarantino \u00e9s probablement el cineasta m\u00e9s ic\u00f2nic dels \u00faltims trenta anys, un narrador espectacular que fins aquest moment havia abocat el seu talent al cinema per\u00f2 que ara enceta el cam\u00ed com a novel\u00b7lista amb una obra sorprenent, hilarant, deliciosa i brutal a parts iguals.<br \/> \u00a0<br \/> RICK DALTON \u2013 Abans tenia la seva pr\u00f2pia s\u00e8rie de televisi\u00f3, per\u00f2 ara en Rick \u00e9s un actor acabat que nom\u00e9s fa papers de dolent i ofega les penes amb whisky. Una trucada des de Roma decidir\u00e0 el seu dest\u00ed?<br \/> CLIFF BOOTH \u2013 \u00c9s el doble d&#8217;en Rick i l&#8217;home m\u00e9s infame en qualsevol plat\u00f3 de cinema, perqu\u00e8 corre el rumor que ha sortit impune d&#8217;un assassinat&#8230;<br \/> SHARON TATE \u2013 Va marxar de Texas per perseguir el seu somni de convertir-se en una estrella de cine i el va fer realitat. Ara la Sharon passa els dies de gl\u00f2ria a Cielo Drive, a Hollywood Hills.<br \/> CHARLES MANSON \u2013 L&#8217;exconvicte t\u00e9 una colla de hippies penjats conven\u00e7uts que \u00e9s el seu l\u00edder espiritual, per\u00f2 ell ho donaria tot per ser una estrella del rock.<br \/> HOLLYWOOD 1969. HO HAURIES D&#8217;HAVER VIST<\/p>\n","protected":false},"excerpt":{"rendered":"<p>TARANTINO, QUENTIN<\/p>\n","protected":false},"featured_media":86542,"template":"","meta":{"_acf_changed":false,"om_disable_all_campaigns":false,"rs_blank_template":"","rs_page_bg_color":"","slide_template_v7":"","inline_featured_image":false,"_monsterinsights_skip_tracking":false,"_monsterinsights_sitenote_active":false,"_monsterinsights_sitenote_note":"","_monsterinsights_sitenote_category":0},"product_brand":[],"product_cat":[127,357],"product_tag":[],"class_list":{"0":"post-86541","1":"product","2":"type-product","3":"status-publish","4":"has-post-thumbnail","6":"product_cat-novella-contemporania","7":"product_cat-novela-contemporanea","9":"first","10":"instock","11":"taxable","12":"shipping-taxable","13":"purchasable","14":"product-type-simple"},"acf":{"editorial":[{"ID":6166,"post_author":"3","post_date":"2022-07-28 17:46:19","post_date_gmt":"2022-07-28 15:46:19","post_content":"","post_title":"Columna CAT","post_excerpt":"","post_status":"publish","comment_status":"closed","ping_status":"closed","post_password":"","post_name":"columna-cat","to_ping":"","pinged":"","post_modified":"2022-07-28 17:46:19","post_modified_gmt":"2022-07-28 15:46:19","post_content_filtered":"","post_parent":0,"guid":"http:\/\/dev.claret.cat\/editorial\/columna-cat\/","menu_order":0,"post_type":"editorial","post_mime_type":"","comment_count":"0","filter":"raw"}],"autor":"TARANTINO, QUENTIN","codart":"846642800","libros-coleccion":"Cl\u00e0ssica","ediciones":"1","encuadernacion":"R\u00fastica","fecha_de_publicacion":"01\/06\/2021","novedad":"1","paginas":"432","subtitulo":"","orden":"0","portada":"0","idioma":"cat","autores-libros":[{"ID":167453,"post_author":"3","post_date":"2022-10-14 18:11:19","post_date_gmt":"2022-10-14 16:11:19","post_content":"","post_title":"QUENTIN TARANTINO","post_excerpt":"","post_status":"publish","comment_status":"closed","ping_status":"closed","post_password":"","post_name":"quentin-tarantino","to_ping":"","pinged":"","post_modified":"2022-10-14 18:11:19","post_modified_gmt":"2022-10-14 16:11:19","post_content_filtered":"","post_parent":0,"guid":"http:\/\/dev.claret.cat\/autor\/quentin-tarantino\/","menu_order":0,"post_type":"autor","post_mime_type":"","comment_count":"0","filter":"raw"}]},"aioseo_notices":[],"_links":{"self":[{"href":"https:\/\/www.claret.cat\/es\/wp-json\/wp\/v2\/product\/86541","targetHints":{"allow":["GET"]}}],"collection":[{"href":"https:\/\/www.claret.cat\/es\/wp-json\/wp\/v2\/product"}],"about":[{"href":"https:\/\/www.claret.cat\/es\/wp-json\/wp\/v2\/types\/product"}],"wp:featuredmedia":[{"embeddable":true,"href":"https:\/\/www.claret.cat\/es\/wp-json\/wp\/v2\/media\/86542"}],"wp:attachment":[{"href":"https:\/\/www.claret.cat\/es\/wp-json\/wp\/v2\/media?parent=86541"}],"wp:term":[{"taxonomy":"product_brand","embeddable":true,"href":"https:\/\/www.claret.cat\/es\/wp-json\/wp\/v2\/product_brand?post=86541"},{"taxonomy":"product_cat","embeddable":true,"href":"https:\/\/www.claret.cat\/es\/wp-json\/wp\/v2\/product_cat?post=86541"},{"taxonomy":"product_tag","embeddable":true,"href":"https:\/\/www.claret.cat\/es\/wp-json\/wp\/v2\/product_tag?post=86541"}],"curies":[{"name":"wp","href":"https:\/\/api.w.org\/{rel}","templated":true}]}}