{"id":8657,"date":"2022-09-30T12:13:32","date_gmt":"2022-09-30T10:13:32","guid":{"rendered":"http:\/\/dev.claret.cat\/producte\/simone-weil-educadora\/"},"modified":"2026-01-13T11:12:10","modified_gmt":"2026-01-13T10:12:10","slug":"simone-weil-educadora-9788491362029","status":"publish","type":"product","link":"https:\/\/www.claret.cat\/es\/libro\/simone-weil-educadora-9788491362029\/","title":{"rendered":"SIMONE WEIL EDUCADORA"},"content":{"rendered":"<p><\/p>\n<p>Simone Weil fue una fil&oacute;sofa que se hizo obrera para aprender de manera experiencial y, as&iacute;, proponer mejoras y transformaciones. Son los fil&oacute;sofos y fil&oacute;sofas quienes mejor explican su lenguaje; si ellos ya son una buena gu&iacute;a, &iquest;por qu&eacute; &eacute;sta? Porque a&uacute;n est&aacute; todo muy disperso y porque vemos necesario acercar su obra y lo acertado de lo que los buenos conocedores de su obra nos explican a sus destinatarios: el com&uacute;n de los mortales. Por eso una gu&iacute;a. Una gu&iacute;a recoge diferentes opciones y las ofrece, &laquo;indica&raquo;, no demuestra nada, s&oacute;lo muestra de una manera abierta. Una gu&iacute;a intenta superar errores del pasado sabiendo humildemente que, adem&aacute;s de ofrecer un camino, ella misma formar&aacute; parte del camino y ser&aacute;, sin duda, superada por otras obras m&aacute;s claras, m&aacute;s orientadoras, m&aacute;s abiertas, m&aacute;s concretas. Desde esta gu&iacute;a concreta que ofrecemos, despu&eacute;s de leer toda su obra y la mayor parte de lo que se ha dicho sobre ella, abordaremos los campos que m&aacute;s nos interesan: la educaci&oacute;n, lo social y la espiritualidad, todos ellos fuertemente vinculados. Simone Weil educadora. Tras los ecos de su voz, es una obra que se adentra en el decir de nuestra fil&oacute;sofa, un lenguaje que nos conmueve y nos mueve a comprender para proponer mejoras y transformaciones.<\/p>\n","protected":false},"excerpt":{"rendered":"<p>GARC\u00cdA-CARPINTERO S\u00c1NCHEZ-MIGUEL, M\u00aa \u00c1NGELES<\/p>\n","protected":false},"featured_media":1073492,"template":"","meta":{"_acf_changed":false,"om_disable_all_campaigns":false,"rs_blank_template":"","rs_page_bg_color":"","slide_template_v7":"","inline_featured_image":false,"_monsterinsights_skip_tracking":false,"_monsterinsights_sitenote_active":false,"_monsterinsights_sitenote_note":"","_monsterinsights_sitenote_category":0},"product_brand":[],"product_cat":[93,543,581,345,79],"product_tag":[],"class_list":{"0":"post-8657","1":"product","2":"type-product","3":"status-publish","4":"has-post-thumbnail","6":"product_cat-eclesiologia","7":"product_cat-eclesiologia-es","8":"product_cat-editorial-claret","9":"product_cat-espiritualidad","10":"product_cat-espiritualitat","12":"first","13":"instock","14":"taxable","15":"shipping-taxable","16":"purchasable","17":"product-type-simple"},"acf":{"editorial":[{"ID":6158,"post_author":"3","post_date":"2022-07-28 17:46:08","post_date_gmt":"2022-07-28 15:46:08","post_content":"","post_title":"CLARET","post_excerpt":"","post_status":"publish","comment_status":"closed","ping_status":"closed","post_password":"","post_name":"claret","to_ping":"","pinged":"","post_modified":"2022-07-28 17:46:08","post_modified_gmt":"2022-07-28 15:46:08","post_content_filtered":"","post_parent":0,"guid":"http:\/\/dev.claret.cat\/editorial\/claret\/","menu_order":0,"post_type":"editorial","post_mime_type":"","comment_count":"0","filter":"raw"}],"autores-libros":[{"ID":5762,"post_author":"3","post_date":"2022-07-28 17:30:56","post_date_gmt":"2022-07-28 15:30:56","post_content":"<div class=\"traductor-textarea form-group\">\r\n<div class=\"textarea-desti col-xs-12 col-sm-6\">\r\n<div class=\"form-control second-textarea\">M\u00aa\u00c1ngeles Garc\u00eda-Carpintero S\u00e1nchez-Miguel va n\u00e9ixer a Daimiel (Ciudad Real) en 1959. En 1965 va arribar a Bellvitge, on ha viscut fins ara. Encara que sempre ha escrit, va comen\u00e7ar a publicar en 2015, arran dels 50 anys de la localitat. \u00c0vida de con\u00e8ixer i entendre des de petita, investiga des de fa uns anys la nostra hist\u00f2ria pr\u00f2xima, especialment els aspectes relacionats amb la hist\u00f2ria silenciada de les dones.<\/div>\r\n<\/div>\r\n<\/div>\r\n<div class=\"traductor-checkbox form-group\">\r\n<div class=\"row\">\r\n<div class=\"col-sm-offset-2 col-sm-5\"><\/div>\r\n<\/div>\r\n<\/div>","post_title":"M\u00aa \u00c1NGELES GARC\u00cdA-CARPINTERO S\u00c1NCHEZ-MIGUEL","post_excerpt":"","post_status":"publish","comment_status":"closed","ping_status":"closed","post_password":"","post_name":"ma-angeles-garcia-carpintero-sanchez-miguel","to_ping":"","pinged":"","post_modified":"2024-06-26 11:52:02","post_modified_gmt":"2024-06-26 09:52:02","post_content_filtered":"","post_parent":0,"guid":"http:\/\/dev.claret.cat\/autor\/ma-angeles-garcia-carpintero-sanchez-miguel\/","menu_order":0,"post_type":"autor","post_mime_type":"","comment_count":"0","filter":"raw"}],"autor":"GARC\u00cdA-CARPINTERO S\u00c1NCHEZ-MIGUEL, M\u00aa \u00c1NGELES","codart":"849136202","libros-coleccion":"","ediciones":"1","encuadernacion":"R\u00fastica","fecha_de_publicacion":"16\/04\/2019","novedad":"0","paginas":"334","subtitulo":"TRAS LOS ECOS DE SU VOZ","orden":"0","portada":"0","idioma":"spa","booktrailer":"","linkebook":"","ficha":"849136202_1689075962.pdf","muestra":"","precioebook":"0","presentacion":"","resenas":""},"aioseo_notices":[],"_links":{"self":[{"href":"https:\/\/www.claret.cat\/es\/wp-json\/wp\/v2\/product\/8657","targetHints":{"allow":["GET"]}}],"collection":[{"href":"https:\/\/www.claret.cat\/es\/wp-json\/wp\/v2\/product"}],"about":[{"href":"https:\/\/www.claret.cat\/es\/wp-json\/wp\/v2\/types\/product"}],"wp:featuredmedia":[{"embeddable":true,"href":"https:\/\/www.claret.cat\/es\/wp-json\/wp\/v2\/media\/1073492"}],"wp:attachment":[{"href":"https:\/\/www.claret.cat\/es\/wp-json\/wp\/v2\/media?parent=8657"}],"wp:term":[{"taxonomy":"product_brand","embeddable":true,"href":"https:\/\/www.claret.cat\/es\/wp-json\/wp\/v2\/product_brand?post=8657"},{"taxonomy":"product_cat","embeddable":true,"href":"https:\/\/www.claret.cat\/es\/wp-json\/wp\/v2\/product_cat?post=8657"},{"taxonomy":"product_tag","embeddable":true,"href":"https:\/\/www.claret.cat\/es\/wp-json\/wp\/v2\/product_tag?post=8657"}],"curies":[{"name":"wp","href":"https:\/\/api.w.org\/{rel}","templated":true}]}}