{"id":86583,"date":"2022-10-11T17:54:12","date_gmt":"2022-10-11T15:54:12","guid":{"rendered":"http:\/\/dev.claret.cat\/producte\/un-dios-que-es-siempre-mas\/"},"modified":"2024-06-21T16:50:22","modified_gmt":"2024-06-21T14:50:22","slug":"un-dios-que-es-siempre-mas-9788430120925","status":"publish","type":"product","link":"https:\/\/www.claret.cat\/es\/libro\/un-dios-que-es-siempre-mas-9788430120925\/","title":{"rendered":"UN DIOS QUE ES SIEMPRE M\u00c1S"},"content":{"rendered":"<p>Al final, el aventurero que merodea sin descanso por las proximidades del Misterio de los misterios exclama, lleno de asombro: Verdaderamente t\u00fa eres un Dios escondido (Is 45, 15). Parad\u00f3jicamente, el Dios que est\u00e1 m\u00e1s all\u00e1 de nuestro alcance es el mismo que se dirige a nosotros con amor a trav\u00e9s de la vida de su Hijo Jes\u00fas y de la presencia eficaz del Esp\u00edritu Santo en la plegaria personal y en las celebraciones santas, en los momentos cotidianos de gracia y en las relaciones humanas que construyen. A lo largo de este libro de espiritualidad, el lector es invitado a descubrir las ra\u00edces b\u00edblicas de la teolog\u00eda apof\u00e1tica, los temas y autores cl\u00e1sicos, los aliados que le acompa\u00f1ar\u00e1n durante el camino y los textos y acciones que pueden practicarse en la vida ordinaria. As\u00ed conseguir\u00e1 no abandonar tan extraordinario viaje hacia el Dios que est\u00e1 siempre m\u00e1s all\u00e1.<\/p>\n","protected":false},"excerpt":{"rendered":"<p>WILLIAMS, JANET P.<\/p>\n","protected":false},"featured_media":342371,"template":"","meta":{"_acf_changed":false,"om_disable_all_campaigns":false,"rs_blank_template":"","rs_page_bg_color":"","slide_template_v7":"","inline_featured_image":false,"_monsterinsights_skip_tracking":false,"_monsterinsights_sitenote_active":false,"_monsterinsights_sitenote_note":"","_monsterinsights_sitenote_category":0},"product_brand":[],"product_cat":[278,508,233,486],"product_tag":[],"class_list":{"0":"post-86583","1":"product","2":"type-product","3":"status-publish","4":"has-post-thumbnail","6":"product_cat-misteri-de-deu","7":"product_cat-misterio-de-dios","8":"product_cat-mistica","9":"product_cat-mistica-espiritualidad-1_espiritualidad","11":"first","12":"instock","13":"taxable","14":"shipping-taxable","15":"purchasable","16":"product-type-simple"},"acf":{"editorial":[{"ID":6364,"post_author":"3","post_date":"2022-07-28 17:50:36","post_date_gmt":"2022-07-28 15:50:36","post_content":"","post_title":"S\u00edgueme","post_excerpt":"","post_status":"publish","comment_status":"closed","ping_status":"closed","post_password":"","post_name":"sigueme","to_ping":"","pinged":"","post_modified":"2022-07-28 17:50:36","post_modified_gmt":"2022-07-28 15:50:36","post_content_filtered":"","post_parent":0,"guid":"http:\/\/dev.claret.cat\/editorial\/sigueme\/","menu_order":0,"post_type":"editorial","post_mime_type":"","comment_count":"0","filter":"raw"}],"autor":"WILLIAMS, JANET P.","codart":"843012092","libros-coleccion":"Nueva Alianza","ediciones":"1","encuadernacion":"R\u00fastica","fecha_de_publicacion":"29\/06\/2021","novedad":"1","paginas":"208","subtitulo":"INICIACI\u00d3N A LA ESPIRITUALIDAD APOF\u00c1TICA CRISTIANA","orden":"0","portada":"0","idioma":"spa","autores-libros":[{"ID":158505,"post_author":"3","post_date":"2022-10-14 15:37:23","post_date_gmt":"2022-10-14 13:37:23","post_content":"","post_title":"JANET P. WILLIAMS","post_excerpt":"","post_status":"publish","comment_status":"closed","ping_status":"closed","post_password":"","post_name":"janet-p-williams","to_ping":"","pinged":"","post_modified":"2022-10-14 15:37:23","post_modified_gmt":"2022-10-14 13:37:23","post_content_filtered":"","post_parent":0,"guid":"http:\/\/dev.claret.cat\/autor\/janet-p-williams\/","menu_order":0,"post_type":"autor","post_mime_type":"","comment_count":"0","filter":"raw"}]},"aioseo_notices":[],"_links":{"self":[{"href":"https:\/\/www.claret.cat\/es\/wp-json\/wp\/v2\/product\/86583","targetHints":{"allow":["GET"]}}],"collection":[{"href":"https:\/\/www.claret.cat\/es\/wp-json\/wp\/v2\/product"}],"about":[{"href":"https:\/\/www.claret.cat\/es\/wp-json\/wp\/v2\/types\/product"}],"wp:featuredmedia":[{"embeddable":true,"href":"https:\/\/www.claret.cat\/es\/wp-json\/wp\/v2\/media\/342371"}],"wp:attachment":[{"href":"https:\/\/www.claret.cat\/es\/wp-json\/wp\/v2\/media?parent=86583"}],"wp:term":[{"taxonomy":"product_brand","embeddable":true,"href":"https:\/\/www.claret.cat\/es\/wp-json\/wp\/v2\/product_brand?post=86583"},{"taxonomy":"product_cat","embeddable":true,"href":"https:\/\/www.claret.cat\/es\/wp-json\/wp\/v2\/product_cat?post=86583"},{"taxonomy":"product_tag","embeddable":true,"href":"https:\/\/www.claret.cat\/es\/wp-json\/wp\/v2\/product_tag?post=86583"}],"curies":[{"name":"wp","href":"https:\/\/api.w.org\/{rel}","templated":true}]}}