{"id":86613,"date":"2022-10-11T17:54:34","date_gmt":"2022-10-11T15:54:34","guid":{"rendered":"http:\/\/dev.claret.cat\/producte\/teoria-de-la-voluntad\/"},"modified":"2026-01-19T11:58:12","modified_gmt":"2026-01-19T10:58:12","slug":"teoria-de-la-voluntad-9788431336233","status":"publish","type":"product","link":"https:\/\/www.claret.cat\/es\/libro\/teoria-de-la-voluntad-9788431336233\/","title":{"rendered":"TEOR\u00cdA DE LA VOLUNTAD"},"content":{"rendered":"<p>La voluntad es un tema tradicionalmente oscuro, no s\u00f3lo porque no conoce, sino porque es dif\u00edcil de conocer, pues vincula muchas dimensiones reales humanas y, asimismo, otras externas. Por eso son comprensibles los reduccionismos habidos a lo largo de la historia de la filosof\u00eda respecto del tratamiento de esta potencia. Para paliar ese d\u00e9ficit, en este trabajo se recurre a la concepci\u00f3n de Leonardo Polo sobre la voluntad, desplegando su ense\u00f1anza en nueve puntos: 1\u00ba) Revisi\u00f3n cr\u00edtica de la noci\u00f3n de voluntad en los hitos m\u00e1s marcados de la historia de la filosof\u00eda. 2\u00ba) Estudio de ella con relaci\u00f3n a su tema propio, el bien. 3\u00ba) Indagaci\u00f3n sobre sus diversos actos. 4\u00ba) Comprensi\u00f3n de la \u00edndole de sus virtudes. 5\u00ba) Relaci\u00f3n entre la raz\u00f3n pr\u00e1ctica y la voluntad. 6\u00ba) Distinci\u00f3n jer\u00e1rquica entre inteligencia y voluntad. 7\u00ba) Dependencia de la voluntad respecto del h\u00e1bito innato de la sind\u00e9resis. 8\u00ba) Vinculaci\u00f3n de la voluntad con el acto de ser personal humano. 9\u00ba) Dependencia de la voluntad humana respecto de Dios.<\/p>\n","protected":false},"excerpt":{"rendered":"<p>SELL\u00c9S DAUDER, JUAN FERNANDO<\/p>\n","protected":false},"featured_media":86614,"template":"","meta":{"_acf_changed":false,"om_disable_all_campaigns":false,"rs_blank_template":"","rs_page_bg_color":"","slide_template_v7":"","inline_featured_image":false,"_monsterinsights_skip_tracking":false,"_monsterinsights_sitenote_active":false,"_monsterinsights_sitenote_note":"","_monsterinsights_sitenote_category":0},"product_brand":[],"product_cat":[373,166],"product_tag":[],"class_list":{"0":"post-86613","1":"product","2":"type-product","3":"status-publish","4":"has-post-thumbnail","6":"product_cat-autores","7":"product_cat-autors-filosofia","9":"first","10":"instock","11":"taxable","12":"shipping-taxable","13":"purchasable","14":"product-type-simple"},"acf":{"editorial":[{"ID":6251,"post_author":"3","post_date":"2022-07-28 17:48:11","post_date_gmt":"2022-07-28 15:48:11","post_content":"","post_title":"EUNSA. EDICIONES UNIVERSIDAD DE NAVARRA","post_excerpt":"","post_status":"publish","comment_status":"closed","ping_status":"closed","post_password":"","post_name":"eunsa-ediciones-universidad-de-navarra","to_ping":"","pinged":"","post_modified":"2022-07-28 17:48:11","post_modified_gmt":"2022-07-28 15:48:11","post_content_filtered":"","post_parent":0,"guid":"http:\/\/dev.claret.cat\/editorial\/eunsa-ediciones-universidad-de-navarra\/","menu_order":0,"post_type":"editorial","post_mime_type":"","comment_count":"0","filter":"raw"}],"autor":"SELL\u00c9S DAUDER, JUAN FERNANDO","codart":"843133623","libros-coleccion":"FORA DE COL.LECCI\u00d3","ediciones":"1","encuadernacion":"R\u00fastica","fecha_de_publicacion":"01\/06\/2021","novedad":"1","paginas":"504","subtitulo":"C\u00d3MO DISIPAR SU OSCURIDAD SEG\u00daN LEONARDO POLO","orden":"0","portada":"0","idioma":"spa","autores-libros":[{"ID":161040,"post_author":"3","post_date":"2022-10-14 15:57:55","post_date_gmt":"2022-10-14 13:57:55","post_content":"","post_title":"JUAN FERNANDO SELLES DAUDER","post_excerpt":"","post_status":"publish","comment_status":"closed","ping_status":"closed","post_password":"","post_name":"juan-fernando-selles-dauder","to_ping":"","pinged":"","post_modified":"2022-10-14 15:57:55","post_modified_gmt":"2022-10-14 13:57:55","post_content_filtered":"","post_parent":0,"guid":"http:\/\/dev.claret.cat\/autor\/juan-fernando-selles-dauder\/","menu_order":0,"post_type":"autor","post_mime_type":"","comment_count":"0","filter":"raw"}],"booktrailer":"","resenas":""},"aioseo_notices":[],"_links":{"self":[{"href":"https:\/\/www.claret.cat\/es\/wp-json\/wp\/v2\/product\/86613","targetHints":{"allow":["GET"]}}],"collection":[{"href":"https:\/\/www.claret.cat\/es\/wp-json\/wp\/v2\/product"}],"about":[{"href":"https:\/\/www.claret.cat\/es\/wp-json\/wp\/v2\/types\/product"}],"wp:featuredmedia":[{"embeddable":true,"href":"https:\/\/www.claret.cat\/es\/wp-json\/wp\/v2\/media\/86614"}],"wp:attachment":[{"href":"https:\/\/www.claret.cat\/es\/wp-json\/wp\/v2\/media?parent=86613"}],"wp:term":[{"taxonomy":"product_brand","embeddable":true,"href":"https:\/\/www.claret.cat\/es\/wp-json\/wp\/v2\/product_brand?post=86613"},{"taxonomy":"product_cat","embeddable":true,"href":"https:\/\/www.claret.cat\/es\/wp-json\/wp\/v2\/product_cat?post=86613"},{"taxonomy":"product_tag","embeddable":true,"href":"https:\/\/www.claret.cat\/es\/wp-json\/wp\/v2\/product_tag?post=86613"}],"curies":[{"name":"wp","href":"https:\/\/api.w.org\/{rel}","templated":true}]}}