{"id":86781,"date":"2022-10-11T17:56:45","date_gmt":"2022-10-11T15:56:45","guid":{"rendered":"http:\/\/dev.claret.cat\/producte\/21-dias\/"},"modified":"2023-01-28T05:11:49","modified_gmt":"2023-01-28T04:11:49","slug":"21-dias-9788418184475","status":"publish","type":"product","link":"https:\/\/www.claret.cat\/es\/libro\/21-dias-9788418184475\/","title":{"rendered":"21 D\u00cdAS"},"content":{"rendered":"<p>En pleno verano\u2026 Una visita inesperada, un secreto del pasado&#8230; y 21 d\u00edas para descubrirlo<\/p>\n<p>En mitad del verano, Lisa recibe una visita inesperada. Es Ale, el amigo inseparable de cuando era peque\u00f1a. Les hace falta poco para estar unidos de nuevo; el juego interrumpido de entonces \u2014la construcci\u00f3n de una balsa de madera\u2014 los est\u00e1 esperando. Pero algo ha cambiado, hay un gran secreto que mina la serenidad de Ale, un secreto arraigado en un agosto de hace muchos a\u00f1os. \u00bfQu\u00e9 fue lo que en realidad pas\u00f3 aquel verano en el lago? Lisa tiene 21 d\u00edas para descubrirlo. 21 d\u00edas antes de que llegue la fiesta del Ferragosto y que Ale se vaya de nuevo, seguramente para siempre. Pero de una cosa est\u00e1 segura: para volver a empezar en serio, la verdad es el \u00fanico punto de partida posible. Y para descubrirla, los dos tendr\u00e1n que enfrentarse a sus miedos.<\/p>\n","protected":false},"excerpt":{"rendered":"<p>SUALZO, \/ VECCHINI, SILVIA<\/p>\n","protected":false},"featured_media":86782,"template":"","meta":{"_acf_changed":false,"om_disable_all_campaigns":false,"rs_blank_template":"","rs_page_bg_color":"","slide_template_v7":"","inline_featured_image":false,"_monsterinsights_skip_tracking":false,"_monsterinsights_sitenote_active":false,"_monsterinsights_sitenote_note":"","_monsterinsights_sitenote_category":0},"product_brand":[],"product_cat":[108],"product_tag":[],"class_list":{"0":"post-86781","1":"product","2":"type-product","3":"status-publish","4":"has-post-thumbnail","6":"product_cat-comic","8":"first","9":"instock","10":"taxable","11":"shipping-taxable","12":"purchasable","13":"product-type-simple"},"acf":{"editorial":[{"ID":6297,"post_author":"3","post_date":"2022-07-28 17:49:10","post_date_gmt":"2022-07-28 15:49:10","post_content":"","post_title":"Maeva Ediciones","post_excerpt":"","post_status":"publish","comment_status":"closed","ping_status":"closed","post_password":"","post_name":"maeva-ediciones","to_ping":"","pinged":"","post_modified":"2022-07-28 17:49:10","post_modified_gmt":"2022-07-28 15:49:10","post_content_filtered":"","post_parent":0,"guid":"http:\/\/dev.claret.cat\/editorial\/maeva-ediciones\/","menu_order":0,"post_type":"editorial","post_mime_type":"","comment_count":"0","filter":"raw"}],"autor":"SUALZO, \/ VECCHINI, SILVIA","codart":"841818447","libros-coleccion":"NOVELA GRAFICA","ediciones":"1","encuadernacion":"R\u00fastica","fecha_de_publicacion":"01\/06\/2021","novedad":"1","paginas":"205","subtitulo":"LEV\u00c1NTATE SIEMPRE E \u00a1INTENTA SER FELIZ!","orden":"0","portada":"0","idioma":"spa","autores-libros":[{"ID":169889,"post_author":"3","post_date":"2022-10-14 22:30:50","post_date_gmt":"2022-10-14 20:30:50","post_content":"","post_title":"SUALZO","post_excerpt":"","post_status":"publish","comment_status":"closed","ping_status":"closed","post_password":"","post_name":"sualzo","to_ping":"","pinged":"","post_modified":"2022-10-14 22:30:50","post_modified_gmt":"2022-10-14 20:30:50","post_content_filtered":"","post_parent":0,"guid":"http:\/\/dev.claret.cat\/autor\/sualzo\/","menu_order":0,"post_type":"autor","post_mime_type":"","comment_count":"0","filter":"raw"},{"ID":169528,"post_author":"3","post_date":"2022-10-14 22:27:57","post_date_gmt":"2022-10-14 20:27:57","post_content":"","post_title":"SILVIA VECCHINI","post_excerpt":"","post_status":"publish","comment_status":"closed","ping_status":"closed","post_password":"","post_name":"silvia-vecchini","to_ping":"","pinged":"","post_modified":"2022-10-14 22:27:57","post_modified_gmt":"2022-10-14 20:27:57","post_content_filtered":"","post_parent":0,"guid":"http:\/\/dev.claret.cat\/autor\/silvia-vecchini\/","menu_order":0,"post_type":"autor","post_mime_type":"","comment_count":"0","filter":"raw"}]},"aioseo_notices":[],"_links":{"self":[{"href":"https:\/\/www.claret.cat\/es\/wp-json\/wp\/v2\/product\/86781","targetHints":{"allow":["GET"]}}],"collection":[{"href":"https:\/\/www.claret.cat\/es\/wp-json\/wp\/v2\/product"}],"about":[{"href":"https:\/\/www.claret.cat\/es\/wp-json\/wp\/v2\/types\/product"}],"wp:featuredmedia":[{"embeddable":true,"href":"https:\/\/www.claret.cat\/es\/wp-json\/wp\/v2\/media\/86782"}],"wp:attachment":[{"href":"https:\/\/www.claret.cat\/es\/wp-json\/wp\/v2\/media?parent=86781"}],"wp:term":[{"taxonomy":"product_brand","embeddable":true,"href":"https:\/\/www.claret.cat\/es\/wp-json\/wp\/v2\/product_brand?post=86781"},{"taxonomy":"product_cat","embeddable":true,"href":"https:\/\/www.claret.cat\/es\/wp-json\/wp\/v2\/product_cat?post=86781"},{"taxonomy":"product_tag","embeddable":true,"href":"https:\/\/www.claret.cat\/es\/wp-json\/wp\/v2\/product_tag?post=86781"}],"curies":[{"name":"wp","href":"https:\/\/api.w.org\/{rel}","templated":true}]}}