{"id":8681,"date":"2022-09-30T12:13:57","date_gmt":"2022-09-30T10:13:57","guid":{"rendered":"http:\/\/dev.claret.cat\/producte\/educacion-comunicacion-de-uno-mismo\/"},"modified":"2023-05-21T21:49:25","modified_gmt":"2023-05-21T19:49:25","slug":"educacion-comunicacion-de-uno-mismo-9788409233625","status":"publish","type":"product","link":"https:\/\/www.claret.cat\/es\/libro\/educacion-comunicacion-de-uno-mismo-9788409233625\/","title":{"rendered":"EDUCACI\u00d3N. COMUNICACI\u00d3N DE UNO MISMO."},"content":{"rendered":"<p>Contribuci\u00f3n a la jornada mundial del 15 de octubre de 2020 por la educaci\u00f3n convocada por el Papa Francisco con el tema &#8216;Reconstruir el pacto educativo global&#8217; \u00abEduca no quien hace propaganda, sino quien hace todo lo posible por suscitar algo que existe dentro del otro, por poner en movimiento su libertad\u00bb Juli\u00e1n Carr\u00f3n<\/p>\n","protected":false},"excerpt":{"rendered":"<p>CARR\u00d3N P\u00c9REZ, JULI\u00c1N<\/p>\n","protected":false},"featured_media":444002,"template":"","meta":{"_acf_changed":false,"om_disable_all_campaigns":false,"rs_blank_template":"","rs_page_bg_color":"","slide_template_v7":"","inline_featured_image":false,"_monsterinsights_skip_tracking":false,"_monsterinsights_sitenote_active":false,"_monsterinsights_sitenote_note":"","_monsterinsights_sitenote_category":0},"product_brand":[],"product_cat":[194],"product_tag":[],"class_list":{"0":"post-8681","1":"product","2":"type-product","3":"status-publish","4":"has-post-thumbnail","6":"product_cat-comunicacio-i-noves-teconologies","8":"first","9":"instock","10":"taxable","11":"shipping-taxable","12":"purchasable","13":"product-type-simple"},"acf":{"editorial":[{"ID":6134,"post_author":"3","post_date":"2022-07-28 17:45:37","post_date_gmt":"2022-07-28 15:45:37","post_content":"","post_title":"AUTOR - EDITOR","post_excerpt":"","post_status":"publish","comment_status":"closed","ping_status":"closed","post_password":"","post_name":"autor-editor","to_ping":"","pinged":"","post_modified":"2022-07-28 17:45:37","post_modified_gmt":"2022-07-28 15:45:37","post_content_filtered":"","post_parent":0,"guid":"http:\/\/dev.claret.cat\/editorial\/autor-editor\/","menu_order":0,"post_type":"editorial","post_mime_type":"","comment_count":"0","filter":"raw"}],"autores-libros":[{"ID":5692,"post_author":"3","post_date":"2022-07-28 17:29:26","post_date_gmt":"2022-07-28 15:29:26","post_content":"","post_title":"JULI\u00c1N CARR\u00d3N P\u00c9REZ","post_excerpt":"","post_status":"publish","comment_status":"closed","ping_status":"closed","post_password":"","post_name":"julian-carron-perez","to_ping":"","pinged":"","post_modified":"2022-07-28 17:29:26","post_modified_gmt":"2022-07-28 15:29:26","post_content_filtered":"","post_parent":0,"guid":"http:\/\/dev.claret.cat\/autor\/julian-carron-perez\/","menu_order":0,"post_type":"autor","post_mime_type":"","comment_count":"0","filter":"raw"}],"autor":"CARR\u00d3N P\u00c9REZ, JULI\u00c1N","codart":"840923362","libros-coleccion":"","ediciones":"1","encuadernacion":"R\u00fastica","fecha_de_publicacion":"01\/09\/2020","novedad":"1","paginas":"81","subtitulo":"","orden":"0","portada":"0","idioma":"spa"},"aioseo_notices":[],"_links":{"self":[{"href":"https:\/\/www.claret.cat\/es\/wp-json\/wp\/v2\/product\/8681","targetHints":{"allow":["GET"]}}],"collection":[{"href":"https:\/\/www.claret.cat\/es\/wp-json\/wp\/v2\/product"}],"about":[{"href":"https:\/\/www.claret.cat\/es\/wp-json\/wp\/v2\/types\/product"}],"wp:featuredmedia":[{"embeddable":true,"href":"https:\/\/www.claret.cat\/es\/wp-json\/wp\/v2\/media\/444002"}],"wp:attachment":[{"href":"https:\/\/www.claret.cat\/es\/wp-json\/wp\/v2\/media?parent=8681"}],"wp:term":[{"taxonomy":"product_brand","embeddable":true,"href":"https:\/\/www.claret.cat\/es\/wp-json\/wp\/v2\/product_brand?post=8681"},{"taxonomy":"product_cat","embeddable":true,"href":"https:\/\/www.claret.cat\/es\/wp-json\/wp\/v2\/product_cat?post=8681"},{"taxonomy":"product_tag","embeddable":true,"href":"https:\/\/www.claret.cat\/es\/wp-json\/wp\/v2\/product_tag?post=8681"}],"curies":[{"name":"wp","href":"https:\/\/api.w.org\/{rel}","templated":true}]}}