{"id":86871,"date":"2022-10-11T17:57:55","date_gmt":"2022-10-11T15:57:55","guid":{"rendered":"http:\/\/dev.claret.cat\/producte\/mallorca-4\/"},"modified":"2023-01-28T14:37:44","modified_gmt":"2023-01-28T13:37:44","slug":"mallorca-4-9788408240181","status":"publish","type":"product","link":"https:\/\/www.claret.cat\/es\/libro\/mallorca-4-9788408240181\/","title":{"rendered":"MALLORCA 4"},"content":{"rendered":"<p>Mallorca, reconocida estrella del Mediterr\u00e1neo, destaca por su personalidad soleada, sus deslumbrantes playas, su mar azul, sus monta\u00f1as remotas y sus conmovedores pueblos en las colinas. Y Lonely Planet te acerca a ella con incre\u00edbles propuestas para vivir experiencias \u00fanicas y los mejores consejos para planificar unas vacaciones inolvidables.<br \/> Esta gu\u00eda a todo color ser\u00e1 tu compa\u00f1era con sus consejos actualizados sobre qu\u00e9 ver y qu\u00e9 obviar y, sobre todo, para descubrir joyas ocultas que nunca antes hubieras imaginado. D\u00e9jate llevar por la Art\u00e0 medieval, explora la impresionante Platja des Coll Baix o disfruta de la tranquila Illa de Cabrera, todo con un compa\u00f1ero de viaje de la m\u00e1xima confianza.<br \/> Incluye:<\/p>\n<p> Mapas para orientarse e im\u00e1genes para inspirarse<br \/> Las principales experiencias y magn\u00edficas propuestas de itinerarios que ayudar\u00e1n a planificar el viaje seg\u00fan las necesidades, gustos e intereses personales.<br \/> Informaci\u00f3n de primera mano para ahorrar tiempo y dinero y moverse como un lugare\u00f1o, evitando las multitudes.<br \/> Datos esenciales al alcance de la mano: horarios, n\u00fameros de tel\u00e9fono, webs, consejos para desplazarse, precios\u2026<br \/> Rese\u00f1as independientes para todos los presupuestos: d\u00f3nde comer y dormir, qu\u00e9 visitar, d\u00f3nde salir e ir de compras, lugares ocultos que la mayor\u00eda de gu\u00edas se pierden\u2026<br \/> Conocimientos culturales para vivir una experiencia de viaje m\u00e1s rica y gratificante: historia, arquitectura, paisaje, flora y fauna\u2026<\/p>\n","protected":false},"excerpt":{"rendered":"<p>QUINTERO, JOSEPHINE \/ HARPER, DAMIAN<\/p>\n","protected":false},"featured_media":86872,"template":"","meta":{"_acf_changed":false,"om_disable_all_campaigns":false,"rs_blank_template":"","rs_page_bg_color":"","slide_template_v7":"","inline_featured_image":false,"_monsterinsights_skip_tracking":false,"_monsterinsights_sitenote_active":false,"_monsterinsights_sitenote_note":"","_monsterinsights_sitenote_category":0},"product_brand":[],"product_cat":[107],"product_tag":[],"class_list":{"0":"post-86871","1":"product","2":"type-product","3":"status-publish","4":"has-post-thumbnail","6":"product_cat-guies-de-viatge","8":"first","9":"instock","10":"taxable","11":"shipping-taxable","12":"purchasable","13":"product-type-simple"},"acf":{"editorial":[{"ID":6233,"post_author":"3","post_date":"2022-07-28 17:47:48","post_date_gmt":"2022-07-28 15:47:48","post_content":"","post_title":"EDITORIAL PLANETA","post_excerpt":"","post_status":"publish","comment_status":"closed","ping_status":"closed","post_password":"","post_name":"editorial-planeta","to_ping":"","pinged":"","post_modified":"2022-07-28 17:47:48","post_modified_gmt":"2022-07-28 15:47:48","post_content_filtered":"","post_parent":0,"guid":"http:\/\/dev.claret.cat\/editorial\/editorial-planeta\/","menu_order":0,"post_type":"editorial","post_mime_type":"","comment_count":"0","filter":"raw"}],"autores-libros":[{"ID":160878,"post_author":"3","post_date":"2022-10-14 15:56:36","post_date_gmt":"2022-10-14 13:56:36","post_content":"","post_title":"JOSEPHINE QUINTERO","post_excerpt":"","post_status":"publish","comment_status":"closed","ping_status":"closed","post_password":"","post_name":"josephine-quintero","to_ping":"","pinged":"","post_modified":"2022-10-14 15:56:36","post_modified_gmt":"2022-10-14 13:56:36","post_content_filtered":"","post_parent":0,"guid":"http:\/\/dev.claret.cat\/autor\/josephine-quintero\/","menu_order":0,"post_type":"autor","post_mime_type":"","comment_count":"0","filter":"raw"},{"ID":153497,"post_author":"3","post_date":"2022-10-14 14:57:14","post_date_gmt":"2022-10-14 12:57:14","post_content":"","post_title":"DAMIAN HARPER","post_excerpt":"","post_status":"publish","comment_status":"closed","ping_status":"closed","post_password":"","post_name":"damian-harper","to_ping":"","pinged":"","post_modified":"2022-10-14 14:57:14","post_modified_gmt":"2022-10-14 12:57:14","post_content_filtered":"","post_parent":0,"guid":"http:\/\/dev.claret.cat\/autor\/damian-harper\/","menu_order":0,"post_type":"autor","post_mime_type":"","comment_count":"0","filter":"raw"}],"autor":"QUINTERO, JOSEPHINE \/ HARPER, DAMIAN","codart":"840824018","libros-coleccion":"Gu\u00edas de Regi\u00f3n Lonely Planet","ediciones":"1","encuadernacion":"R\u00fastica","fecha_de_publicacion":"01\/06\/2021","novedad":"1","paginas":"224","subtitulo":"","orden":"0","portada":"0","idioma":"spa"},"aioseo_notices":[],"_links":{"self":[{"href":"https:\/\/www.claret.cat\/es\/wp-json\/wp\/v2\/product\/86871","targetHints":{"allow":["GET"]}}],"collection":[{"href":"https:\/\/www.claret.cat\/es\/wp-json\/wp\/v2\/product"}],"about":[{"href":"https:\/\/www.claret.cat\/es\/wp-json\/wp\/v2\/types\/product"}],"wp:featuredmedia":[{"embeddable":true,"href":"https:\/\/www.claret.cat\/es\/wp-json\/wp\/v2\/media\/86872"}],"wp:attachment":[{"href":"https:\/\/www.claret.cat\/es\/wp-json\/wp\/v2\/media?parent=86871"}],"wp:term":[{"taxonomy":"product_brand","embeddable":true,"href":"https:\/\/www.claret.cat\/es\/wp-json\/wp\/v2\/product_brand?post=86871"},{"taxonomy":"product_cat","embeddable":true,"href":"https:\/\/www.claret.cat\/es\/wp-json\/wp\/v2\/product_cat?post=86871"},{"taxonomy":"product_tag","embeddable":true,"href":"https:\/\/www.claret.cat\/es\/wp-json\/wp\/v2\/product_tag?post=86871"}],"curies":[{"name":"wp","href":"https:\/\/api.w.org\/{rel}","templated":true}]}}