{"id":86889,"date":"2022-10-11T17:58:09","date_gmt":"2022-10-11T15:58:09","guid":{"rendered":"http:\/\/dev.claret.cat\/producte\/materniya\/"},"modified":"2023-01-28T17:29:03","modified_gmt":"2023-01-28T16:29:03","slug":"materniya-9788408242765","status":"publish","type":"product","link":"https:\/\/www.claret.cat\/es\/libro\/materniya-9788408242765\/","title":{"rendered":"\u00bfMATERNIY\u00c1?"},"content":{"rendered":"<p>Un c\u00f3mic sobre un dilema que viven muchas mujeres hoy en d\u00eda alrededor de los 30.<br \/> Est\u00e1s alrededor de los 30 (m\u00e1s pa&#8217;arriba m\u00e1s pa&#8217;bajo) y parece que las cosas comienzan a verse diferente. Preguntas como &#8216;\u00bfquiero ser madre ya?&#8217; se asoman por el horizonte, mientras algunas amigas van procreando y parecen despertar un reloj interior que nunca hab\u00eda dicho nada y que ahora empieza a hacer tic-tac.<br \/> Ya estamos. El dilema est\u00e1 servido.<br \/> Esta es una situaci\u00f3n a la que nos enfrentamos muchas mujeres al llegar a la \u201cflor de la vida\u201d, ese momento en el que nos damos cuenta de que los 30 no son los nuevos 20, y que la realidad es que los 40 est\u00e1n m\u00e1s cerca de lo que creemos.<br \/> Con el humor ir\u00f3nico que la caracteriza, Marta Piedra habla en este libro del camino que recorremos las mujeres en el momento de decidir si seremos madres, \u00a1y cu\u00e1ndo!, y todas las dudas que nos surgen. Greta y sus tres amigas, que forman el infalible grupo de \u201clas maris\u201d, intentar\u00e1n resolver todas estas preguntas para, finalmente, tomar una decisi\u00f3n. Cuatro posiciones muy diferentes hilvanan este c\u00f3mic lleno de humor y cargado de realidad.<\/p>\n","protected":false},"excerpt":{"rendered":"<p>PIEDRA, MARTA<\/p>\n","protected":false},"featured_media":86890,"template":"","meta":{"_acf_changed":false,"om_disable_all_campaigns":false,"rs_blank_template":"","rs_page_bg_color":"","slide_template_v7":"","inline_featured_image":false,"_monsterinsights_skip_tracking":false,"_monsterinsights_sitenote_active":false,"_monsterinsights_sitenote_note":"","_monsterinsights_sitenote_category":0},"product_brand":[],"product_cat":[114],"product_tag":[],"class_list":{"0":"post-86889","1":"product","2":"type-product","3":"status-publish","4":"has-post-thumbnail","6":"product_cat-humor-grafic","8":"first","9":"instock","10":"taxable","11":"shipping-taxable","12":"purchasable","13":"product-type-simple"},"acf":{"editorial":[{"ID":6233,"post_author":"3","post_date":"2022-07-28 17:47:48","post_date_gmt":"2022-07-28 15:47:48","post_content":"","post_title":"EDITORIAL PLANETA","post_excerpt":"","post_status":"publish","comment_status":"closed","ping_status":"closed","post_password":"","post_name":"editorial-planeta","to_ping":"","pinged":"","post_modified":"2022-07-28 17:47:48","post_modified_gmt":"2022-07-28 15:47:48","post_content_filtered":"","post_parent":0,"guid":"http:\/\/dev.claret.cat\/editorial\/editorial-planeta\/","menu_order":0,"post_type":"editorial","post_mime_type":"","comment_count":"0","filter":"raw"}],"autores-libros":[{"ID":164202,"post_author":"3","post_date":"2022-10-14 17:45:11","post_date_gmt":"2022-10-14 15:45:11","post_content":"","post_title":"MARTA PIEDRA","post_excerpt":"","post_status":"publish","comment_status":"closed","ping_status":"closed","post_password":"","post_name":"marta-piedra","to_ping":"","pinged":"","post_modified":"2022-10-14 17:45:11","post_modified_gmt":"2022-10-14 15:45:11","post_content_filtered":"","post_parent":0,"guid":"http:\/\/dev.claret.cat\/autor\/marta-piedra\/","menu_order":0,"post_type":"autor","post_mime_type":"","comment_count":"0","filter":"raw"}],"autor":"PIEDRA, MARTA","codart":"840824276","libros-coleccion":"Zenith Original","ediciones":"1","encuadernacion":"R\u00fastica","fecha_de_publicacion":"01\/06\/2021","novedad":"1","paginas":"182","subtitulo":"CUANDO LA NATURALEZA TE PISA LOS TALONES","orden":"0","portada":"0","idioma":"spa"},"aioseo_notices":[],"_links":{"self":[{"href":"https:\/\/www.claret.cat\/es\/wp-json\/wp\/v2\/product\/86889","targetHints":{"allow":["GET"]}}],"collection":[{"href":"https:\/\/www.claret.cat\/es\/wp-json\/wp\/v2\/product"}],"about":[{"href":"https:\/\/www.claret.cat\/es\/wp-json\/wp\/v2\/types\/product"}],"wp:featuredmedia":[{"embeddable":true,"href":"https:\/\/www.claret.cat\/es\/wp-json\/wp\/v2\/media\/86890"}],"wp:attachment":[{"href":"https:\/\/www.claret.cat\/es\/wp-json\/wp\/v2\/media?parent=86889"}],"wp:term":[{"taxonomy":"product_brand","embeddable":true,"href":"https:\/\/www.claret.cat\/es\/wp-json\/wp\/v2\/product_brand?post=86889"},{"taxonomy":"product_cat","embeddable":true,"href":"https:\/\/www.claret.cat\/es\/wp-json\/wp\/v2\/product_cat?post=86889"},{"taxonomy":"product_tag","embeddable":true,"href":"https:\/\/www.claret.cat\/es\/wp-json\/wp\/v2\/product_tag?post=86889"}],"curies":[{"name":"wp","href":"https:\/\/api.w.org\/{rel}","templated":true}]}}