{"id":8693,"date":"2022-09-30T12:14:08","date_gmt":"2022-09-30T10:14:08","guid":{"rendered":"http:\/\/dev.claret.cat\/producte\/noe-i-el-diluvi\/"},"modified":"2026-04-24T13:39:21","modified_gmt":"2026-04-24T11:39:21","slug":"noe-i-el-diluvi-9788491362463","status":"publish","type":"product","link":"https:\/\/www.claret.cat\/es\/libro\/noe-i-el-diluvi-9788491362463\/","title":{"rendered":"NO\u00c8 I EL DILUVI"},"content":{"rendered":"<p>No\u00e8 \u00e9s el protagonista d&#8217;aquest meravell\u00f3s relat. Encara que siguin hist\u00f2ries inventades, compten grans veritats. Els descendents d&#8217;Ad\u00e1n i Eva no van ser dels als plans de D\u00e9u de cuidar la vida respectant els seus semblants i tots els \u00e9ssers vius. Llavors D\u00e9u va decidir comen\u00e7ar de nou. Un diluvi va acabar amb gaireb\u00e9 totes les criatures. Es van salvar No\u00e8, home just, els membres de la seva fam\u00edlia i una parella de tots els animals. Aquest relat mostra com n&#8217;\u00e9s d&#8217;important respectar la vida del nostre planeta: la vida sobre la terra dep\u00e8n del nostre comportament. Va ser necessari comen\u00e7ar una nova humanitat on no regnessin la viol\u00e8ncia ni la injust\u00edcia. Despr\u00e9s d&#8217;aquell desastre, D\u00e9u va prometre que mai m\u00e9s no passaria una cosa semblant.<\/p>\n<p><a href='https:\/\/claret.cat\/es\/libro\/NOE-Y-EL-DILUVIO-849136247'>Disponible en castell\u00e0<\/a>.<br \/>Pots veure la presentaci\u00f3 del llibre <a href='https:\/\/www.claret.cat\/es\/actividad\/Presentacio-del-llibre-infantil-d-Editorial-Claret-Noe-i-el-diluvi'>aqu\u00ed<\/a>.<\/p>\n","protected":false},"excerpt":{"rendered":"<p>BALLAZ, JES\u00daS; TOUS, MERC\u00c8<\/p>\n","protected":false},"featured_media":380341,"template":"","meta":{"_acf_changed":false,"om_disable_all_campaigns":false,"rs_blank_template":"","rs_page_bg_color":"","slide_template_v7":"","inline_featured_image":false,"_monsterinsights_skip_tracking":false,"_monsterinsights_sitenote_active":false,"_monsterinsights_sitenote_note":"","_monsterinsights_sitenote_category":0},"product_brand":[],"product_cat":[77,343,581,478,219,312],"product_tag":[],"class_list":{"0":"post-8693","1":"product","2":"type-product","3":"status-publish","4":"has-post-thumbnail","6":"product_cat-catequesi","7":"product_cat-catequesis","8":"product_cat-editorial-claret","9":"product_cat-infantil-catequesis-1_espiritualidad","10":"product_cat-infantil-catequesi","11":"product_cat-portada","13":"first","14":"instock","15":"taxable","16":"shipping-taxable","17":"purchasable","18":"product-type-simple"},"acf":{"editorial":[{"ID":6158,"post_author":"3","post_date":"2022-07-28 17:46:08","post_date_gmt":"2022-07-28 15:46:08","post_content":"","post_title":"CLARET","post_excerpt":"","post_status":"publish","comment_status":"closed","ping_status":"closed","post_password":"","post_name":"claret","to_ping":"","pinged":"","post_modified":"2022-07-28 17:46:08","post_modified_gmt":"2022-07-28 15:46:08","post_content_filtered":"","post_parent":0,"guid":"http:\/\/dev.claret.cat\/editorial\/claret\/","menu_order":0,"post_type":"editorial","post_mime_type":"","comment_count":"0","filter":"raw"}],"autores-libros":[{"ID":5835,"post_author":"3","post_date":"2022-07-28 17:32:30","post_date_gmt":"2022-07-28 15:32:30","post_content":"","post_title":"MERC\u00c8 TOUS","post_excerpt":"","post_status":"publish","comment_status":"closed","ping_status":"closed","post_password":"","post_name":"merce-tous","to_ping":"","pinged":"","post_modified":"2022-07-28 17:32:30","post_modified_gmt":"2022-07-28 15:32:30","post_content_filtered":"","post_parent":0,"guid":"http:\/\/dev.claret.cat\/autor\/merce-tous\/","menu_order":0,"post_type":"autor","post_mime_type":"","comment_count":"0","filter":"raw"},{"ID":5587,"post_author":"3","post_date":"2022-07-28 17:27:12","post_date_gmt":"2022-07-28 15:27:12","post_content":"","post_title":"JES\u00daS BALLAZ","post_excerpt":"","post_status":"publish","comment_status":"closed","ping_status":"closed","post_password":"","post_name":"jesus-ballaz","to_ping":"","pinged":"","post_modified":"2022-07-28 17:27:12","post_modified_gmt":"2022-07-28 15:27:12","post_content_filtered":"","post_parent":0,"guid":"http:\/\/dev.claret.cat\/autor\/jesus-ballaz\/","menu_order":0,"post_type":"autor","post_mime_type":"","comment_count":"0","filter":"raw"}],"autor":"BALLAZ, JES\u00daS; TOUS, MERC\u00c8","codart":"849136246","libros-coleccion":"Relats de la B\u00edblia","ediciones":"1","encuadernacion":"Carton\u00e9","fecha_de_publicacion":"22\/11\/2019","novedad":"0","paginas":"32","subtitulo":"","orden":"0","portada":"0","idioma":"cat","booktrailer":"","linkebook":"","ficha":"849136246_1689070739.pdf","muestra":"","precioebook":"0","presentacion":"","resenas":"","traductores-libros":"","ilustradores-libros":"","formato":"","ebookportada":false,"recomendamos":"","mas_vendido":""},"aioseo_notices":[],"_links":{"self":[{"href":"https:\/\/www.claret.cat\/es\/wp-json\/wp\/v2\/product\/8693","targetHints":{"allow":["GET"]}}],"collection":[{"href":"https:\/\/www.claret.cat\/es\/wp-json\/wp\/v2\/product"}],"about":[{"href":"https:\/\/www.claret.cat\/es\/wp-json\/wp\/v2\/types\/product"}],"wp:featuredmedia":[{"embeddable":true,"href":"https:\/\/www.claret.cat\/es\/wp-json\/wp\/v2\/media\/380341"}],"wp:attachment":[{"href":"https:\/\/www.claret.cat\/es\/wp-json\/wp\/v2\/media?parent=8693"}],"wp:term":[{"taxonomy":"product_brand","embeddable":true,"href":"https:\/\/www.claret.cat\/es\/wp-json\/wp\/v2\/product_brand?post=8693"},{"taxonomy":"product_cat","embeddable":true,"href":"https:\/\/www.claret.cat\/es\/wp-json\/wp\/v2\/product_cat?post=8693"},{"taxonomy":"product_tag","embeddable":true,"href":"https:\/\/www.claret.cat\/es\/wp-json\/wp\/v2\/product_tag?post=8693"}],"curies":[{"name":"wp","href":"https:\/\/api.w.org\/{rel}","templated":true}]}}