{"id":86997,"date":"2022-10-11T17:59:28","date_gmt":"2022-10-11T15:59:28","guid":{"rendered":"http:\/\/dev.claret.cat\/producte\/qui-viu-al-jardi\/"},"modified":"2025-03-15T13:55:06","modified_gmt":"2025-03-15T12:55:06","slug":"qui-viu-al-jardi-9788418288142","status":"publish","type":"product","link":"https:\/\/www.claret.cat\/es\/libro\/qui-viu-al-jardi-9788418288142\/","title":{"rendered":"QUI VIU AL JARD\u00cd?"},"content":{"rendered":"<p>IL\u00b7LUSTRACIONS DE SONIA BARETTI FES LLISCAR LES SOLAPES I ESTIRA-LES PER DESCOBRIR QUINS ANIMALONS VIUEN AL JARD\u00cd TOT L&#8221;ANY.   Un llibre que reprodueix el popular joc del \u00abtat!\u00bb i estimula la motricitat fina. Ideal per a les mans m\u00e9s petites!   * Llibre interactiu ple de solapes i mecanismes dobles que fan del llibre una experi\u00e8ncia de joc interactiu molt adequada per a que els m\u00e9s petits millorin la seva comprensi\u00f3 del llenguatge, ampli\u00efn el seu vocabulari i estimulin la seva motricitat fina.<\/p>\n","protected":false},"excerpt":{"rendered":"<p>BARETTI, SONIA<\/p>\n","protected":false},"featured_media":318376,"template":"","meta":{"_acf_changed":false,"om_disable_all_campaigns":false,"rs_blank_template":"","rs_page_bg_color":"","slide_template_v7":"","inline_featured_image":false,"_monsterinsights_skip_tracking":false,"_monsterinsights_sitenote_active":false,"_monsterinsights_sitenote_note":"","_monsterinsights_sitenote_category":0},"product_brand":[],"product_cat":[131,361],"product_tag":[],"class_list":{"0":"post-86997","1":"product","2":"type-product","3":"status-publish","4":"has-post-thumbnail","6":"product_cat-contes-per-infants-0-6-anys","7":"product_cat-cuentos-para-ninos-0-6-anos","9":"first","10":"instock","11":"taxable","12":"shipping-taxable","13":"purchasable","14":"product-type-simple"},"acf":{"editorial":[{"ID":6145,"post_author":"3","post_date":"2022-07-28 17:45:51","post_date_gmt":"2022-07-28 15:45:51","post_content":"","post_title":"BINDI BOOKS","post_excerpt":"","post_status":"publish","comment_status":"closed","ping_status":"closed","post_password":"","post_name":"bindi-books","to_ping":"","pinged":"","post_modified":"2022-07-28 17:45:51","post_modified_gmt":"2022-07-28 15:45:51","post_content_filtered":"","post_parent":0,"guid":"http:\/\/dev.claret.cat\/editorial\/bindi-books\/","menu_order":0,"post_type":"editorial","post_mime_type":"","comment_count":"0","filter":"raw"}],"autores-libros":[{"ID":169657,"post_author":"3","post_date":"2022-10-14 22:28:59","post_date_gmt":"2022-10-14 20:28:59","post_content":"","post_title":"SONIA BARETTI","post_excerpt":"","post_status":"publish","comment_status":"closed","ping_status":"closed","post_password":"","post_name":"sonia-baretti","to_ping":"","pinged":"","post_modified":"2022-10-14 22:28:59","post_modified_gmt":"2022-10-14 20:28:59","post_content_filtered":"","post_parent":0,"guid":"http:\/\/dev.claret.cat\/autor\/sonia-baretti\/","menu_order":0,"post_type":"autor","post_mime_type":"","comment_count":"0","filter":"raw"}],"autor":"BARETTI, SONIA","codart":"841828814","libros-coleccion":"FORA DE COL.LECCI\u00d3","ediciones":"1","encuadernacion":"Carpeta","fecha_de_publicacion":"01\/06\/2021","novedad":"1","paginas":"12","subtitulo":"LLIBRES AMB SOLAPES DOBLES QUE REPRODUEIXEN EL JOC DEL 'TAT!'. IDEALS PER A LES","orden":"0","portada":"0","idioma":"cat"},"aioseo_notices":[],"_links":{"self":[{"href":"https:\/\/www.claret.cat\/es\/wp-json\/wp\/v2\/product\/86997","targetHints":{"allow":["GET"]}}],"collection":[{"href":"https:\/\/www.claret.cat\/es\/wp-json\/wp\/v2\/product"}],"about":[{"href":"https:\/\/www.claret.cat\/es\/wp-json\/wp\/v2\/types\/product"}],"wp:featuredmedia":[{"embeddable":true,"href":"https:\/\/www.claret.cat\/es\/wp-json\/wp\/v2\/media\/318376"}],"wp:attachment":[{"href":"https:\/\/www.claret.cat\/es\/wp-json\/wp\/v2\/media?parent=86997"}],"wp:term":[{"taxonomy":"product_brand","embeddable":true,"href":"https:\/\/www.claret.cat\/es\/wp-json\/wp\/v2\/product_brand?post=86997"},{"taxonomy":"product_cat","embeddable":true,"href":"https:\/\/www.claret.cat\/es\/wp-json\/wp\/v2\/product_cat?post=86997"},{"taxonomy":"product_tag","embeddable":true,"href":"https:\/\/www.claret.cat\/es\/wp-json\/wp\/v2\/product_tag?post=86997"}],"curies":[{"name":"wp","href":"https:\/\/api.w.org\/{rel}","templated":true}]}}