{"id":87006,"date":"2022-10-11T17:59:34","date_gmt":"2022-10-11T15:59:34","guid":{"rendered":"http:\/\/dev.claret.cat\/producte\/els-petits-gegants\/"},"modified":"2024-05-03T11:03:57","modified_gmt":"2024-05-03T09:03:57","slug":"els-petits-gegants-9788418522369","status":"publish","type":"product","link":"https:\/\/www.claret.cat\/es\/libro\/els-petits-gegants-9788418522369\/","title":{"rendered":"ELS PETITS GEGANTS"},"content":{"rendered":"<p>Sempre ens agrada saber coses dels altres. Tenim curiositat per entendre per qu\u00e8 s\u00f3n aix\u00ed i no aix\u00e0. Ara ho farem amb aquests personatges tan singulars que anomenem els gegants petits de Vilanova i la Geltr\u00fa. Diuen que els or\u00edgens i les tradicions sempre ens marquen i aix\u00ed va passar amb els nostres amics. Cada casa \u00e9s un m\u00f3n, i la Pubilla de cals Guineueta i l&#8221;Hereu de cals Melic ho saben prou b\u00e9. Els dos van n\u00e9ixer grans, alts, molt alts. A un li agradava, l&#8221;altre ho detestava. Fins que es van trobar.<\/p>\n","protected":false},"excerpt":{"rendered":"<p>MINELLA, MARTA<\/p>\n","protected":false},"featured_media":87007,"template":"","meta":{"_acf_changed":false,"om_disable_all_campaigns":false,"rs_blank_template":"","rs_page_bg_color":"","slide_template_v7":"","inline_featured_image":false,"_monsterinsights_skip_tracking":false,"_monsterinsights_sitenote_active":false,"_monsterinsights_sitenote_note":"","_monsterinsights_sitenote_category":0},"product_brand":[],"product_cat":[131,361],"product_tag":[],"class_list":{"0":"post-87006","1":"product","2":"type-product","3":"status-publish","4":"has-post-thumbnail","6":"product_cat-contes-per-infants-0-6-anys","7":"product_cat-cuentos-para-ninos-0-6-anos","9":"first","10":"instock","11":"taxable","12":"shipping-taxable","13":"purchasable","14":"product-type-simple"},"acf":{"autor":"MINELLA, MARTA","codart":"841852236","libros-coleccion":"FORA DE COL.LECCI\u00d3","ediciones":"1","encuadernacion":"Carton\u00e9","fecha_de_publicacion":"01\/04\/2021","novedad":"1","paginas":"45","subtitulo":"","orden":"0","portada":"0","idioma":"cat","editorial":[{"ID":148063,"post_author":"3","post_date":"2022-10-14 11:55:21","post_date_gmt":"2022-10-14 09:55:21","post_content":"","post_title":"EL CEP I LA NANSA EDICIONS","post_excerpt":"","post_status":"publish","comment_status":"closed","ping_status":"closed","post_password":"","post_name":"el-cep-i-la-nansa-edicions","to_ping":"","pinged":"","post_modified":"2022-10-14 11:55:21","post_modified_gmt":"2022-10-14 09:55:21","post_content_filtered":"","post_parent":0,"guid":"http:\/\/dev.claret.cat\/editorial\/el-cep-i-la-nansa-edicions\/","menu_order":0,"post_type":"editorial","post_mime_type":"","comment_count":"0","filter":"raw"}],"autores-libros":[{"ID":164182,"post_author":"3","post_date":"2022-10-14 17:45:02","post_date_gmt":"2022-10-14 15:45:02","post_content":"","post_title":"MARTA MINELLA","post_excerpt":"","post_status":"publish","comment_status":"closed","ping_status":"closed","post_password":"","post_name":"marta-minella","to_ping":"","pinged":"","post_modified":"2022-10-14 17:45:02","post_modified_gmt":"2022-10-14 15:45:02","post_content_filtered":"","post_parent":0,"guid":"http:\/\/dev.claret.cat\/autor\/marta-minella\/","menu_order":0,"post_type":"autor","post_mime_type":"","comment_count":"0","filter":"raw"}]},"aioseo_notices":[],"_links":{"self":[{"href":"https:\/\/www.claret.cat\/es\/wp-json\/wp\/v2\/product\/87006","targetHints":{"allow":["GET"]}}],"collection":[{"href":"https:\/\/www.claret.cat\/es\/wp-json\/wp\/v2\/product"}],"about":[{"href":"https:\/\/www.claret.cat\/es\/wp-json\/wp\/v2\/types\/product"}],"wp:featuredmedia":[{"embeddable":true,"href":"https:\/\/www.claret.cat\/es\/wp-json\/wp\/v2\/media\/87007"}],"wp:attachment":[{"href":"https:\/\/www.claret.cat\/es\/wp-json\/wp\/v2\/media?parent=87006"}],"wp:term":[{"taxonomy":"product_brand","embeddable":true,"href":"https:\/\/www.claret.cat\/es\/wp-json\/wp\/v2\/product_brand?post=87006"},{"taxonomy":"product_cat","embeddable":true,"href":"https:\/\/www.claret.cat\/es\/wp-json\/wp\/v2\/product_cat?post=87006"},{"taxonomy":"product_tag","embeddable":true,"href":"https:\/\/www.claret.cat\/es\/wp-json\/wp\/v2\/product_tag?post=87006"}],"curies":[{"name":"wp","href":"https:\/\/api.w.org\/{rel}","templated":true}]}}