{"id":87045,"date":"2022-10-11T18:00:02","date_gmt":"2022-10-11T16:00:02","guid":{"rendered":"http:\/\/dev.claret.cat\/producte\/ana-de-las-tejas-verdes-album\/"},"modified":"2025-04-07T12:04:19","modified_gmt":"2025-04-07T10:04:19","slug":"ana-de-las-tejas-verdes-album-9788427223790","status":"publish","type":"product","link":"https:\/\/www.claret.cat\/es\/libro\/ana-de-las-tejas-verdes-album-9788427223790\/","title":{"rendered":"ANA DE LAS TEJAS VERDES (\u00c1LBUM)"},"content":{"rendered":"<p>Ana Shirley es una hu\u00e9rfana un poco peculiar: so\u00f1adora, valiente e imaginativa, lleva la alegr\u00eda, y alg\u00fan que otro desastre, all\u00e1 donde va. Con su llegada al tranquilo pueblo de Avonlea, la vida de sus habitantes nunca volver\u00e1 a ser igual.<\/p>\n","protected":false},"excerpt":{"rendered":"<p>MONTGOMERY LUCY MAUD<\/p>\n","protected":false},"featured_media":87046,"template":"","meta":{"_acf_changed":false,"om_disable_all_campaigns":false,"rs_blank_template":"","rs_page_bg_color":"","slide_template_v7":"","inline_featured_image":false,"_monsterinsights_skip_tracking":false,"_monsterinsights_sitenote_active":false,"_monsterinsights_sitenote_note":"","_monsterinsights_sitenote_category":0},"product_brand":[],"product_cat":[131,361],"product_tag":[],"class_list":{"0":"post-87045","1":"product","2":"type-product","3":"status-publish","4":"has-post-thumbnail","6":"product_cat-contes-per-infants-0-6-anys","7":"product_cat-cuentos-para-ninos-0-6-anos","9":"first","10":"instock","11":"taxable","12":"shipping-taxable","13":"purchasable","14":"product-type-simple"},"acf":{"editorial":[{"ID":6346,"post_author":"3","post_date":"2022-07-28 17:50:13","post_date_gmt":"2022-07-28 15:50:13","post_content":"","post_title":"RBA Molino","post_excerpt":"","post_status":"publish","comment_status":"closed","ping_status":"closed","post_password":"","post_name":"rba-molino","to_ping":"","pinged":"","post_modified":"2022-07-28 17:50:13","post_modified_gmt":"2022-07-28 15:50:13","post_content_filtered":"","post_parent":0,"guid":"http:\/\/dev.claret.cat\/editorial\/rba-molino\/","menu_order":0,"post_type":"editorial","post_mime_type":"","comment_count":"0","filter":"raw"}],"autor":"MONTGOMERY LUCY MAUD","codart":"842722379","libros-coleccion":"COFRE ENCANTADO","ediciones":"1","encuadernacion":"Carton\u00e9","fecha_de_publicacion":"01\/06\/2021","novedad":"1","paginas":"45","subtitulo":"","orden":"0","portada":"0","idioma":"spa","autores-libros":[{"ID":165372,"post_author":"3","post_date":"2022-10-14 17:54:39","post_date_gmt":"2022-10-14 15:54:39","post_content":"","post_title":"MONTGOMERY LUCY MAUD","post_excerpt":"","post_status":"publish","comment_status":"closed","ping_status":"closed","post_password":"","post_name":"montgomery-lucy-maud","to_ping":"","pinged":"","post_modified":"2022-10-14 17:54:39","post_modified_gmt":"2022-10-14 15:54:39","post_content_filtered":"","post_parent":0,"guid":"http:\/\/dev.claret.cat\/autor\/montgomery-lucy-maud\/","menu_order":0,"post_type":"autor","post_mime_type":"","comment_count":"0","filter":"raw"}]},"aioseo_notices":[],"_links":{"self":[{"href":"https:\/\/www.claret.cat\/es\/wp-json\/wp\/v2\/product\/87045","targetHints":{"allow":["GET"]}}],"collection":[{"href":"https:\/\/www.claret.cat\/es\/wp-json\/wp\/v2\/product"}],"about":[{"href":"https:\/\/www.claret.cat\/es\/wp-json\/wp\/v2\/types\/product"}],"wp:featuredmedia":[{"embeddable":true,"href":"https:\/\/www.claret.cat\/es\/wp-json\/wp\/v2\/media\/87046"}],"wp:attachment":[{"href":"https:\/\/www.claret.cat\/es\/wp-json\/wp\/v2\/media?parent=87045"}],"wp:term":[{"taxonomy":"product_brand","embeddable":true,"href":"https:\/\/www.claret.cat\/es\/wp-json\/wp\/v2\/product_brand?post=87045"},{"taxonomy":"product_cat","embeddable":true,"href":"https:\/\/www.claret.cat\/es\/wp-json\/wp\/v2\/product_cat?post=87045"},{"taxonomy":"product_tag","embeddable":true,"href":"https:\/\/www.claret.cat\/es\/wp-json\/wp\/v2\/product_tag?post=87045"}],"curies":[{"name":"wp","href":"https:\/\/api.w.org\/{rel}","templated":true}]}}