{"id":8708,"date":"2022-09-30T12:14:22","date_gmt":"2022-09-30T10:14:22","guid":{"rendered":"http:\/\/dev.claret.cat\/producte\/rut-cast\/"},"modified":"2026-04-24T13:37:42","modified_gmt":"2026-04-24T11:37:42","slug":"rut-cast-9788491362883","status":"publish","type":"product","link":"https:\/\/www.claret.cat\/es\/libro\/rut-cast-9788491362883\/","title":{"rendered":"RUT (CAST)"},"content":{"rendered":"<p>Este relato de la Biblia invita a confiar en Dios tambi&eacute;n en circunstancias adversas. Como dice el refr&aacute;n, &laquo;cuando se cierra una puerta se abre una ventana&raquo;. Los israelitas ten&iacute;an experiencia de lo que era vivir en un pa&iacute;s extranjero. Hab&iacute;an vivido en Egipto. Rut es una narraci&oacute;n a favor de los emigrantes, de los que ofrece una visi&oacute;n muy positiva, y muestra la importancia de la mujer en la historia de Israel. Nos cuenta la experiencia de una familia israelita que emigra por necesidad. Solo regresar&aacute; Noem&iacute;, a la que acompa&ntilde;a su nuera, Rut, para que la anciana no est&eacute; sola. Aunque es extranjera, la joven encuentra una buena acogida entre los israelitas. Este texto sigue estando de plena actualidad porque actualmente sigue habiendo muchos emigrantes.<\/p>\n<p>Puedes descargarte el primer cap&iacute;tulo haciendo clic <a href='https:\/\/drive.google.com\/file\/d\/1ddujXdLkEbSc6SIbadtN0WiG8YnKWtek\/view'>aqu&iacute;<\/a>.<\/p>\n","protected":false},"excerpt":{"rendered":"<p>BALLAZ, JES\u00daS; TOUS, MERC\u00c8<\/p>\n","protected":false},"featured_media":380347,"template":"","meta":{"_acf_changed":false,"om_disable_all_campaigns":false,"rs_blank_template":"","rs_page_bg_color":"","slide_template_v7":"","inline_featured_image":false,"_monsterinsights_skip_tracking":false,"_monsterinsights_sitenote_active":false,"_monsterinsights_sitenote_note":"","_monsterinsights_sitenote_category":0},"product_brand":[],"product_cat":[581,582],"product_tag":[],"class_list":{"0":"post-8708","1":"product","2":"type-product","3":"status-publish","4":"has-post-thumbnail","6":"product_cat-editorial-claret","7":"product_cat-portada-es","9":"first","10":"instock","11":"taxable","12":"shipping-taxable","13":"purchasable","14":"product-type-simple"},"acf":{"editorial":[{"ID":6158,"post_author":"3","post_date":"2022-07-28 17:46:08","post_date_gmt":"2022-07-28 15:46:08","post_content":"","post_title":"CLARET","post_excerpt":"","post_status":"publish","comment_status":"closed","ping_status":"closed","post_password":"","post_name":"claret","to_ping":"","pinged":"","post_modified":"2022-07-28 17:46:08","post_modified_gmt":"2022-07-28 15:46:08","post_content_filtered":"","post_parent":0,"guid":"http:\/\/dev.claret.cat\/editorial\/claret\/","menu_order":0,"post_type":"editorial","post_mime_type":"","comment_count":"0","filter":"raw"}],"autores-libros":[{"ID":5835,"post_author":"3","post_date":"2022-07-28 17:32:30","post_date_gmt":"2022-07-28 15:32:30","post_content":"","post_title":"MERC\u00c8 TOUS","post_excerpt":"","post_status":"publish","comment_status":"closed","ping_status":"closed","post_password":"","post_name":"merce-tous","to_ping":"","pinged":"","post_modified":"2022-07-28 17:32:30","post_modified_gmt":"2022-07-28 15:32:30","post_content_filtered":"","post_parent":0,"guid":"http:\/\/dev.claret.cat\/autor\/merce-tous\/","menu_order":0,"post_type":"autor","post_mime_type":"","comment_count":"0","filter":"raw"},{"ID":5587,"post_author":"3","post_date":"2022-07-28 17:27:12","post_date_gmt":"2022-07-28 15:27:12","post_content":"","post_title":"JES\u00daS BALLAZ","post_excerpt":"","post_status":"publish","comment_status":"closed","ping_status":"closed","post_password":"","post_name":"jesus-ballaz","to_ping":"","pinged":"","post_modified":"2022-07-28 17:27:12","post_modified_gmt":"2022-07-28 15:27:12","post_content_filtered":"","post_parent":0,"guid":"http:\/\/dev.claret.cat\/autor\/jesus-ballaz\/","menu_order":0,"post_type":"autor","post_mime_type":"","comment_count":"0","filter":"raw"}],"autor":"BALLAZ, JES\u00daS; TOUS, MERC\u00c8","codart":"849136288","libros-coleccion":"Relatos de la  Biblia","ediciones":"1","encuadernacion":"Carton\u00e9","fecha_de_publicacion":"16\/04\/2020","novedad":"0","paginas":"32","subtitulo":"LA EXTRANJERA QUE SALVA","orden":"0","portada":"0","idioma":"spa","booktrailer":"","linkebook":"","ficha":"849136288_1689075481.pdf","muestra":"","precioebook":"0","presentacion":"","resenas":"","traductores-libros":"","ilustradores-libros":"","formato":"","ebookportada":false,"recomendamos":"","mas_vendido":""},"aioseo_notices":[],"_links":{"self":[{"href":"https:\/\/www.claret.cat\/es\/wp-json\/wp\/v2\/product\/8708","targetHints":{"allow":["GET"]}}],"collection":[{"href":"https:\/\/www.claret.cat\/es\/wp-json\/wp\/v2\/product"}],"about":[{"href":"https:\/\/www.claret.cat\/es\/wp-json\/wp\/v2\/types\/product"}],"wp:featuredmedia":[{"embeddable":true,"href":"https:\/\/www.claret.cat\/es\/wp-json\/wp\/v2\/media\/380347"}],"wp:attachment":[{"href":"https:\/\/www.claret.cat\/es\/wp-json\/wp\/v2\/media?parent=8708"}],"wp:term":[{"taxonomy":"product_brand","embeddable":true,"href":"https:\/\/www.claret.cat\/es\/wp-json\/wp\/v2\/product_brand?post=8708"},{"taxonomy":"product_cat","embeddable":true,"href":"https:\/\/www.claret.cat\/es\/wp-json\/wp\/v2\/product_cat?post=8708"},{"taxonomy":"product_tag","embeddable":true,"href":"https:\/\/www.claret.cat\/es\/wp-json\/wp\/v2\/product_tag?post=8708"}],"curies":[{"name":"wp","href":"https:\/\/api.w.org\/{rel}","templated":true}]}}