{"id":87093,"date":"2022-10-11T18:00:37","date_gmt":"2022-10-11T16:00:37","guid":{"rendered":"http:\/\/dev.claret.cat\/producte\/la-excavacion\/"},"modified":"2023-01-28T03:17:45","modified_gmt":"2023-01-28T02:17:45","slug":"la-excavacion-9788418059872","status":"publish","type":"product","link":"https:\/\/www.claret.cat\/es\/libro\/la-excavacion-9788418059872\/","title":{"rendered":"LA EXCAVACI\u00d3N"},"content":{"rendered":"<p>El libro en que se ha inspirado una de las grandes pel\u00edculas de Netflix, The Dig.<\/p>\n<p>En el largo y caluroso verano del a\u00f1o 1939 Inglaterra se prepara para la guerra. Pero en una peque\u00f1a granja junto al r\u00edo, cerca de Suffolk, ajena a cuanto acontece m\u00e1s all\u00e1 de sus lindes, se vive otro tipo de historia, una que poco o nada tiene que ver con las nubes oscuras que se arremolinan sobre el continente. La se\u00f1ora Pretty, una granjera viuda, con la ayuda de Basil Brown, un arque\u00f3logo de habilidades m\u00e1s bien poco ortodoxas y muy dado a la reflexi\u00f3n, ha demostrado estar en lo cierto en lo que concierne a los mont\u00edculos que hay en su propiedad. Nadie daba demasiado por ellos, pero pronto descubrir\u00e1n que esconden uno de los mayores tesoros arqueol\u00f3gicos de la historia.<\/p>\n<p>Un evocador drama humano de pasi\u00f3n, rivalidad y arrepentimiento en los albores de la Segunda Guerra Mundial.<\/p>\n<p>\u00abFascinante, exquisitamente original.\u00bb Ian McEwan<\/p>\n<p>\u00abUna apasionante historia de amor y de p\u00e9rdida, un verdadero tesoro literario.\u00bb Robert Harris<\/p>\n<p>\u00abBrilla con nostalgia y pesar. Es algo completamente maravilloso.\u00bb New York Times<\/p>\n<p>\u00abUna novela conmovedora, perfectamente tramada.\u00bb Spectator<\/p>\n<p>\u00abUna evocaci\u00f3n maravillosa de una \u00e9poca perdida.\u00bb Sunday Times<\/p>\n<p>\u00abMaravilloso, evocador. De una historia de barro y suciedad, Preston ha sacado oro.\u00bb Observer<\/p>\n","protected":false},"excerpt":{"rendered":"<p>PRESTON, JOHN<\/p>\n","protected":false},"featured_media":87094,"template":"","meta":{"_acf_changed":false,"om_disable_all_campaigns":false,"rs_blank_template":"","rs_page_bg_color":"","slide_template_v7":"","inline_featured_image":false,"_monsterinsights_skip_tracking":false,"_monsterinsights_sitenote_active":false,"_monsterinsights_sitenote_note":"","_monsterinsights_sitenote_category":0},"product_brand":[],"product_cat":[127],"product_tag":[],"class_list":{"0":"post-87093","1":"product","2":"type-product","3":"status-publish","4":"has-post-thumbnail","6":"product_cat-novella-contemporania","8":"first","9":"instock","10":"taxable","11":"shipping-taxable","12":"purchasable","13":"product-type-simple"},"acf":{"autor":"PRESTON, JOHN","codart":"841805987","libros-coleccion":"Catedral","ediciones":"1","encuadernacion":"R\u00fastica","fecha_de_publicacion":"01\/06\/2021","novedad":"1","paginas":"271","subtitulo":"","orden":"0","portada":"0","idioma":"spa","editorial":[{"ID":147610,"post_author":"3","post_date":"2022-10-14 11:51:54","post_date_gmt":"2022-10-14 09:51:54","post_content":"","post_title":"Catedral","post_excerpt":"","post_status":"publish","comment_status":"closed","ping_status":"closed","post_password":"","post_name":"catedral","to_ping":"","pinged":"","post_modified":"2022-10-14 11:51:54","post_modified_gmt":"2022-10-14 09:51:54","post_content_filtered":"","post_parent":0,"guid":"http:\/\/dev.claret.cat\/editorial\/catedral\/","menu_order":0,"post_type":"editorial","post_mime_type":"","comment_count":"0","filter":"raw"}],"autores-libros":[{"ID":159693,"post_author":"3","post_date":"2022-10-14 15:46:57","post_date_gmt":"2022-10-14 13:46:57","post_content":"","post_title":"JOHN PRESTON","post_excerpt":"","post_status":"publish","comment_status":"closed","ping_status":"closed","post_password":"","post_name":"john-preston","to_ping":"","pinged":"","post_modified":"2022-10-14 15:46:57","post_modified_gmt":"2022-10-14 13:46:57","post_content_filtered":"","post_parent":0,"guid":"http:\/\/dev.claret.cat\/autor\/john-preston\/","menu_order":0,"post_type":"autor","post_mime_type":"","comment_count":"0","filter":"raw"}]},"aioseo_notices":[],"_links":{"self":[{"href":"https:\/\/www.claret.cat\/es\/wp-json\/wp\/v2\/product\/87093","targetHints":{"allow":["GET"]}}],"collection":[{"href":"https:\/\/www.claret.cat\/es\/wp-json\/wp\/v2\/product"}],"about":[{"href":"https:\/\/www.claret.cat\/es\/wp-json\/wp\/v2\/types\/product"}],"wp:featuredmedia":[{"embeddable":true,"href":"https:\/\/www.claret.cat\/es\/wp-json\/wp\/v2\/media\/87094"}],"wp:attachment":[{"href":"https:\/\/www.claret.cat\/es\/wp-json\/wp\/v2\/media?parent=87093"}],"wp:term":[{"taxonomy":"product_brand","embeddable":true,"href":"https:\/\/www.claret.cat\/es\/wp-json\/wp\/v2\/product_brand?post=87093"},{"taxonomy":"product_cat","embeddable":true,"href":"https:\/\/www.claret.cat\/es\/wp-json\/wp\/v2\/product_cat?post=87093"},{"taxonomy":"product_tag","embeddable":true,"href":"https:\/\/www.claret.cat\/es\/wp-json\/wp\/v2\/product_tag?post=87093"}],"curies":[{"name":"wp","href":"https:\/\/api.w.org\/{rel}","templated":true}]}}