{"id":87126,"date":"2022-10-11T18:01:00","date_gmt":"2022-10-11T16:01:00","guid":{"rendered":"http:\/\/dev.claret.cat\/producte\/hay-esperanza-la-fascinacion-de-un-descubrimiento\/"},"modified":"2023-07-15T11:05:45","modified_gmt":"2023-07-15T09:05:45","slug":"hay-esperanza-la-fascinacion-de-un-descubrimiento-9788409309900","status":"publish","type":"product","link":"https:\/\/www.claret.cat\/es\/libro\/hay-esperanza-la-fascinacion-de-un-descubrimiento-9788409309900\/","title":{"rendered":"\u00bfHAY ESPERANZA? LA FASCINACI\u00d3N DE UN DESCUBRIMIENTO"},"content":{"rendered":"<p>En este libro el presidente de la Fraternidad de Comuni\u00f3n y Liberaci\u00f3n aborda una de las preguntas m\u00e1s habituales de este tiempo dominado por la incertidumbre: \u00ab\u00bfHay esperanza?\u00bb. El impacto con la dureza de la realidad ha sacado a la luz toda la necesidad humana. Adem\u00e1s, tal vez a\u00fan m\u00e1s en estos tiempos tan dram\u00e1ticos, ning\u00fan coraz\u00f3n se conforma con respuestas parciales y grita el deseo de algo que est\u00e9 realmente a la altura del desaf\u00edo.  \u00abUn imprevisto es la \u00fanica esperanza\u00bb, dec\u00eda Montale. A lo largo de la historia resuena el anuncio de este imprevisto que caus\u00f3 un sobresalto en los primeros que conocieron a Jes\u00fas. Desde entonces, la semilla de la esperanza entr\u00f3 en el mundo y sigue hundiendo sus ra\u00edces en personas con las que se encuentra, cuyo coraz\u00f3n se reanima y vuelve a vibrar, despertando una \u00abextra\u00f1a positividad\u00bb y una audacia capaz de desafiar al mal, al dolor e incluso a la muerte en virtud de una experiencia presente<\/p>\n","protected":false},"excerpt":{"rendered":"<p>CARR\u00d3N P\u00c9REZ, JULI\u00c1N<\/p>\n","protected":false},"featured_media":452078,"template":"","meta":{"_acf_changed":false,"om_disable_all_campaigns":false,"rs_blank_template":"","rs_page_bg_color":"","slide_template_v7":"","inline_featured_image":false,"_monsterinsights_skip_tracking":false,"_monsterinsights_sitenote_active":false,"_monsterinsights_sitenote_note":"","_monsterinsights_sitenote_category":0},"product_brand":[],"product_cat":[485,232],"product_tag":[],"class_list":{"0":"post-87126","1":"product","2":"type-product","3":"status-publish","4":"has-post-thumbnail","6":"product_cat-autores-espiritualidad-1_espiritualidad","7":"product_cat-autors-espiritualitat","9":"first","10":"instock","11":"taxable","12":"shipping-taxable","13":"purchasable","14":"product-type-simple"},"acf":{"editorial":[{"ID":6167,"post_author":"3","post_date":"2022-07-28 17:46:20","post_date_gmt":"2022-07-28 15:46:20","post_content":"","post_title":"COMISSI\u00d3 AGENDA LLATINOAMERICANA","post_excerpt":"","post_status":"publish","comment_status":"closed","ping_status":"closed","post_password":"","post_name":"comissio-agenda-llatinoamericana","to_ping":"","pinged":"","post_modified":"2022-07-28 17:46:20","post_modified_gmt":"2022-07-28 15:46:20","post_content_filtered":"","post_parent":0,"guid":"http:\/\/dev.claret.cat\/editorial\/comissio-agenda-llatinoamericana\/","menu_order":0,"post_type":"editorial","post_mime_type":"","comment_count":"0","filter":"raw"}],"autores-libros":[{"ID":5692,"post_author":"3","post_date":"2022-07-28 17:29:26","post_date_gmt":"2022-07-28 15:29:26","post_content":"","post_title":"JULI\u00c1N CARR\u00d3N P\u00c9REZ","post_excerpt":"","post_status":"publish","comment_status":"closed","ping_status":"closed","post_password":"","post_name":"julian-carron-perez","to_ping":"","pinged":"","post_modified":"2022-07-28 17:29:26","post_modified_gmt":"2022-07-28 15:29:26","post_content_filtered":"","post_parent":0,"guid":"http:\/\/dev.claret.cat\/autor\/julian-carron-perez\/","menu_order":0,"post_type":"autor","post_mime_type":"","comment_count":"0","filter":"raw"}],"autor":"CARR\u00d3N P\u00c9REZ, JULI\u00c1N","codart":"840930990","libros-coleccion":"","ediciones":"1","encuadernacion":"R\u00fastica","fecha_de_publicacion":"01\/06\/2021","novedad":"1","paginas":"219","subtitulo":"","orden":"0","portada":"0","idioma":"spa"},"aioseo_notices":[],"_links":{"self":[{"href":"https:\/\/www.claret.cat\/es\/wp-json\/wp\/v2\/product\/87126","targetHints":{"allow":["GET"]}}],"collection":[{"href":"https:\/\/www.claret.cat\/es\/wp-json\/wp\/v2\/product"}],"about":[{"href":"https:\/\/www.claret.cat\/es\/wp-json\/wp\/v2\/types\/product"}],"wp:featuredmedia":[{"embeddable":true,"href":"https:\/\/www.claret.cat\/es\/wp-json\/wp\/v2\/media\/452078"}],"wp:attachment":[{"href":"https:\/\/www.claret.cat\/es\/wp-json\/wp\/v2\/media?parent=87126"}],"wp:term":[{"taxonomy":"product_brand","embeddable":true,"href":"https:\/\/www.claret.cat\/es\/wp-json\/wp\/v2\/product_brand?post=87126"},{"taxonomy":"product_cat","embeddable":true,"href":"https:\/\/www.claret.cat\/es\/wp-json\/wp\/v2\/product_cat?post=87126"},{"taxonomy":"product_tag","embeddable":true,"href":"https:\/\/www.claret.cat\/es\/wp-json\/wp\/v2\/product_tag?post=87126"}],"curies":[{"name":"wp","href":"https:\/\/api.w.org\/{rel}","templated":true}]}}