{"id":87214,"date":"2022-10-11T18:02:06","date_gmt":"2022-10-11T16:02:06","guid":{"rendered":"http:\/\/dev.claret.cat\/producte\/lo-mejor-de-los-pirineos-1\/"},"modified":"2023-01-28T23:01:18","modified_gmt":"2023-01-28T22:01:18","slug":"lo-mejor-de-los-pirineos-1-9788408238164","status":"publish","type":"product","link":"https:\/\/www.claret.cat\/es\/libro\/lo-mejor-de-los-pirineos-1-9788408238164\/","title":{"rendered":"LO MEJOR DE LOS PIRINEOS 1"},"content":{"rendered":"<p>Lonely Planet presenta su primera gu\u00eda de los Pirineos, en la que ha investigado de primera mano las mejores experiencias y lugares para disfrutarlo.<br \/> A lo largo de 430 km de frontera natural entre Espa\u00f1a y Francia, y con Andorra en el centro, la los Pirineos son el destino ideal para conectar con la naturaleza en cualquier \u00e9poca del a\u00f1o. Grandes picos dan paso a valles, suaves o muy cerrados, recorridos por caudalosos r\u00edos y donde se asientan encantadoras aldeas. Alberga cuatro parques nacionales y m\u00e1s de una decena de parques naturales, hogar de numerosas especies, entre ellas su fauna aut\u00f3ctona, en algunos casos en peligro de extinci\u00f3n, como el oso pardo. un para\u00edso para cualquier viajero.<br \/> Los Pirineos son un para\u00edso para cualquier viajero. En invierno, los esquiadores disfrutan de sus afamadas pistas, como Baqueira-Beret o Grand Tourmalet, y son sustituidos al llegar la primavera por senderistas, practicantes del trekking de alta monta\u00f1a y ciclistas, algunos de los cuales se disponen a recorrer la Traspirenaica. Esta cordillera es tambi\u00e9n destino de familias, con sus parajes naturales, centros de interpretaci\u00f3n y actividades al aire libre; de amantes del bienestar, con sus spas y balnearios; de la cultura, con su arquitectura rom\u00e1nica y tradicional, y de su gastronom\u00eda, intensa y de temporada.<br \/> Esta gu\u00eda cubre el Pirineo vasco-navarro, el Pirineo aragon\u00e9s, el Pirineo catal\u00e1n, Andorra, los Pirineos orientales y la Catalu\u00f1a Francesa, Air\u00e8ge y el pa\u00eds de Cominges, los Altos Pirineos y el Pirineo vasco franc\u00e9s y Bearne.<\/p>\n","protected":false},"excerpt":{"rendered":"<p>MONNER, JORDI \/ BASSI, GIACOMO \/ DEROUARD, HUGUES \/ THI\u00c8SE, \u00c9MILIE \/ CIRENDINI,<\/p>\n","protected":false},"featured_media":87215,"template":"","meta":{"_acf_changed":false,"om_disable_all_campaigns":false,"rs_blank_template":"","rs_page_bg_color":"","slide_template_v7":"","inline_featured_image":false,"_monsterinsights_skip_tracking":false,"_monsterinsights_sitenote_active":false,"_monsterinsights_sitenote_note":"","_monsterinsights_sitenote_category":0},"product_brand":[],"product_cat":[107],"product_tag":[],"class_list":{"0":"post-87214","1":"product","2":"type-product","3":"status-publish","4":"has-post-thumbnail","6":"product_cat-guies-de-viatge","8":"first","9":"instock","10":"taxable","11":"shipping-taxable","12":"purchasable","13":"product-type-simple"},"acf":{"editorial":[{"ID":6233,"post_author":"3","post_date":"2022-07-28 17:47:48","post_date_gmt":"2022-07-28 15:47:48","post_content":"","post_title":"EDITORIAL PLANETA","post_excerpt":"","post_status":"publish","comment_status":"closed","ping_status":"closed","post_password":"","post_name":"editorial-planeta","to_ping":"","pinged":"","post_modified":"2022-07-28 17:47:48","post_modified_gmt":"2022-07-28 15:47:48","post_content_filtered":"","post_parent":0,"guid":"http:\/\/dev.claret.cat\/editorial\/editorial-planeta\/","menu_order":0,"post_type":"editorial","post_mime_type":"","comment_count":"0","filter":"raw"}],"autores-libros":[{"ID":159951,"post_author":"3","post_date":"2022-10-14 15:49:04","post_date_gmt":"2022-10-14 13:49:04","post_content":"","post_title":"JORDI MONNER","post_excerpt":"","post_status":"publish","comment_status":"closed","ping_status":"closed","post_password":"","post_name":"jordi-monner","to_ping":"","pinged":"","post_modified":"2022-10-14 15:49:04","post_modified_gmt":"2022-10-14 13:49:04","post_content_filtered":"","post_parent":0,"guid":"http:\/\/dev.claret.cat\/autor\/jordi-monner\/","menu_order":0,"post_type":"autor","post_mime_type":"","comment_count":"0","filter":"raw"},{"ID":156846,"post_author":"3","post_date":"2022-10-14 15:24:05","post_date_gmt":"2022-10-14 13:24:05","post_content":"","post_title":"GIACOMO BASSI","post_excerpt":"","post_status":"publish","comment_status":"closed","ping_status":"closed","post_password":"","post_name":"giacomo-bassi","to_ping":"","pinged":"","post_modified":"2022-10-14 15:24:05","post_modified_gmt":"2022-10-14 13:24:05","post_content_filtered":"","post_parent":0,"guid":"http:\/\/dev.claret.cat\/autor\/giacomo-bassi\/","menu_order":0,"post_type":"autor","post_mime_type":"","comment_count":"0","filter":"raw"},{"ID":157681,"post_author":"3","post_date":"2022-10-14 15:30:46","post_date_gmt":"2022-10-14 13:30:46","post_content":"","post_title":"HUGUES DEROUARD","post_excerpt":"","post_status":"publish","comment_status":"closed","ping_status":"closed","post_password":"","post_name":"hugues-derouard","to_ping":"","pinged":"","post_modified":"2022-10-14 15:30:46","post_modified_gmt":"2022-10-14 13:30:46","post_content_filtered":"","post_parent":0,"guid":"http:\/\/dev.claret.cat\/autor\/hugues-derouard\/","menu_order":0,"post_type":"autor","post_mime_type":"","comment_count":"0","filter":"raw"},{"ID":154979,"post_author":"3","post_date":"2022-10-14 15:09:11","post_date_gmt":"2022-10-14 13:09:11","post_content":"","post_title":"\u00c9MILIE THI\u00c8SE","post_excerpt":"","post_status":"publish","comment_status":"closed","ping_status":"closed","post_password":"","post_name":"emilie-thiese","to_ping":"","pinged":"","post_modified":"2022-10-14 15:09:11","post_modified_gmt":"2022-10-14 13:09:11","post_content_filtered":"","post_parent":0,"guid":"http:\/\/dev.claret.cat\/autor\/emilie-thiese\/","menu_order":0,"post_type":"autor","post_mime_type":"","comment_count":"0","filter":"raw"},{"ID":152996,"post_author":"3","post_date":"2022-10-14 14:53:15","post_date_gmt":"2022-10-14 12:53:15","post_content":"","post_title":"CIRENDINI","post_excerpt":"","post_status":"publish","comment_status":"closed","ping_status":"closed","post_password":"","post_name":"cirendini","to_ping":"","pinged":"","post_modified":"2022-10-14 14:53:15","post_modified_gmt":"2022-10-14 12:53:15","post_content_filtered":"","post_parent":0,"guid":"http:\/\/dev.claret.cat\/autor\/cirendini\/","menu_order":0,"post_type":"autor","post_mime_type":"","comment_count":"0","filter":"raw"}],"autor":"MONNER, JORDI \/ BASSI, GIACOMO \/ DEROUARD, HUGUES \/ THI\u00c8SE, \u00c9MILIE \/ CIRENDINI,","codart":"840823816","libros-coleccion":"FORA DE COL.LECCI\u00d3","ediciones":"1","encuadernacion":"R\u00fastica","fecha_de_publicacion":"01\/04\/2021","novedad":"1","paginas":"474","subtitulo":"","orden":"0","portada":"0","idioma":"spa"},"aioseo_notices":[],"_links":{"self":[{"href":"https:\/\/www.claret.cat\/es\/wp-json\/wp\/v2\/product\/87214","targetHints":{"allow":["GET"]}}],"collection":[{"href":"https:\/\/www.claret.cat\/es\/wp-json\/wp\/v2\/product"}],"about":[{"href":"https:\/\/www.claret.cat\/es\/wp-json\/wp\/v2\/types\/product"}],"wp:featuredmedia":[{"embeddable":true,"href":"https:\/\/www.claret.cat\/es\/wp-json\/wp\/v2\/media\/87215"}],"wp:attachment":[{"href":"https:\/\/www.claret.cat\/es\/wp-json\/wp\/v2\/media?parent=87214"}],"wp:term":[{"taxonomy":"product_brand","embeddable":true,"href":"https:\/\/www.claret.cat\/es\/wp-json\/wp\/v2\/product_brand?post=87214"},{"taxonomy":"product_cat","embeddable":true,"href":"https:\/\/www.claret.cat\/es\/wp-json\/wp\/v2\/product_cat?post=87214"},{"taxonomy":"product_tag","embeddable":true,"href":"https:\/\/www.claret.cat\/es\/wp-json\/wp\/v2\/product_tag?post=87214"}],"curies":[{"name":"wp","href":"https:\/\/api.w.org\/{rel}","templated":true}]}}