{"id":87223,"date":"2022-10-11T18:02:14","date_gmt":"2022-10-11T16:02:14","guid":{"rendered":"http:\/\/dev.claret.cat\/producte\/lanzarote-de-cerca-1\/"},"modified":"2023-01-28T01:05:49","modified_gmt":"2023-01-28T00:05:49","slug":"lanzarote-de-cerca-1-9788408240235","status":"publish","type":"product","link":"https:\/\/www.claret.cat\/es\/libro\/lanzarote-de-cerca-1-9788408240235\/","title":{"rendered":"LANZAROTE DE CERCA 1"},"content":{"rendered":"<p>Un alucinante mar de paisajes volc\u00e1nicos te\u00f1idos de p\u00farpura y rojo-\u00f3xido, la isla de C\u00e9sar Manrique sorprende y enamora al visitante en cada esquina. Con peque\u00f1os pueblos de casas bajas pintadas de blanco; piscinas naturales de aguas brillantes que se confunden con la inmensidad del Atl\u00e1ntico; playas irresistibles de arena dorada u oscura arena volc\u00e1nica y una gastronom\u00eda fabulosa y llena de creatividad, esta isla es una fiesta para los sentidos y ofrece un marco incomparable para disfrutar de naturaleza y arte.<\/p>\n","protected":false},"excerpt":{"rendered":"<p>NOBLE, ISABELLA<\/p>\n","protected":false},"featured_media":274641,"template":"","meta":{"_acf_changed":false,"om_disable_all_campaigns":false,"rs_blank_template":"","rs_page_bg_color":"","slide_template_v7":"","inline_featured_image":false,"_monsterinsights_skip_tracking":false,"_monsterinsights_sitenote_active":false,"_monsterinsights_sitenote_note":"","_monsterinsights_sitenote_category":0},"product_brand":[],"product_cat":[90,540],"product_tag":[],"class_list":{"0":"post-87223","1":"product","2":"type-product","3":"status-publish","4":"has-post-thumbnail","6":"product_cat-altres","7":"product_cat-otros","9":"first","10":"instock","11":"taxable","12":"shipping-taxable","13":"purchasable","14":"product-type-simple"},"acf":{"editorial":[{"ID":6233,"post_author":"3","post_date":"2022-07-28 17:47:48","post_date_gmt":"2022-07-28 15:47:48","post_content":"","post_title":"EDITORIAL PLANETA","post_excerpt":"","post_status":"publish","comment_status":"closed","ping_status":"closed","post_password":"","post_name":"editorial-planeta","to_ping":"","pinged":"","post_modified":"2022-07-28 17:47:48","post_modified_gmt":"2022-07-28 15:47:48","post_content_filtered":"","post_parent":0,"guid":"http:\/\/dev.claret.cat\/editorial\/editorial-planeta\/","menu_order":0,"post_type":"editorial","post_mime_type":"","comment_count":"0","filter":"raw"}],"autores-libros":[{"ID":158102,"post_author":"3","post_date":"2022-10-14 15:34:10","post_date_gmt":"2022-10-14 13:34:10","post_content":"","post_title":"ISABELLA NOBLE","post_excerpt":"","post_status":"publish","comment_status":"closed","ping_status":"closed","post_password":"","post_name":"isabella-noble","to_ping":"","pinged":"","post_modified":"2022-10-14 15:34:10","post_modified_gmt":"2022-10-14 13:34:10","post_content_filtered":"","post_parent":0,"guid":"http:\/\/dev.claret.cat\/autor\/isabella-noble\/","menu_order":0,"post_type":"autor","post_mime_type":"","comment_count":"0","filter":"raw"}],"autor":"NOBLE, ISABELLA","codart":"840824023","libros-coleccion":"GU\u00cdAS DE CERCA LONELY PLANET","ediciones":"1","encuadernacion":"R\u00fastica","fecha_de_publicacion":"01\/05\/2021","novedad":"1","paginas":"160","subtitulo":"","orden":"0","portada":"0","idioma":"spa"},"aioseo_notices":[],"_links":{"self":[{"href":"https:\/\/www.claret.cat\/es\/wp-json\/wp\/v2\/product\/87223","targetHints":{"allow":["GET"]}}],"collection":[{"href":"https:\/\/www.claret.cat\/es\/wp-json\/wp\/v2\/product"}],"about":[{"href":"https:\/\/www.claret.cat\/es\/wp-json\/wp\/v2\/types\/product"}],"wp:featuredmedia":[{"embeddable":true,"href":"https:\/\/www.claret.cat\/es\/wp-json\/wp\/v2\/media\/274641"}],"wp:attachment":[{"href":"https:\/\/www.claret.cat\/es\/wp-json\/wp\/v2\/media?parent=87223"}],"wp:term":[{"taxonomy":"product_brand","embeddable":true,"href":"https:\/\/www.claret.cat\/es\/wp-json\/wp\/v2\/product_brand?post=87223"},{"taxonomy":"product_cat","embeddable":true,"href":"https:\/\/www.claret.cat\/es\/wp-json\/wp\/v2\/product_cat?post=87223"},{"taxonomy":"product_tag","embeddable":true,"href":"https:\/\/www.claret.cat\/es\/wp-json\/wp\/v2\/product_tag?post=87223"}],"curies":[{"name":"wp","href":"https:\/\/api.w.org\/{rel}","templated":true}]}}