{"id":8723,"date":"2022-09-30T12:14:37","date_gmt":"2022-09-30T10:14:37","guid":{"rendered":"http:\/\/dev.claret.cat\/producte\/paraula-i-vida-2021\/"},"modified":"2024-05-23T04:13:12","modified_gmt":"2024-05-23T02:13:12","slug":"paraula-i-vida-2021-9788491362982","status":"publish","type":"product","link":"https:\/\/www.claret.cat\/es\/libro\/paraula-i-vida-2021-9788491362982\/","title":{"rendered":"PARAULA I VIDA 2021"},"content":{"rendered":"<p>&#8216;La Paraula de D\u00e9u fa cr\u00e9ixer, dona vida. Vull recordar-vos la import\u00e0ncia de tenir sempre a m\u00e0 l&#8217;Evangeli, la B\u00edblia. L&#8217;Evangeli petit que duem a la cartera, a la butxaca&#8230; No us oblideu de llegir cada dia un par\u00e0graf de l&#8217;Evangeli o de la B\u00edblia, perqu\u00e8 aquesta \u00e9s la for\u00e7a que fa germinar en nosaltres la vida del Regne de D\u00e9u.&#8217;<br \/>Papa Francesc<\/p>\n<p>En la vida de cada dia, en el tr\u00e0fec de la feina o de les preocupacions que ens absorbeixen, trobar una estona per llegir l&#8217;Evangeli i meditar-lo \u00e9s garantia que el Senyor trobar\u00e0 en nosaltres la terra bona on la seva Paraula germinar\u00e0, creixer\u00e0 i donar\u00e0 fruit. Paraula i Vida 2021 vol ser aquest petit Evangeli que el Sant Pare ens convida a tenir sempre a m\u00e0, perqu\u00e8 la Paraula de D\u00e9u ens acompanyi tothora.<\/p>\n","protected":false},"excerpt":{"rendered":"<p>EQUIP D&#8217;EDICI\u00d3 DE L&#8217;EDITORIAL CLARET<\/p>\n","protected":false},"featured_media":360776,"template":"","meta":{"_acf_changed":false,"om_disable_all_campaigns":false,"rs_blank_template":"","rs_page_bg_color":"","slide_template_v7":"","inline_featured_image":false,"_monsterinsights_skip_tracking":false,"_monsterinsights_sitenote_active":false,"_monsterinsights_sitenote_note":"","_monsterinsights_sitenote_category":0},"product_brand":[],"product_cat":[90,581,540],"product_tag":[],"class_list":{"0":"post-8723","1":"product","2":"type-product","3":"status-publish","4":"has-post-thumbnail","6":"product_cat-altres","7":"product_cat-editorial-claret","8":"product_cat-otros","10":"first","11":"instock","12":"taxable","13":"shipping-taxable","14":"purchasable","15":"product-type-simple"},"acf":{"editorial":[{"ID":6158,"post_author":"3","post_date":"2022-07-28 17:46:08","post_date_gmt":"2022-07-28 15:46:08","post_content":"","post_title":"CLARET","post_excerpt":"","post_status":"publish","comment_status":"closed","ping_status":"closed","post_password":"","post_name":"claret","to_ping":"","pinged":"","post_modified":"2022-07-28 17:46:08","post_modified_gmt":"2022-07-28 15:46:08","post_content_filtered":"","post_parent":0,"guid":"http:\/\/dev.claret.cat\/editorial\/claret\/","menu_order":0,"post_type":"editorial","post_mime_type":"","comment_count":"0","filter":"raw"}],"autores-libros":[{"ID":8316,"post_author":"3","post_date":"2022-09-30 09:47:39","post_date_gmt":"2022-09-30 07:47:39","post_content":"","post_title":"EQUIP D'EDICI\u00d3 DE L'EDITORIAL CLARET","post_excerpt":"","post_status":"publish","comment_status":"closed","ping_status":"closed","post_password":"","post_name":"equip-dedicio-de-leditorial-claret-4","to_ping":"","pinged":"","post_modified":"2022-09-30 09:47:39","post_modified_gmt":"2022-09-30 07:47:39","post_content_filtered":"","post_parent":0,"guid":"http:\/\/dev.claret.cat\/autor\/equip-dedicio-de-leditorial-claret-4\/","menu_order":0,"post_type":"autor","post_mime_type":"","comment_count":"0","filter":"raw"}],"autor":"EQUIP D'EDICI\u00d3 DE L'EDITORIAL CLARET","codart":"849136298","libros-coleccion":"","ediciones":"1","encuadernacion":"R\u00fastica","fecha_de_publicacion":"01\/07\/2020","novedad":"0","paginas":"432","subtitulo":"L'EVANGELI COMENTAT CADA DIA","orden":"5","portada":"0","idioma":"cat"},"aioseo_notices":[],"_links":{"self":[{"href":"https:\/\/www.claret.cat\/es\/wp-json\/wp\/v2\/product\/8723","targetHints":{"allow":["GET"]}}],"collection":[{"href":"https:\/\/www.claret.cat\/es\/wp-json\/wp\/v2\/product"}],"about":[{"href":"https:\/\/www.claret.cat\/es\/wp-json\/wp\/v2\/types\/product"}],"wp:featuredmedia":[{"embeddable":true,"href":"https:\/\/www.claret.cat\/es\/wp-json\/wp\/v2\/media\/360776"}],"wp:attachment":[{"href":"https:\/\/www.claret.cat\/es\/wp-json\/wp\/v2\/media?parent=8723"}],"wp:term":[{"taxonomy":"product_brand","embeddable":true,"href":"https:\/\/www.claret.cat\/es\/wp-json\/wp\/v2\/product_brand?post=8723"},{"taxonomy":"product_cat","embeddable":true,"href":"https:\/\/www.claret.cat\/es\/wp-json\/wp\/v2\/product_cat?post=8723"},{"taxonomy":"product_tag","embeddable":true,"href":"https:\/\/www.claret.cat\/es\/wp-json\/wp\/v2\/product_tag?post=8723"}],"curies":[{"name":"wp","href":"https:\/\/api.w.org\/{rel}","templated":true}]}}