{"id":87298,"date":"2022-10-11T18:03:08","date_gmt":"2022-10-11T16:03:08","guid":{"rendered":"http:\/\/dev.claret.cat\/producte\/se-tiran-pedos-las-mariposas\/"},"modified":"2026-03-04T19:52:18","modified_gmt":"2026-03-04T18:52:18","slug":"se-tiran-pedos-las-mariposas-9788412355505","status":"publish","type":"product","link":"https:\/\/www.claret.cat\/es\/libro\/se-tiran-pedos-las-mariposas-9788412355505\/","title":{"rendered":"\u00bfSE TIRAN PEDOS LAS MARIPOSAS?"},"content":{"rendered":"<p>\u00bfContribuyeron las ventosidades de los dinosaurios a su extinci\u00f3n? \u00bfD\u00f3nde se puede comprar un tiranosaurio? \u00bfC\u00f3mo se alimenta a un oso hormiguero en cautividad? \u00bfCu\u00e1nto cuesta un cuerno de rinoceronte en el mercado negro? \u00bfQu\u00e9 es el canibalismo sexual? \u00bfCu\u00e1nto med\u00edan los megalodones? \u00bfC\u00f3mo se diseca un elefante? \u00bfCuanta tinta tiene un calamar gigante? \u00bfA\u00fan se momifican mascotas? \u00bfQu\u00e9 pez pone 300 millones de huevos? \u00bfCon cu\u00e1ntas especies humanas coexistimos en el pasado? \u00bfC\u00f3mo se sabe a qu\u00e9 dinosuario pertenece un hueso f\u00f3sil?Conozca la respuesta a estas y muchas otras cuestiones y ad\u00e9ntrese en los entresijos de un museo de historia natural, las piezas que lo componen, las especies animales que pueblan sus salas y las an\u00e9cdotas que jalonan su historia en este entretenido libro de divulgaci\u00f3n.<\/p>\n","protected":false},"excerpt":{"rendered":"<p>FERNANDO ARNAIZ IBARRONDO<\/p>\n","protected":false},"featured_media":1088011,"template":"","meta":{"_acf_changed":false,"om_disable_all_campaigns":false,"rs_blank_template":"","rs_page_bg_color":"","slide_template_v7":"","inline_featured_image":false,"_monsterinsights_skip_tracking":false,"_monsterinsights_sitenote_active":false,"_monsterinsights_sitenote_note":"","_monsterinsights_sitenote_category":0},"product_brand":[],"product_cat":[104,554],"product_tag":[],"class_list":{"0":"post-87298","1":"product","2":"type-product","3":"status-publish","4":"has-post-thumbnail","6":"product_cat-ciencia","7":"product_cat-ciencia-5_otras-spa","9":"first","10":"outofstock","11":"taxable","12":"shipping-taxable","13":"purchasable","14":"product-type-simple"},"acf":{"editorial":[{"ID":148572,"post_author":"3","post_date":"2022-10-14 11:59:17","post_date_gmt":"2022-10-14 09:59:17","post_content":"","post_title":"Next Door Publishers","post_excerpt":"","post_status":"publish","comment_status":"closed","ping_status":"closed","post_password":"","post_name":"next-door-publishers","to_ping":"","pinged":"","post_modified":"2022-10-14 11:59:17","post_modified_gmt":"2022-10-14 09:59:17","post_content_filtered":"","post_parent":0,"guid":"http:\/\/dev.claret.cat\/editorial\/next-door-publishers\/","menu_order":0,"post_type":"editorial","post_mime_type":"","comment_count":"0","filter":"raw"}],"autores-libros":[{"ID":155787,"post_author":"3","post_date":"2022-10-14 15:15:37","post_date_gmt":"2022-10-14 13:15:37","post_content":"","post_title":"FERNANDO ARNAIZ IBARRONDO","post_excerpt":"","post_status":"publish","comment_status":"closed","ping_status":"closed","post_password":"","post_name":"fernando-arnaiz-ibarrondo","to_ping":"","pinged":"","post_modified":"2022-10-14 15:15:37","post_modified_gmt":"2022-10-14 13:15:37","post_content_filtered":"","post_parent":0,"guid":"http:\/\/dev.claret.cat\/autor\/fernando-arnaiz-ibarrondo\/","menu_order":0,"post_type":"autor","post_mime_type":"","comment_count":"0","filter":"raw"}],"autor":"FERNANDO ARNAIZ IBARRONDO","codart":"841235550","libros-coleccion":"El Caf\u00e9 Cajal","ediciones":"1","encuadernacion":"R\u00fastica","fecha_de_publicacion":"01\/06\/2021","novedad":"0","paginas":"298","subtitulo":"C\u00d3MO PONER EN APRIETOS A UN GU\u00cdA EN EL MUSEO NACIONAL DE CIENCIAS NATURALES","orden":"0","portada":"0","idioma":"spa","booktrailer":"","resenas":""},"aioseo_notices":[],"_links":{"self":[{"href":"https:\/\/www.claret.cat\/es\/wp-json\/wp\/v2\/product\/87298","targetHints":{"allow":["GET"]}}],"collection":[{"href":"https:\/\/www.claret.cat\/es\/wp-json\/wp\/v2\/product"}],"about":[{"href":"https:\/\/www.claret.cat\/es\/wp-json\/wp\/v2\/types\/product"}],"wp:featuredmedia":[{"embeddable":true,"href":"https:\/\/www.claret.cat\/es\/wp-json\/wp\/v2\/media\/1088011"}],"wp:attachment":[{"href":"https:\/\/www.claret.cat\/es\/wp-json\/wp\/v2\/media?parent=87298"}],"wp:term":[{"taxonomy":"product_brand","embeddable":true,"href":"https:\/\/www.claret.cat\/es\/wp-json\/wp\/v2\/product_brand?post=87298"},{"taxonomy":"product_cat","embeddable":true,"href":"https:\/\/www.claret.cat\/es\/wp-json\/wp\/v2\/product_cat?post=87298"},{"taxonomy":"product_tag","embeddable":true,"href":"https:\/\/www.claret.cat\/es\/wp-json\/wp\/v2\/product_tag?post=87298"}],"curies":[{"name":"wp","href":"https:\/\/api.w.org\/{rel}","templated":true}]}}