{"id":87355,"date":"2022-10-11T18:03:50","date_gmt":"2022-10-11T16:03:50","guid":{"rendered":"http:\/\/dev.claret.cat\/producte\/els-secrets-de-youtube\/"},"modified":"2024-01-31T22:32:25","modified_gmt":"2024-01-31T21:32:25","slug":"els-secrets-de-youtube-9788418456060","status":"publish","type":"product","link":"https:\/\/www.claret.cat\/es\/libro\/els-secrets-de-youtube-9788418456060\/","title":{"rendered":"ELS SECRETS DE YOUTUBE"},"content":{"rendered":"<p>QUINA \u00c9S LA CLAU DE L&#8217;\u00c8XIT A INTERNET?<br \/> COM ARRIBA UN \u00abNOI NORMAL\u00bb DES DE LA SEVA HABITACI\u00d3 A CONVERTIR-SE EN ALG\u00da FAM\u00d3S?<br \/> ES GUANYEN MOLTS DINERS AMB AIX\u00d2 DE YOUTUBE?<br \/> DIGUE&#8217;M LA VERITAT, LLIGUES M\u00c9S?<br \/> Les preguntes m\u00e9s interessants que sovint els anomenats youtubers no acostumem a respondre per evitar cert comprom\u00eds. Fins avui. Fins que arriba el llibre Els secrets de YouTube. Fins que sento la necessitat d&#8217;explicar-ho TOT.<br \/> Soc Grefg i en els m\u00e9s de dos mil v\u00eddeos que tinc pujats al meu canal no m&#8217;havia expressat mai d&#8217;una manera tan sincera i directa com en aquestes p\u00e0gines. Vull revelar-te els secrets m\u00e9s profunds de YouTube i contestar preguntes tan llamineres com les d&#8217;aqu\u00ed dalt, incloent-hi, a m\u00e9s, algunes curiositats molt personals. Parlar\u00e9 de tantes coses que no s\u00e9 ni per on comen\u00e7ar. Nom\u00e9s et puc dir que despr\u00e9s de m\u00e9s de sis anys creant contingut he apr\u00e8s moltes coses. No nom\u00e9s de YouTube. Comencem&#8230;<\/p>\n","protected":false},"excerpt":{"rendered":"<p>THEGREFG<\/p>\n","protected":false},"featured_media":87356,"template":"","meta":{"_acf_changed":false,"om_disable_all_campaigns":false,"rs_blank_template":"","rs_page_bg_color":"","slide_template_v7":"","inline_featured_image":false,"_monsterinsights_skip_tracking":false,"_monsterinsights_sitenote_active":false,"_monsterinsights_sitenote_note":"","_monsterinsights_sitenote_category":0},"product_brand":[],"product_cat":[116,565],"product_tag":[],"class_list":{"0":"post-87355","1":"product","2":"type-product","3":"status-publish","4":"has-post-thumbnail","6":"product_cat-influencers","7":"product_cat-influencers-3_infantil-juvenil-spa-spa","9":"first","10":"instock","11":"taxable","12":"shipping-taxable","13":"purchasable","14":"product-type-simple"},"acf":{"autor":"THEGREFG","codart":"841845606","libros-coleccion":"FORA DE COL.LECCI\u00d3","ediciones":"1","encuadernacion":"R\u00fastica","fecha_de_publicacion":"01\/06\/2021","novedad":"1","paginas":"190","subtitulo":"","orden":"0","portada":"0","idioma":"cat","editorial":[{"ID":148812,"post_author":"3","post_date":"2022-10-14 12:01:11","post_date_gmt":"2022-10-14 10:01:11","post_content":"","post_title":"Shaka","post_excerpt":"","post_status":"publish","comment_status":"closed","ping_status":"closed","post_password":"","post_name":"shaka","to_ping":"","pinged":"","post_modified":"2022-10-14 12:01:11","post_modified_gmt":"2022-10-14 10:01:11","post_content_filtered":"","post_parent":0,"guid":"http:\/\/dev.claret.cat\/editorial\/shaka\/","menu_order":0,"post_type":"editorial","post_mime_type":"","comment_count":"0","filter":"raw"}],"autores-libros":[{"ID":170298,"post_author":"3","post_date":"2022-10-14 22:34:12","post_date_gmt":"2022-10-14 20:34:12","post_content":"","post_title":"THEGREFG","post_excerpt":"","post_status":"publish","comment_status":"closed","ping_status":"closed","post_password":"","post_name":"thegrefg","to_ping":"","pinged":"","post_modified":"2022-10-14 22:34:12","post_modified_gmt":"2022-10-14 20:34:12","post_content_filtered":"","post_parent":0,"guid":"http:\/\/dev.claret.cat\/autor\/thegrefg\/","menu_order":0,"post_type":"autor","post_mime_type":"","comment_count":"0","filter":"raw"}]},"aioseo_notices":[],"_links":{"self":[{"href":"https:\/\/www.claret.cat\/es\/wp-json\/wp\/v2\/product\/87355","targetHints":{"allow":["GET"]}}],"collection":[{"href":"https:\/\/www.claret.cat\/es\/wp-json\/wp\/v2\/product"}],"about":[{"href":"https:\/\/www.claret.cat\/es\/wp-json\/wp\/v2\/types\/product"}],"wp:featuredmedia":[{"embeddable":true,"href":"https:\/\/www.claret.cat\/es\/wp-json\/wp\/v2\/media\/87356"}],"wp:attachment":[{"href":"https:\/\/www.claret.cat\/es\/wp-json\/wp\/v2\/media?parent=87355"}],"wp:term":[{"taxonomy":"product_brand","embeddable":true,"href":"https:\/\/www.claret.cat\/es\/wp-json\/wp\/v2\/product_brand?post=87355"},{"taxonomy":"product_cat","embeddable":true,"href":"https:\/\/www.claret.cat\/es\/wp-json\/wp\/v2\/product_cat?post=87355"},{"taxonomy":"product_tag","embeddable":true,"href":"https:\/\/www.claret.cat\/es\/wp-json\/wp\/v2\/product_tag?post=87355"}],"curies":[{"name":"wp","href":"https:\/\/api.w.org\/{rel}","templated":true}]}}