{"id":87427,"date":"2022-10-11T18:04:44","date_gmt":"2022-10-11T16:04:44","guid":{"rendered":"http:\/\/dev.claret.cat\/producte\/pasatiempos-para-seriefilos\/"},"modified":"2023-01-28T20:52:23","modified_gmt":"2023-01-28T19:52:23","slug":"pasatiempos-para-seriefilos-9788408243267","status":"publish","type":"product","link":"https:\/\/www.claret.cat\/es\/libro\/pasatiempos-para-seriefilos-9788408243267\/","title":{"rendered":"PASATIEMPOS PARA SERI\u00c9FILOS"},"content":{"rendered":"<p>\u00bfFuiste la primera persona en saber qui\u00e9n era la madre de los hijos de Ted?<br \/> \u00bfTe sabes todas las predicciones de Los Simpson?<br \/> \u00bfTienes clar\u00edsimo el \u00e1rbol geneal\u00f3gico de todos los personajes de Juego de Tronos?<br \/> \u00bfA todo s\u00ed? Eso es porque t\u00fa eres \u00a1un seri\u00e9filo de manual!<br \/> Aunque te hayas visto tus cap\u00edtulos favoritos 4 8 15 16 23 42 veces, ahora ha llegado el momento de demostrar que realmente no tienes rival en lo de saberse todo (pero todo) de las series.<br \/> Elige entre cientos de actividades y juegos de ingenio inspirados en tus series favoritas:<br \/> -Sopas de letras, crucigramas y palabras cruzadas<br \/> -Laberintos<br \/> -Completar dibujos\u00a0<br \/> -Test de los que molan<br \/> -Encontrar diferencias<br \/> -Juegos de mesa<br \/> \u00a1Y muchos pasatiempos m\u00e1s para hacer m\u00e1s llevadera la espera entre temporadas!<\/p>\n","protected":false},"excerpt":{"rendered":"<p>GARC\u00cdA MIRANDA, CARLOS \/ JUST, N\u00daRIA<\/p>\n","protected":false},"featured_media":87428,"template":"","meta":{"_acf_changed":false,"om_disable_all_campaigns":false,"rs_blank_template":"","rs_page_bg_color":"","slide_template_v7":"","inline_featured_image":false,"_monsterinsights_skip_tracking":false,"_monsterinsights_sitenote_active":false,"_monsterinsights_sitenote_note":"","_monsterinsights_sitenote_category":0},"product_brand":[],"product_cat":[90,101],"product_tag":[],"class_list":{"0":"post-87427","1":"product","2":"type-product","3":"status-publish","4":"has-post-thumbnail","6":"product_cat-altres","7":"product_cat-manualitats","9":"first","10":"instock","11":"taxable","12":"shipping-taxable","13":"purchasable","14":"product-type-simple"},"acf":{"editorial":[{"ID":6233,"post_author":"3","post_date":"2022-07-28 17:47:48","post_date_gmt":"2022-07-28 15:47:48","post_content":"","post_title":"EDITORIAL PLANETA","post_excerpt":"","post_status":"publish","comment_status":"closed","ping_status":"closed","post_password":"","post_name":"editorial-planeta","to_ping":"","pinged":"","post_modified":"2022-07-28 17:47:48","post_modified_gmt":"2022-07-28 15:47:48","post_content_filtered":"","post_parent":0,"guid":"http:\/\/dev.claret.cat\/editorial\/editorial-planeta\/","menu_order":0,"post_type":"editorial","post_mime_type":"","comment_count":"0","filter":"raw"}],"autores-libros":[{"ID":152257,"post_author":"3","post_date":"2022-10-14 14:47:20","post_date_gmt":"2022-10-14 12:47:20","post_content":"","post_title":"CARLOS GARCIA MIRANDA","post_excerpt":"","post_status":"publish","comment_status":"closed","ping_status":"closed","post_password":"","post_name":"carlos-garcia-miranda","to_ping":"","pinged":"","post_modified":"2022-10-14 14:47:20","post_modified_gmt":"2022-10-14 12:47:20","post_content_filtered":"","post_parent":0,"guid":"http:\/\/dev.claret.cat\/autor\/carlos-garcia-miranda\/","menu_order":0,"post_type":"autor","post_mime_type":"","comment_count":"0","filter":"raw"},{"ID":166039,"post_author":"3","post_date":"2022-10-14 17:59:56","post_date_gmt":"2022-10-14 15:59:56","post_content":"","post_title":"N\u00daRIA JUST","post_excerpt":"","post_status":"publish","comment_status":"closed","ping_status":"closed","post_password":"","post_name":"nuria-just","to_ping":"","pinged":"","post_modified":"2022-10-14 17:59:56","post_modified_gmt":"2022-10-14 15:59:56","post_content_filtered":"","post_parent":0,"guid":"http:\/\/dev.claret.cat\/autor\/nuria-just\/","menu_order":0,"post_type":"autor","post_mime_type":"","comment_count":"0","filter":"raw"}],"autor":"GARC\u00cdA MIRANDA, CARLOS \/ JUST, N\u00daRIA","codart":"840824326","libros-coleccion":"Crossbooks","ediciones":"1","encuadernacion":"R\u00fastica","fecha_de_publicacion":"01\/06\/2021","novedad":"1","paginas":"96","subtitulo":"","orden":"0","portada":"0","idioma":"spa"},"aioseo_notices":[],"_links":{"self":[{"href":"https:\/\/www.claret.cat\/es\/wp-json\/wp\/v2\/product\/87427","targetHints":{"allow":["GET"]}}],"collection":[{"href":"https:\/\/www.claret.cat\/es\/wp-json\/wp\/v2\/product"}],"about":[{"href":"https:\/\/www.claret.cat\/es\/wp-json\/wp\/v2\/types\/product"}],"wp:featuredmedia":[{"embeddable":true,"href":"https:\/\/www.claret.cat\/es\/wp-json\/wp\/v2\/media\/87428"}],"wp:attachment":[{"href":"https:\/\/www.claret.cat\/es\/wp-json\/wp\/v2\/media?parent=87427"}],"wp:term":[{"taxonomy":"product_brand","embeddable":true,"href":"https:\/\/www.claret.cat\/es\/wp-json\/wp\/v2\/product_brand?post=87427"},{"taxonomy":"product_cat","embeddable":true,"href":"https:\/\/www.claret.cat\/es\/wp-json\/wp\/v2\/product_cat?post=87427"},{"taxonomy":"product_tag","embeddable":true,"href":"https:\/\/www.claret.cat\/es\/wp-json\/wp\/v2\/product_tag?post=87427"}],"curies":[{"name":"wp","href":"https:\/\/api.w.org\/{rel}","templated":true}]}}