{"id":876,"date":"2022-07-27T15:37:22","date_gmt":"2022-07-27T13:37:22","guid":{"rendered":"http:\/\/dev.claret.cat\/producto\/en-los-zapatos-de-valeria-edicion-limitada-a-un-precio-especial-saga-valeria-9788466360623\/"},"modified":"2023-10-06T08:59:59","modified_gmt":"2023-10-06T06:59:59","slug":"en-los-zapatos-de-valeria-edicion-limitada-a-un-precio-especial-saga-valeria-9788466360623","status":"publish","type":"product","link":"https:\/\/www.claret.cat\/es\/libro\/en-los-zapatos-de-valeria-edicion-limitada-a-un-precio-especial-saga-valeria-9788466360623\/","title":{"rendered":"EN LOS ZAPATOS DE VALERIA (EDICI\u00d3N LIMITADA A UN PRECIO ESPECIAL) (SAGA VALERIA"},"content":{"rendered":"<p>Eng\u00e1nchate al fen\u00f3meno Valeria de @BetaCoqueta, una saga altamente divertida, emotiva y sensual. \u00a1Te vas a enamorar! Valeria es escritora de historias de amor.<br \/>Valeria vive el amor de forma sublime.<br \/>Valeria tiene tres amigas: Nerea, Carmen y Lola.<br \/>Valeria vive en Madrid.<br \/>Valeria ama a Adri\u00e1n hasta que conoce a V\u00edctor.<br \/>Valeria necesita sincerarse consigo misma.<br \/>Valeria llora, Valeria r\u00ede, Valeria camina&#8230;<br \/>Pero el sexo, el amor y los hombres no son objetivos f\u00e1ciles.<br \/>Valeria es especial.<br \/>Como t\u00fa. En los zapatos de Valeria es el primer libro de la \u00abSaga Valeria\u00bb, la primera obra de El\u00edsabet Benavent, que inici\u00f3 su  carrera literaria autopublic\u00e1ndose y que en poco tiempo conquist\u00f3 a  cientos de lectores y se situ\u00f3 en los primeros puestos de la lista de m\u00e1s vendidos de ficci\u00f3n. Posteriormente la autora, tambi\u00e9n conocida por sus fans como @BetaCoqueta, ha continuado cosechando grandes \u00e9xitos con la  publicaci\u00f3n de su \u00abSaga Silvia\u00bb, la trilog\u00eda \u00abMi elecci\u00f3n\u00bb, la bilog\u00eda \u00abHorizonte Martina\u00bb, la bilog\u00eda \u00abCanciones y recuerdos\u00bb  y las novelas Mi isla, Toda la verdad de mis mentiras, Un cuento perfecto y El arte de enga\u00f1ar al karma. M\u00e1s de 3.000.000 de ejemplares vendidos.<br \/>\u00abEl\u00edsabet Benavent es la voz masiva de una generaci\u00f3n\u00bb.<br \/>Jes\u00fas Ruiz Mantilla,  El Pa\u00eds La cr\u00edtica ha dicho&#8230;<br \/>\u00abDivertida, sensual, tierna [&#8230;]. Una oportunidad de descubrir el amor  y so\u00f1ar con la vida que cada una nos merecemos.\u00bb<br \/>Revista AR \u00abNo s\u00e9 c\u00f3mo me ha secuestrado Benavent pero exijo un duelo al amanecer  por las horas que me ha robado o, en su defecto, las siguientes peripecias de estas mujeres.\u00bb<br \/>Web Mideclipse \u00abSentiremos en nuestras carnes las vidas de las cuatro mujeres que  campan a sus anchas por las p\u00e1ginas y nos veremos identificados: nos  reiremos porque todos hemos cometido alguna de las estupideces que nos  propone El\u00edsabet Benavent, se nos encoger\u00e1 el pu\u00f1o cuando veamos lo que  sufren las protagonistas, y cerraremos el libro esperando mucho m\u00e1s de  estas cuatro amigas que luchan entre la jaur\u00eda madrile\u00f1a para ser  felices, para labrarse un futuro, y para sentirse ellas mismas, incluso  cuando la vida es tan pu\u00f1etera que parece que no hay salida.\u00bb<br \/>Web Librosyliteratura En los blogs&#8230;<br \/>\u00abEst\u00e1 siendo un fen\u00f3meno literario [&#8230;]. Es divertida, fresca,  adictiva, tierna, pasional&#8230; lo tiene todo.\u00bb<br \/>Blog In\u00e9s y sus libros \u00abEncontrar\u00e9is elementos que har\u00e1n la novela irresistible. Hay amor,  pasi\u00f3n, erotismo [&#8230;], tambi\u00e9n habr\u00e1 situaciones de mucho humor.\u00bb<br \/>Blog Promesas de amor \u00abEste es un libro muy fresco, divertido, r\u00e1pido de leer y que te deja con ganas de m\u00e1s. [&#8230;] Un libro que me ha sorprendido.\u00bb<br \/>Blog  Cazadoras del romance \u00abEn los zapatos de Valeria ha sido toda una revelaci\u00f3n, una novela  muy entretenida, fresca, aparentemente divertida pero que  guarda  much\u00edsimos sentimientos y escenas tan cercanas que cualquiera de nosotras podr\u00eda sentirse identificada.\u00bb<br \/>Blog Paisajes rom\u00e1nticos \u00abUn libro fresco, moderno, divertido, entretenido y ameno que nos har\u00e1 pasar un momento estupendo entre sus p\u00e1ginas.\u00bb<br \/>Blog  Momentos de silencio compartido<\/p>\n","protected":false},"excerpt":{"rendered":"<p>BENAVENT, EL\u00cdSABET<\/p>\n","protected":false},"featured_media":53763,"template":"","meta":{"_acf_changed":false,"om_disable_all_campaigns":false,"rs_blank_template":"","rs_page_bg_color":"","slide_template_v7":"","inline_featured_image":false,"_monsterinsights_skip_tracking":false,"_monsterinsights_sitenote_active":false,"_monsterinsights_sitenote_note":"","_monsterinsights_sitenote_category":0},"product_brand":[],"product_cat":[357],"product_tag":[],"class_list":{"0":"post-876","1":"product","2":"type-product","3":"status-publish","4":"has-post-thumbnail","6":"product_cat-novela-contemporanea","8":"first","9":"instock","10":"taxable","11":"shipping-taxable","12":"purchasable","13":"product-type-simple"},"acf":{"autor":"BENAVENT, EL\u00cdSABET","codart":"846636062","ediciones":"1","encuadernacion":"R\u00fastica","fecha_de_publicacion":"01\/06\/2022","novedad":"1","paginas":"484","subtitulo":"","orden":"0","portada":"0","idioma":"spa","libros-coleccion":"Saga Valeria","autores-libros":[{"ID":5437,"post_author":"3","post_date":"2022-07-28 17:23:56","post_date_gmt":"2022-07-28 15:23:56","post_content":"","post_title":"EL\u00cdSABET BENAVENT","post_excerpt":"","post_status":"publish","comment_status":"closed","ping_status":"closed","post_password":"","post_name":"elisabet-benavent","to_ping":"","pinged":"","post_modified":"2022-07-28 17:23:56","post_modified_gmt":"2022-07-28 15:23:56","post_content_filtered":"","post_parent":0,"guid":"http:\/\/dev.claret.cat\/autor\/elisabet-benavent\/","menu_order":0,"post_type":"autor","post_mime_type":"","comment_count":"0","filter":"raw"}],"editorial":[{"ID":6178,"post_author":"3","post_date":"2022-07-28 17:46:34","post_date_gmt":"2022-07-28 15:46:34","post_content":"","post_title":"DEBOLSILLO","post_excerpt":"","post_status":"publish","comment_status":"closed","ping_status":"closed","post_password":"","post_name":"debolsillo","to_ping":"","pinged":"","post_modified":"2022-07-28 17:46:34","post_modified_gmt":"2022-07-28 15:46:34","post_content_filtered":"","post_parent":0,"guid":"http:\/\/dev.claret.cat\/editorial\/debolsillo\/","menu_order":0,"post_type":"editorial","post_mime_type":"","comment_count":"0","filter":"raw"}]},"aioseo_notices":[],"_links":{"self":[{"href":"https:\/\/www.claret.cat\/es\/wp-json\/wp\/v2\/product\/876","targetHints":{"allow":["GET"]}}],"collection":[{"href":"https:\/\/www.claret.cat\/es\/wp-json\/wp\/v2\/product"}],"about":[{"href":"https:\/\/www.claret.cat\/es\/wp-json\/wp\/v2\/types\/product"}],"wp:featuredmedia":[{"embeddable":true,"href":"https:\/\/www.claret.cat\/es\/wp-json\/wp\/v2\/media\/53763"}],"wp:attachment":[{"href":"https:\/\/www.claret.cat\/es\/wp-json\/wp\/v2\/media?parent=876"}],"wp:term":[{"taxonomy":"product_brand","embeddable":true,"href":"https:\/\/www.claret.cat\/es\/wp-json\/wp\/v2\/product_brand?post=876"},{"taxonomy":"product_cat","embeddable":true,"href":"https:\/\/www.claret.cat\/es\/wp-json\/wp\/v2\/product_cat?post=876"},{"taxonomy":"product_tag","embeddable":true,"href":"https:\/\/www.claret.cat\/es\/wp-json\/wp\/v2\/product_tag?post=876"}],"curies":[{"name":"wp","href":"https:\/\/api.w.org\/{rel}","templated":true}]}}