{"id":87631,"date":"2022-10-11T18:07:13","date_gmt":"2022-10-11T16:07:13","guid":{"rendered":"http:\/\/dev.claret.cat\/producte\/30-segons-lantiga-grecia\/"},"modified":"2026-02-26T14:50:01","modified_gmt":"2026-02-26T13:50:01","slug":"30-segons-lantiga-grecia-9788418459610","status":"publish","type":"product","link":"https:\/\/www.claret.cat\/es\/libro\/30-segons-lantiga-grecia-9788418459610\/","title":{"rendered":"30 SEGONS. L&#8217;ANTIGA GR\u00c8CIA"},"content":{"rendered":"<p>* Viatja en el temps i endinsa&#8221;t en el m\u00f3n de l&#8221;antiga Gr\u00e8cia. Descobreix els secrets de la vida quotidiana del poble grec, els d\u00e9us i les deesses que adoraven, les seves guerres i els seus l\u00edders i pensadors.<br \/> * En 30 temes breus, aquesta magn\u00edfica guia combina fets fascinants i petites missions amb il\u00b7lustracions informatives a tot color.<br \/> * Descobreix com es van inventar els Jocs Ol\u00edmpics, investiga com vivien, qu\u00e8 menjaven i com es vestien els antics grecs; apr\u00e8n dels seus artistes, fil\u00f2sofs i cient\u00edfics, i ent\u00e9n com van crear i governar un gran imperi.<\/p>\n<p> Cada tema inclou una p\u00e0gina que pots llegir en 30 segons. Si tens molta pressa, en pots llegir el resum en nom\u00e9s 3 segons. A m\u00e9s, una altra p\u00e0gina amb una il\u00b7lustraci\u00f3 a tot color proporciona una guia r\u00e0pida del tema.  <\/p>\n<p> Si encara disposes d&#8221;uns minuts m\u00e9s, pots descobrir els continguts complementaris i provar de fer les activitats pr\u00e0ctiques. Aviat tindr\u00e0s una bona visi\u00f3 de com era la vida a l&#8221;antiga Gr\u00e8cia.<\/p>\n","protected":false},"excerpt":{"rendered":"<p>SENKER, CATH<\/p>\n","protected":false},"featured_media":87632,"template":"","meta":{"_acf_changed":false,"om_disable_all_campaigns":false,"rs_blank_template":"","rs_page_bg_color":"","slide_template_v7":"","inline_featured_image":false,"_monsterinsights_skip_tracking":false,"_monsterinsights_sitenote_active":false,"_monsterinsights_sitenote_note":"","_monsterinsights_sitenote_category":0},"product_brand":[],"product_cat":[132,135,365,362],"product_tag":[],"class_list":{"0":"post-87631","1":"product","2":"type-product","3":"status-publish","4":"has-post-thumbnail","6":"product_cat-lectures-per-preadolescents-6-12-anys","7":"product_cat-entreteniment","8":"product_cat-entretenimientos","9":"product_cat-libros-preadolescentes-6-12-anos","11":"first","12":"instock","13":"taxable","14":"shipping-taxable","15":"purchasable","16":"product-type-simple"},"acf":{"autor":"SENKER, CATH","codart":"841845961","libros-coleccion":"30 segons","ediciones":"1","encuadernacion":"R\u00fastica","fecha_de_publicacion":"01\/06\/2021","novedad":"1","paginas":"96","subtitulo":"","orden":"0","portada":"0","idioma":"cat","editorial":[{"ID":148561,"post_author":"3","post_date":"2022-10-14 11:59:12","post_date_gmt":"2022-10-14 09:59:12","post_content":"","post_title":"NATURART","post_excerpt":"","post_status":"publish","comment_status":"closed","ping_status":"closed","post_password":"","post_name":"naturart","to_ping":"","pinged":"","post_modified":"2022-10-14 11:59:12","post_modified_gmt":"2022-10-14 09:59:12","post_content_filtered":"","post_parent":0,"guid":"http:\/\/dev.claret.cat\/editorial\/naturart\/","menu_order":0,"post_type":"editorial","post_mime_type":"","comment_count":"0","filter":"raw"}],"autores-libros":[{"ID":152577,"post_author":"3","post_date":"2022-10-14 14:49:53","post_date_gmt":"2022-10-14 12:49:53","post_content":"","post_title":"CATH SENKER","post_excerpt":"","post_status":"publish","comment_status":"closed","ping_status":"closed","post_password":"","post_name":"cath-senker","to_ping":"","pinged":"","post_modified":"2022-10-14 14:49:53","post_modified_gmt":"2022-10-14 12:49:53","post_content_filtered":"","post_parent":0,"guid":"http:\/\/dev.claret.cat\/autor\/cath-senker\/","menu_order":0,"post_type":"autor","post_mime_type":"","comment_count":"0","filter":"raw"}],"booktrailer":"","resenas":""},"aioseo_notices":[],"_links":{"self":[{"href":"https:\/\/www.claret.cat\/es\/wp-json\/wp\/v2\/product\/87631","targetHints":{"allow":["GET"]}}],"collection":[{"href":"https:\/\/www.claret.cat\/es\/wp-json\/wp\/v2\/product"}],"about":[{"href":"https:\/\/www.claret.cat\/es\/wp-json\/wp\/v2\/types\/product"}],"wp:featuredmedia":[{"embeddable":true,"href":"https:\/\/www.claret.cat\/es\/wp-json\/wp\/v2\/media\/87632"}],"wp:attachment":[{"href":"https:\/\/www.claret.cat\/es\/wp-json\/wp\/v2\/media?parent=87631"}],"wp:term":[{"taxonomy":"product_brand","embeddable":true,"href":"https:\/\/www.claret.cat\/es\/wp-json\/wp\/v2\/product_brand?post=87631"},{"taxonomy":"product_cat","embeddable":true,"href":"https:\/\/www.claret.cat\/es\/wp-json\/wp\/v2\/product_cat?post=87631"},{"taxonomy":"product_tag","embeddable":true,"href":"https:\/\/www.claret.cat\/es\/wp-json\/wp\/v2\/product_tag?post=87631"}],"curies":[{"name":"wp","href":"https:\/\/api.w.org\/{rel}","templated":true}]}}