{"id":87634,"date":"2022-10-11T18:07:16","date_gmt":"2022-10-11T16:07:16","guid":{"rendered":"http:\/\/dev.claret.cat\/producte\/30-segons-els-vikings\/"},"modified":"2023-01-28T02:46:40","modified_gmt":"2023-01-28T01:46:40","slug":"30-segons-els-vikings","status":"publish","type":"product","link":"https:\/\/www.claret.cat\/es\/libro\/30-segons-els-vikings\/","title":{"rendered":"30 SEGONS. ELS VIKINGS"},"content":{"rendered":"<p>* Coneix com els vikings van navegar, lluitar, comerciar i establir-se en diversos punts d&#8221;Europa i l&#8221;Am\u00e8rica del Nord.<br \/> * Aquesta guia r\u00e0pida, organitzada en 30 temes breus, combina dades fascinants i minimissions amb unes il\u00b7lustracions instructives, divertides i plenes de color.<br \/> * Descobreix els magn\u00edfics d\u00e9us i deesses n\u00f2rdics, explora l&#8221;extraordin\u00e0ria civilitzaci\u00f3 vikinga, coneix els seus guerrers ferotges i els seus ex\u00e8rcits incre\u00efbles i ent\u00e9n per qu\u00e8 van deixar una forta empremta a tot el m\u00f3n. <\/p>\n<p> Ha arribat el moment de con\u00e8ixer els vikings. En aquest llibre, cada tema est\u00e0 il\u00b7lustrat en una p\u00e0gina que pots llegir al teu ritme. Si tens molta pressa, en pots llegir el resum en nom\u00e9s 3 segons. Les il\u00b7lustracions en color, que ocupen una p\u00e0gina sencera, tamb\u00e9 ofereixen una guia visual r\u00e0pida. <\/p>\n<p> I si encara disposes d&#8221;uns minuts m\u00e9s, pots llegir els continguts complementaris i provar de fer les activitats pr\u00e0ctiques.<\/p>\n","protected":false},"excerpt":{"rendered":"<p>SENKER, CATH<\/p>\n","protected":false},"featured_media":87635,"template":"","meta":{"_acf_changed":false,"om_disable_all_campaigns":false,"rs_blank_template":"","rs_page_bg_color":"","slide_template_v7":"","inline_featured_image":false,"_monsterinsights_skip_tracking":false,"_monsterinsights_sitenote_active":false,"_monsterinsights_sitenote_note":"","_monsterinsights_sitenote_category":0},"product_brand":[],"product_cat":[16],"product_tag":[],"class_list":{"0":"post-87634","1":"product","2":"type-product","3":"status-publish","4":"has-post-thumbnail","6":"product_cat-sense-categoria","8":"first","9":"instock","10":"taxable","11":"shipping-taxable","12":"purchasable","13":"product-type-simple"},"acf":{"autor":"SENKER, CATH","codart":"841845959","libros-coleccion":"30 segons","ediciones":"1","encuadernacion":"R\u00fastica","fecha_de_publicacion":"01\/06\/2021","novedad":"1","paginas":"69","subtitulo":"","orden":"0","portada":"0","idioma":"cat","editorial":[{"ID":148561,"post_author":"3","post_date":"2022-10-14 11:59:12","post_date_gmt":"2022-10-14 09:59:12","post_content":"","post_title":"NATURART","post_excerpt":"","post_status":"publish","comment_status":"closed","ping_status":"closed","post_password":"","post_name":"naturart","to_ping":"","pinged":"","post_modified":"2022-10-14 11:59:12","post_modified_gmt":"2022-10-14 09:59:12","post_content_filtered":"","post_parent":0,"guid":"http:\/\/dev.claret.cat\/editorial\/naturart\/","menu_order":0,"post_type":"editorial","post_mime_type":"","comment_count":"0","filter":"raw"}],"autores-libros":[{"ID":152577,"post_author":"3","post_date":"2022-10-14 14:49:53","post_date_gmt":"2022-10-14 12:49:53","post_content":"","post_title":"CATH SENKER","post_excerpt":"","post_status":"publish","comment_status":"closed","ping_status":"closed","post_password":"","post_name":"cath-senker","to_ping":"","pinged":"","post_modified":"2022-10-14 14:49:53","post_modified_gmt":"2022-10-14 12:49:53","post_content_filtered":"","post_parent":0,"guid":"http:\/\/dev.claret.cat\/autor\/cath-senker\/","menu_order":0,"post_type":"autor","post_mime_type":"","comment_count":"0","filter":"raw"}]},"aioseo_notices":[],"_links":{"self":[{"href":"https:\/\/www.claret.cat\/es\/wp-json\/wp\/v2\/product\/87634","targetHints":{"allow":["GET"]}}],"collection":[{"href":"https:\/\/www.claret.cat\/es\/wp-json\/wp\/v2\/product"}],"about":[{"href":"https:\/\/www.claret.cat\/es\/wp-json\/wp\/v2\/types\/product"}],"wp:featuredmedia":[{"embeddable":true,"href":"https:\/\/www.claret.cat\/es\/wp-json\/wp\/v2\/media\/87635"}],"wp:attachment":[{"href":"https:\/\/www.claret.cat\/es\/wp-json\/wp\/v2\/media?parent=87634"}],"wp:term":[{"taxonomy":"product_brand","embeddable":true,"href":"https:\/\/www.claret.cat\/es\/wp-json\/wp\/v2\/product_brand?post=87634"},{"taxonomy":"product_cat","embeddable":true,"href":"https:\/\/www.claret.cat\/es\/wp-json\/wp\/v2\/product_cat?post=87634"},{"taxonomy":"product_tag","embeddable":true,"href":"https:\/\/www.claret.cat\/es\/wp-json\/wp\/v2\/product_tag?post=87634"}],"curies":[{"name":"wp","href":"https:\/\/api.w.org\/{rel}","templated":true}]}}