{"id":87640,"date":"2022-10-11T18:07:20","date_gmt":"2022-10-11T16:07:20","guid":{"rendered":"http:\/\/dev.claret.cat\/producte\/30-segundos-la-antigua-grecia\/"},"modified":"2023-01-28T03:02:49","modified_gmt":"2023-01-28T02:02:49","slug":"30-segundos-la-antigua-grecia-9788418459603","status":"publish","type":"product","link":"https:\/\/www.claret.cat\/es\/libro\/30-segundos-la-antigua-grecia-9788418459603\/","title":{"rendered":"30 SEGUNDOS. LA ANTIGUA GRECIA"},"content":{"rendered":"<p>* Viaja en el tiempo y descubre el mundo de la antigua Grecia. Desvela los secretos de su vida cotidiana, los dioses y diosas que adoraban, sus guerras y sus l\u00edderes y pensadores.<br \/> * En 30 temas breves, esta vertiginosa gu\u00eda combina hechos fascinantes y peque\u00f1as misiones con ilustraciones informativas a todo color.<br \/> * Descubre c\u00f3mo se inventaron los Juegos Ol\u00edmpicos; investiga c\u00f3mo viv\u00edan, qu\u00e9 com\u00edan y c\u00f3mo se vest\u00edan los antiguos griegos; aprende sobre sus brillantes artistas, fil\u00f3sofos y cient\u00edficos, y entiende c\u00f3mo crearon y gobernaron un gran imperio. <\/p>\n<p> Cada tema dispone de una p\u00e1gina que puedes leer en 30 segundos. Si tienes mucha prisa, puedes optar por leer el resumen de 3 segundos. Adem\u00e1s, otra p\u00e1gina ilustrada proporciona una gu\u00eda r\u00e1pida del tema. <\/p>\n<p> Despu\u00e9s, si dispones de algunos minutos puedes descubrir muchos datos adicionales y actividades pr\u00e1cticas que puedes probar. Pronto tendr\u00e1s una buena visi\u00f3n de la vida en la antigua Grecia.<\/p>\n","protected":false},"excerpt":{"rendered":"<p>SENKER, CATH<\/p>\n","protected":false},"featured_media":87641,"template":"","meta":{"_acf_changed":false,"om_disable_all_campaigns":false,"rs_blank_template":"","rs_page_bg_color":"","slide_template_v7":"","inline_featured_image":false,"_monsterinsights_skip_tracking":false,"_monsterinsights_sitenote_active":false,"_monsterinsights_sitenote_note":"","_monsterinsights_sitenote_category":0},"product_brand":[],"product_cat":[16],"product_tag":[],"class_list":{"0":"post-87640","1":"product","2":"type-product","3":"status-publish","4":"has-post-thumbnail","6":"product_cat-sense-categoria","8":"first","9":"instock","10":"taxable","11":"shipping-taxable","12":"purchasable","13":"product-type-simple"},"acf":{"autor":"SENKER, CATH","codart":"841845960","libros-coleccion":"30 segundos","ediciones":"1","encuadernacion":"R\u00fastica","fecha_de_publicacion":"01\/06\/2021","novedad":"1","paginas":"96","subtitulo":"","orden":"0","portada":"0","idioma":"spa","editorial":[{"ID":148561,"post_author":"3","post_date":"2022-10-14 11:59:12","post_date_gmt":"2022-10-14 09:59:12","post_content":"","post_title":"NATURART","post_excerpt":"","post_status":"publish","comment_status":"closed","ping_status":"closed","post_password":"","post_name":"naturart","to_ping":"","pinged":"","post_modified":"2022-10-14 11:59:12","post_modified_gmt":"2022-10-14 09:59:12","post_content_filtered":"","post_parent":0,"guid":"http:\/\/dev.claret.cat\/editorial\/naturart\/","menu_order":0,"post_type":"editorial","post_mime_type":"","comment_count":"0","filter":"raw"}],"autores-libros":[{"ID":152577,"post_author":"3","post_date":"2022-10-14 14:49:53","post_date_gmt":"2022-10-14 12:49:53","post_content":"","post_title":"CATH SENKER","post_excerpt":"","post_status":"publish","comment_status":"closed","ping_status":"closed","post_password":"","post_name":"cath-senker","to_ping":"","pinged":"","post_modified":"2022-10-14 14:49:53","post_modified_gmt":"2022-10-14 12:49:53","post_content_filtered":"","post_parent":0,"guid":"http:\/\/dev.claret.cat\/autor\/cath-senker\/","menu_order":0,"post_type":"autor","post_mime_type":"","comment_count":"0","filter":"raw"}]},"aioseo_notices":[],"_links":{"self":[{"href":"https:\/\/www.claret.cat\/es\/wp-json\/wp\/v2\/product\/87640","targetHints":{"allow":["GET"]}}],"collection":[{"href":"https:\/\/www.claret.cat\/es\/wp-json\/wp\/v2\/product"}],"about":[{"href":"https:\/\/www.claret.cat\/es\/wp-json\/wp\/v2\/types\/product"}],"wp:featuredmedia":[{"embeddable":true,"href":"https:\/\/www.claret.cat\/es\/wp-json\/wp\/v2\/media\/87641"}],"wp:attachment":[{"href":"https:\/\/www.claret.cat\/es\/wp-json\/wp\/v2\/media?parent=87640"}],"wp:term":[{"taxonomy":"product_brand","embeddable":true,"href":"https:\/\/www.claret.cat\/es\/wp-json\/wp\/v2\/product_brand?post=87640"},{"taxonomy":"product_cat","embeddable":true,"href":"https:\/\/www.claret.cat\/es\/wp-json\/wp\/v2\/product_cat?post=87640"},{"taxonomy":"product_tag","embeddable":true,"href":"https:\/\/www.claret.cat\/es\/wp-json\/wp\/v2\/product_tag?post=87640"}],"curies":[{"name":"wp","href":"https:\/\/api.w.org\/{rel}","templated":true}]}}