{"id":876719,"date":"2023-09-26T10:10:25","date_gmt":"2023-09-26T08:10:25","guid":{"rendered":"https:\/\/www.claret.cat\/llibre\/suenos-y-travesias-9788433032317\/"},"modified":"2025-09-19T19:00:01","modified_gmt":"2025-09-19T17:00:01","slug":"suenos-y-travesias-9788433032317","status":"publish","type":"product","link":"https:\/\/www.claret.cat\/es\/libro\/suenos-y-travesias-9788433032317\/","title":{"rendered":"SUE\u00d1OS Y TRAVES\u00cdAS"},"content":{"rendered":"<p>La transmisi\u00f3n de la fe est\u00e1 sufriendo una profunda transformaci\u00f3n. Ante ello, toda palabra es leg\u00edtima, aunque no todas ofrezcan posibles v\u00edas de soluci\u00f3n. Dentro de la diversidad, dos elementos son compartidos por los analistas: la fidelidad al n\u00facleo de la fe cristiana y a los interlocutores actuales.<\/p>\n<p>Si bien esa primera fidelidad kerigm\u00e1tica es algo relativamente sencillo de identificar y formular, la segunda fidelidad, hacia aquellos con los que transitamos nuestra historia, quiz\u00e1 no sea tan f\u00e1cil. No solo se requiere un acertado an\u00e1lisis de c\u00f3mo situarnos en el tiempo que vivimos, tambi\u00e9n es necesario saber c\u00f3mo desarrollar los itinerarios necesarios para quienes quieran, ya desde j\u00f3venes, vivir seg\u00fan el Evangelio.<\/p>\n<p>Estos itinerarios, si bien son personales, no podemos afirmar que sean individuales, de ah\u00ed que, cada Iglesia particular, movimiento o congregaci\u00f3n, deban esforzarse por ofrecer una propuesta sugerente, bien fundamentada y debidamente acompa\u00f1ada, so pena de someter la vida de fe a cualquier tipo de reduccionismo (doctrinal, pragm\u00e1tico o emocional). A estas y otras cuestiones se invita en el presente libro: a so\u00f1ar y a transitar o, dicho de otro modo, a discernir y a apostar \u00a1Buena traves\u00eda!<\/p>\n","protected":false},"excerpt":{"rendered":"<p>GARC\u00cdA MOURELO, SANTIAGO<\/p>\n","protected":false},"featured_media":876760,"template":"","meta":{"_acf_changed":false,"om_disable_all_campaigns":false,"rs_blank_template":"","rs_page_bg_color":"","slide_template_v7":"","inline_featured_image":false,"_monsterinsights_skip_tracking":false,"_monsterinsights_sitenote_active":false,"_monsterinsights_sitenote_note":"","_monsterinsights_sitenote_category":0},"product_brand":[],"product_cat":[269,407],"product_tag":[],"class_list":{"0":"post-876719","1":"product","2":"type-product","3":"status-publish","4":"has-post-thumbnail","6":"product_cat-juvenil-pastoral","7":"product_cat-juvenil-pastoral-1_espiritualidad","9":"first","10":"instock","11":"taxable","12":"shipping-taxable","13":"purchasable","14":"product-type-simple"},"acf":{"autor":"GARC\u00cdA MOURELO, SANTIAGO","codart":"843303231","libros-coleccion":"","ediciones":"1","encuadernacion":"R\u00fastica","fecha_de_publicacion":"26\/09\/2023","novedad":"0","paginas":"256","subtitulo":"CLAVES E ITINERARIOS PARA UNA MISTAGOG\u00cdA CON J\u00d3VENES","orden":"999","portada":"0","idioma":"spa","editorial":[{"ID":6179,"post_author":"3","post_date":"2022-07-28 17:46:36","post_date_gmt":"2022-07-28 15:46:36","post_content":"","post_title":"DESCLEE DE BROUWER","post_excerpt":"","post_status":"publish","comment_status":"closed","ping_status":"closed","post_password":"","post_name":"desclee-de-brouwer","to_ping":"","pinged":"","post_modified":"2022-07-28 17:46:36","post_modified_gmt":"2022-07-28 15:46:36","post_content_filtered":"","post_parent":0,"guid":"http:\/\/dev.claret.cat\/editorial\/desclee-de-brouwer\/","menu_order":0,"post_type":"editorial","post_mime_type":"","comment_count":"0","filter":"raw"}],"autores-libros":[{"ID":169045,"post_author":"3","post_date":"2022-10-14 22:24:02","post_date_gmt":"2022-10-14 20:24:02","post_content":"","post_title":"SANTIAGO GARC\u00cdA MOURELO","post_excerpt":"","post_status":"publish","comment_status":"closed","ping_status":"closed","post_password":"","post_name":"santiago-garcia-mourelo","to_ping":"","pinged":"","post_modified":"2022-10-14 22:24:02","post_modified_gmt":"2022-10-14 20:24:02","post_content_filtered":"","post_parent":0,"guid":"http:\/\/dev.claret.cat\/autor\/santiago-garcia-mourelo\/","menu_order":0,"post_type":"autor","post_mime_type":"","comment_count":"0","filter":"raw"}],"booktrailer":"","resenas":""},"aioseo_notices":[],"_links":{"self":[{"href":"https:\/\/www.claret.cat\/es\/wp-json\/wp\/v2\/product\/876719","targetHints":{"allow":["GET"]}}],"collection":[{"href":"https:\/\/www.claret.cat\/es\/wp-json\/wp\/v2\/product"}],"about":[{"href":"https:\/\/www.claret.cat\/es\/wp-json\/wp\/v2\/types\/product"}],"wp:featuredmedia":[{"embeddable":true,"href":"https:\/\/www.claret.cat\/es\/wp-json\/wp\/v2\/media\/876760"}],"wp:attachment":[{"href":"https:\/\/www.claret.cat\/es\/wp-json\/wp\/v2\/media?parent=876719"}],"wp:term":[{"taxonomy":"product_brand","embeddable":true,"href":"https:\/\/www.claret.cat\/es\/wp-json\/wp\/v2\/product_brand?post=876719"},{"taxonomy":"product_cat","embeddable":true,"href":"https:\/\/www.claret.cat\/es\/wp-json\/wp\/v2\/product_cat?post=876719"},{"taxonomy":"product_tag","embeddable":true,"href":"https:\/\/www.claret.cat\/es\/wp-json\/wp\/v2\/product_tag?post=876719"}],"curies":[{"name":"wp","href":"https:\/\/api.w.org\/{rel}","templated":true}]}}