{"id":876773,"date":"2023-09-26T16:10:25","date_gmt":"2023-09-26T14:10:25","guid":{"rendered":"https:\/\/www.claret.cat\/llibre\/historia-de-los-concilios-9788418414824\/"},"modified":"2026-01-14T13:15:06","modified_gmt":"2026-01-14T12:15:06","slug":"historia-de-los-concilios-9788418414824","status":"publish","type":"product","link":"https:\/\/www.claret.cat\/es\/libro\/historia-de-los-concilios-9788418414824\/","title":{"rendered":"HISTORIA DE LOS CONCILIOS"},"content":{"rendered":"<p>\u00abLos concilios ecum\u00e9nicos son asambleas de obispos y de determinadas personas investidas de jurisdicci\u00f3n que, convocadas y presididas por el papa, dictan resoluciones que deben ser refrendadas por el papa mismo- sobre asuntos concernientes a la fe y la disciplina eclesi\u00e1stica\u00bb. Hubert Jedin <br \/>El Magisterio de la Iglesia se sirve de la Escritura y de la Tradici\u00f3n para comunicar al pueblo las verdades de la fe. La Iglesia ejerce su magisterio de muchas maneras. Una de ellas es a trav\u00e9s de los concilios. La historia de la Iglesia es la historia de los concilios ecum\u00e9nicos. Desde el primer concilio que convocara san Pedro a los ap\u00f3stoles, denominado Concilio de Jerusal\u00e9n, hasta el m\u00e1s reciente del Vaticano II en 1963. A trav\u00e9s de estas veintiuna asambleas que han jalonado la historia de los cristianos, y a los cat\u00f3licos desde el concilio de Trento en 1545, ofrece al lector un an\u00e1lisis hist\u00f3rico detallado de sus antecedentes, el desarrollo, sus consecuencias y los protagonistas que participaron de modo m\u00e1s activo. Estas grandes asambleas conciliares recalcan los momentos m\u00e1s trascendentales de la vida de la Iglesia.<\/p>\n","protected":false},"excerpt":{"rendered":"<p>ABAD\u00cdAS AUR\u00cdN, DAVID<\/p>\n","protected":false},"featured_media":877463,"template":"","meta":{"_acf_changed":false,"om_disable_all_campaigns":false,"rs_blank_template":"","rs_page_bg_color":"","slide_template_v7":"","inline_featured_image":false,"_monsterinsights_skip_tracking":false,"_monsterinsights_sitenote_active":false,"_monsterinsights_sitenote_note":"","_monsterinsights_sitenote_category":0},"product_brand":[],"product_cat":[93,543],"product_tag":[],"class_list":{"0":"post-876773","1":"product","2":"type-product","3":"status-publish","4":"has-post-thumbnail","6":"product_cat-eclesiologia","7":"product_cat-eclesiologia-es","9":"first","10":"instock","11":"taxable","12":"shipping-taxable","13":"purchasable","14":"product-type-simple"},"acf":{"autor":"ABAD\u00cdAS AUR\u00cdN, DAVID","codart":"841841482","libros-coleccion":"FORA DE COL.LECCI\u00d3","ediciones":"1","encuadernacion":"R\u00fastica","fecha_de_publicacion":"01\/09\/2023","novedad":"1","paginas":"512","subtitulo":"","orden":"0","portada":"0","idioma":"spa","editorial":[{"ID":148800,"post_author":"3","post_date":"2022-10-14 12:01:05","post_date_gmt":"2022-10-14 10:01:05","post_content":"","post_title":"SEKOTIA","post_excerpt":"","post_status":"publish","comment_status":"closed","ping_status":"closed","post_password":"","post_name":"sekotia","to_ping":"","pinged":"","post_modified":"2022-10-14 12:01:05","post_modified_gmt":"2022-10-14 10:01:05","post_content_filtered":"","post_parent":0,"guid":"http:\/\/dev.claret.cat\/editorial\/sekotia\/","menu_order":0,"post_type":"editorial","post_mime_type":"","comment_count":"0","filter":"raw"}],"autores-libros":[{"ID":271751,"post_author":"3","post_date":"2022-12-09 03:43:03","post_date_gmt":"2022-12-09 02:43:03","post_content":"","post_title":"DAVID ABAD\u00cdAS AUR\u00cdN","post_excerpt":"","post_status":"publish","comment_status":"closed","ping_status":"closed","post_password":"","post_name":"david-abadias-aurin","to_ping":"","pinged":"","post_modified":"2022-12-09 03:43:03","post_modified_gmt":"2022-12-09 02:43:03","post_content_filtered":"","post_parent":0,"guid":"http:\/\/dev.claret.cat\/autor\/david-abadias-aurin\/","menu_order":0,"post_type":"autor","post_mime_type":"","comment_count":"0","filter":"raw"}],"booktrailer":"","resenas":""},"aioseo_notices":[],"_links":{"self":[{"href":"https:\/\/www.claret.cat\/es\/wp-json\/wp\/v2\/product\/876773","targetHints":{"allow":["GET"]}}],"collection":[{"href":"https:\/\/www.claret.cat\/es\/wp-json\/wp\/v2\/product"}],"about":[{"href":"https:\/\/www.claret.cat\/es\/wp-json\/wp\/v2\/types\/product"}],"wp:featuredmedia":[{"embeddable":true,"href":"https:\/\/www.claret.cat\/es\/wp-json\/wp\/v2\/media\/877463"}],"wp:attachment":[{"href":"https:\/\/www.claret.cat\/es\/wp-json\/wp\/v2\/media?parent=876773"}],"wp:term":[{"taxonomy":"product_brand","embeddable":true,"href":"https:\/\/www.claret.cat\/es\/wp-json\/wp\/v2\/product_brand?post=876773"},{"taxonomy":"product_cat","embeddable":true,"href":"https:\/\/www.claret.cat\/es\/wp-json\/wp\/v2\/product_cat?post=876773"},{"taxonomy":"product_tag","embeddable":true,"href":"https:\/\/www.claret.cat\/es\/wp-json\/wp\/v2\/product_tag?post=876773"}],"curies":[{"name":"wp","href":"https:\/\/api.w.org\/{rel}","templated":true}]}}