{"id":876861,"date":"2023-09-26T19:25:18","date_gmt":"2023-09-26T17:25:18","guid":{"rendered":"https:\/\/www.claret.cat\/llibre\/nieve-de-invierno-9788408255703\/"},"modified":"2023-10-11T00:40:30","modified_gmt":"2023-10-10T22:40:30","slug":"nieve-de-invierno-9788408255703","status":"publish","type":"product","link":"https:\/\/www.claret.cat\/es\/libro\/nieve-de-invierno-9788408255703\/","title":{"rendered":"NIEVE DE INVIERNO"},"content":{"rendered":"<p>Un libro de cart\u00f3n repleto de invierno que se abre 360\u00ba y al pegarse con un velcro se mantiene de pie. En cada doble p\u00e1gina encontrar\u00e1s una escena distinta para descubrir esta \u00e9poca del a\u00f1o con las criaturas.<br \/> En invierno los d\u00edas son m\u00e1s cortos, nieva y hace fr\u00edo. Nos ponemos las chaquetas, los sombreros y guantes calentitos. El bosque parece dormido y sopla viento helado. Algunos animales se han ido y una capa de nieve lo cubre todo a la espera de la primavera. Comemos manzanas, peras, mandarinas, alcachofas\u2026 jugamos en la nieve y decoramos la casa con luces y velas.<br \/> Un libro invernal e inspirador para conocer los ritmos del a\u00f1o ilustrado por Marisa Morea.<br \/> Recomendado a partir de 1 a\u00f1o.<br \/> Otros t\u00edtulos de la colecci\u00f3n:<\/p>\n<p> Hoja de oto\u00f1o<br \/> Flor de primavera<br \/> Sol de verano<br \/> Nieve de invierno<\/p>\n","protected":false},"excerpt":{"rendered":"<p>MOREA, MARISA<\/p>\n","protected":false},"featured_media":876934,"template":"","meta":{"_acf_changed":false,"om_disable_all_campaigns":false,"rs_blank_template":"","rs_page_bg_color":"","slide_template_v7":"","inline_featured_image":false,"_monsterinsights_skip_tracking":false,"_monsterinsights_sitenote_active":false,"_monsterinsights_sitenote_note":"","_monsterinsights_sitenote_category":0},"product_brand":[],"product_cat":[131,361],"product_tag":[],"class_list":{"0":"post-876861","1":"product","2":"type-product","3":"status-publish","4":"has-post-thumbnail","6":"product_cat-contes-per-infants-0-6-anys","7":"product_cat-cuentos-para-ninos-0-6-anos","9":"first","10":"instock","11":"taxable","12":"shipping-taxable","13":"purchasable","14":"product-type-simple"},"acf":{"autor":"MOREA, MARISA","codart":"840825570","libros-coleccion":"FORA DE COL.LECCI\u00d3","ediciones":"1","encuadernacion":"Carton\u00e9","fecha_de_publicacion":"01\/09\/2023","novedad":"1","paginas":"8","subtitulo":"","orden":"0","portada":"0","idioma":"spa","editorial":[{"ID":6233,"post_author":"3","post_date":"2022-07-28 17:47:48","post_date_gmt":"2022-07-28 15:47:48","post_content":"","post_title":"EDITORIAL PLANETA","post_excerpt":"","post_status":"publish","comment_status":"closed","ping_status":"closed","post_password":"","post_name":"editorial-planeta","to_ping":"","pinged":"","post_modified":"2022-07-28 17:47:48","post_modified_gmt":"2022-07-28 15:47:48","post_content_filtered":"","post_parent":0,"guid":"http:\/\/dev.claret.cat\/editorial\/editorial-planeta\/","menu_order":0,"post_type":"editorial","post_mime_type":"","comment_count":"0","filter":"raw"}],"autores-libros":[{"ID":5812,"post_author":"3","post_date":"2022-07-28 17:32:00","post_date_gmt":"2022-07-28 15:32:00","post_content":"","post_title":"MARISA MOREA","post_excerpt":"","post_status":"publish","comment_status":"closed","ping_status":"closed","post_password":"","post_name":"marisa-morea","to_ping":"","pinged":"","post_modified":"2022-07-28 17:32:00","post_modified_gmt":"2022-07-28 15:32:00","post_content_filtered":"","post_parent":0,"guid":"http:\/\/dev.claret.cat\/autor\/marisa-morea\/","menu_order":0,"post_type":"autor","post_mime_type":"","comment_count":"0","filter":"raw"}]},"aioseo_notices":[],"_links":{"self":[{"href":"https:\/\/www.claret.cat\/es\/wp-json\/wp\/v2\/product\/876861","targetHints":{"allow":["GET"]}}],"collection":[{"href":"https:\/\/www.claret.cat\/es\/wp-json\/wp\/v2\/product"}],"about":[{"href":"https:\/\/www.claret.cat\/es\/wp-json\/wp\/v2\/types\/product"}],"wp:featuredmedia":[{"embeddable":true,"href":"https:\/\/www.claret.cat\/es\/wp-json\/wp\/v2\/media\/876934"}],"wp:attachment":[{"href":"https:\/\/www.claret.cat\/es\/wp-json\/wp\/v2\/media?parent=876861"}],"wp:term":[{"taxonomy":"product_brand","embeddable":true,"href":"https:\/\/www.claret.cat\/es\/wp-json\/wp\/v2\/product_brand?post=876861"},{"taxonomy":"product_cat","embeddable":true,"href":"https:\/\/www.claret.cat\/es\/wp-json\/wp\/v2\/product_cat?post=876861"},{"taxonomy":"product_tag","embeddable":true,"href":"https:\/\/www.claret.cat\/es\/wp-json\/wp\/v2\/product_tag?post=876861"}],"curies":[{"name":"wp","href":"https:\/\/api.w.org\/{rel}","templated":true}]}}