{"id":876903,"date":"2023-09-26T19:40:22","date_gmt":"2023-09-26T17:40:22","guid":{"rendered":"https:\/\/www.claret.cat\/llibre\/el-club-de-los-escritores-criminales-9788408260042\/"},"modified":"2023-10-11T00:40:02","modified_gmt":"2023-10-10T22:40:02","slug":"el-club-de-los-escritores-criminales-9788408260042","status":"publish","type":"product","link":"https:\/\/www.claret.cat\/es\/libro\/el-club-de-los-escritores-criminales-9788408260042\/","title":{"rendered":"EL CLUB DE LOS ESCRITORES CRIMINALES"},"content":{"rendered":"<p>La segunda parte de novela en la que se basa la pel\u00edcula de Netflix.<br \/> \u00c1ngela se ha convertido en una escritora superventas gracias a su novela Los cr\u00edmenes de la Complutense. Su vida da un vuelco cuando acepta ser la profesora en un retiro para escritores que se celebra en un campamento junto a un lago. Su novio, Nando, la acompa\u00f1a hasta ese lugar id\u00edlico que se vuelve una trampa mortal al descubrir que el payaso asesino est\u00e1 all\u00ed escribiendo una nueva novela. Cualquiera puede morir en el siguiente cap\u00edtulo. Cualquiera puede ser el asesino.<\/p>\n","protected":false},"excerpt":{"rendered":"<p>GARC\u00cdA MIRANDA, CARLOS<\/p>\n","protected":false},"featured_media":877847,"template":"","meta":{"_acf_changed":false,"om_disable_all_campaigns":false,"rs_blank_template":"","rs_page_bg_color":"","slide_template_v7":"","inline_featured_image":false,"_monsterinsights_skip_tracking":false,"_monsterinsights_sitenote_active":false,"_monsterinsights_sitenote_note":"","_monsterinsights_sitenote_category":0},"product_brand":[],"product_cat":[127,357],"product_tag":[],"class_list":{"0":"post-876903","1":"product","2":"type-product","3":"status-publish","4":"has-post-thumbnail","6":"product_cat-novella-contemporania","7":"product_cat-novela-contemporanea","9":"first","10":"instock","11":"taxable","12":"shipping-taxable","13":"purchasable","14":"product-type-simple"},"acf":{"autor":"GARC\u00cdA MIRANDA, CARLOS","codart":"840826004","libros-coleccion":"Ficci\u00f3n","ediciones":"1","encuadernacion":"R\u00fastica","fecha_de_publicacion":"01\/09\/2023","novedad":"1","paginas":"272","subtitulo":"","orden":"0","portada":"0","idioma":"spa","editorial":[{"ID":6233,"post_author":"3","post_date":"2022-07-28 17:47:48","post_date_gmt":"2022-07-28 15:47:48","post_content":"","post_title":"EDITORIAL PLANETA","post_excerpt":"","post_status":"publish","comment_status":"closed","ping_status":"closed","post_password":"","post_name":"editorial-planeta","to_ping":"","pinged":"","post_modified":"2022-07-28 17:47:48","post_modified_gmt":"2022-07-28 15:47:48","post_content_filtered":"","post_parent":0,"guid":"http:\/\/dev.claret.cat\/editorial\/editorial-planeta\/","menu_order":0,"post_type":"editorial","post_mime_type":"","comment_count":"0","filter":"raw"}],"autores-libros":[{"ID":152257,"post_author":"3","post_date":"2022-10-14 14:47:20","post_date_gmt":"2022-10-14 12:47:20","post_content":"","post_title":"CARLOS GARCIA MIRANDA","post_excerpt":"","post_status":"publish","comment_status":"closed","ping_status":"closed","post_password":"","post_name":"carlos-garcia-miranda","to_ping":"","pinged":"","post_modified":"2022-10-14 14:47:20","post_modified_gmt":"2022-10-14 12:47:20","post_content_filtered":"","post_parent":0,"guid":"http:\/\/dev.claret.cat\/autor\/carlos-garcia-miranda\/","menu_order":0,"post_type":"autor","post_mime_type":"","comment_count":"0","filter":"raw"}]},"aioseo_notices":[],"_links":{"self":[{"href":"https:\/\/www.claret.cat\/es\/wp-json\/wp\/v2\/product\/876903","targetHints":{"allow":["GET"]}}],"collection":[{"href":"https:\/\/www.claret.cat\/es\/wp-json\/wp\/v2\/product"}],"about":[{"href":"https:\/\/www.claret.cat\/es\/wp-json\/wp\/v2\/types\/product"}],"wp:featuredmedia":[{"embeddable":true,"href":"https:\/\/www.claret.cat\/es\/wp-json\/wp\/v2\/media\/877847"}],"wp:attachment":[{"href":"https:\/\/www.claret.cat\/es\/wp-json\/wp\/v2\/media?parent=876903"}],"wp:term":[{"taxonomy":"product_brand","embeddable":true,"href":"https:\/\/www.claret.cat\/es\/wp-json\/wp\/v2\/product_brand?post=876903"},{"taxonomy":"product_cat","embeddable":true,"href":"https:\/\/www.claret.cat\/es\/wp-json\/wp\/v2\/product_cat?post=876903"},{"taxonomy":"product_tag","embeddable":true,"href":"https:\/\/www.claret.cat\/es\/wp-json\/wp\/v2\/product_tag?post=876903"}],"curies":[{"name":"wp","href":"https:\/\/api.w.org\/{rel}","templated":true}]}}