{"id":877068,"date":"2023-09-27T14:30:33","date_gmt":"2023-09-27T12:30:33","guid":{"rendered":"https:\/\/www.claret.cat\/llibre\/recuerda-y-viviras-9788490739389\/"},"modified":"2024-05-23T04:43:29","modified_gmt":"2024-05-23T02:43:29","slug":"recuerda-y-viviras-9788490739389","status":"publish","type":"product","link":"https:\/\/www.claret.cat\/es\/libro\/recuerda-y-viviras-9788490739389\/","title":{"rendered":"&#8216;RECUERDA Y VIVIR\u00c1S&#8217;"},"content":{"rendered":"<p>\u2018Recuerda y vivir\u00e1s\u2019 es una introducci\u00f3n a un extenso corpus b\u00edblico llamado \u2018historia deuteronomista\u2019 (Dt 1 \u2013 2 Re 25), integrado en su mayor\u00eda por narraciones que quieren legar la memoria del pueblo de Israel sentando las bases de su identidad. A trav\u00e9s de estos relatos, los grupos productores de los textos muestran su esquema de valores sobre lo reprobable y lo deseable, tejiendo su propia teolog\u00eda de la historia. Andrea Hojman propone un abordaje panor\u00e1mico que supera las habituales lecturas fragmentarias y se adentra desde diferentes enfoques en tres temas centrales: la tierra, el culto y el liderazgo. Esta obra se dirige a un auditorio amplio anheloso de empezar nuevos caminos de lectura b\u00edblica y ofrece adem\u00e1s algunas pistas de lecturas que dialogan con el texto b\u00edblico desde distintas inquietudes actuales.<\/p>\n","protected":false},"excerpt":{"rendered":"<p>HOJMAN, ANDREA SILVINA<\/p>\n","protected":false},"featured_media":877586,"template":"","meta":{"_acf_changed":false,"om_disable_all_campaigns":false,"rs_blank_template":"","rs_page_bg_color":"","slide_template_v7":"","inline_featured_image":false,"_monsterinsights_skip_tracking":false,"_monsterinsights_sitenote_active":false,"_monsterinsights_sitenote_note":"","_monsterinsights_sitenote_category":0},"product_brand":[],"product_cat":[195,458],"product_tag":[],"class_list":{"0":"post-877068","1":"product","2":"type-product","3":"status-publish","4":"has-post-thumbnail","6":"product_cat-introduccio-a-t","7":"product_cat-introduccion-a-t","9":"first","10":"instock","11":"taxable","12":"shipping-taxable","13":"purchasable","14":"product-type-simple"},"acf":{"autor":"HOJMAN, ANDREA SILVINA","codart":"849073938","libros-coleccion":"PROFUNDIZAR EN LA PALABRA","ediciones":"1","encuadernacion":"R\u00fastica","fecha_de_publicacion":"27\/09\/2023","novedad":"1","paginas":"160","subtitulo":"UNA INTRODUCCI\u00d3N PANOR\u00c1MICA Y TEM\u00c1TICA A LA HISTORIA DEUTERONOMISTA","orden":"999","portada":"0","idioma":"spa","editorial":[{"ID":6390,"post_author":"3","post_date":"2022-07-28 17:51:08","post_date_gmt":"2022-07-28 15:51:08","post_content":"","post_title":"VERBO DIVINO","post_excerpt":"","post_status":"publish","comment_status":"closed","ping_status":"closed","post_password":"","post_name":"verbo-divino","to_ping":"","pinged":"","post_modified":"2022-07-28 17:51:08","post_modified_gmt":"2022-07-28 15:51:08","post_content_filtered":"","post_parent":0,"guid":"http:\/\/dev.claret.cat\/editorial\/verbo-divino\/","menu_order":0,"post_type":"editorial","post_mime_type":"","comment_count":"0","filter":"raw"}],"autores-libros":[{"ID":877067,"post_author":"3","post_date":"2023-09-27 14:30:31","post_date_gmt":"2023-09-27 12:30:31","post_content":"","post_title":"ANDREA SILVINA HOJMAN","post_excerpt":"","post_status":"publish","comment_status":"closed","ping_status":"closed","post_password":"","post_name":"andrea-silvina-hojman","to_ping":"","pinged":"","post_modified":"2023-09-27 14:30:31","post_modified_gmt":"2023-09-27 12:30:31","post_content_filtered":"","post_parent":0,"guid":"https:\/\/www.claret.cat\/autor\/andrea-silvina-hojman\/","menu_order":0,"post_type":"autor","post_mime_type":"","comment_count":"0","filter":"raw"}]},"aioseo_notices":[],"_links":{"self":[{"href":"https:\/\/www.claret.cat\/es\/wp-json\/wp\/v2\/product\/877068","targetHints":{"allow":["GET"]}}],"collection":[{"href":"https:\/\/www.claret.cat\/es\/wp-json\/wp\/v2\/product"}],"about":[{"href":"https:\/\/www.claret.cat\/es\/wp-json\/wp\/v2\/types\/product"}],"wp:featuredmedia":[{"embeddable":true,"href":"https:\/\/www.claret.cat\/es\/wp-json\/wp\/v2\/media\/877586"}],"wp:attachment":[{"href":"https:\/\/www.claret.cat\/es\/wp-json\/wp\/v2\/media?parent=877068"}],"wp:term":[{"taxonomy":"product_brand","embeddable":true,"href":"https:\/\/www.claret.cat\/es\/wp-json\/wp\/v2\/product_brand?post=877068"},{"taxonomy":"product_cat","embeddable":true,"href":"https:\/\/www.claret.cat\/es\/wp-json\/wp\/v2\/product_cat?post=877068"},{"taxonomy":"product_tag","embeddable":true,"href":"https:\/\/www.claret.cat\/es\/wp-json\/wp\/v2\/product_tag?post=877068"}],"curies":[{"name":"wp","href":"https:\/\/api.w.org\/{rel}","templated":true}]}}