{"id":877069,"date":"2023-09-27T14:30:41","date_gmt":"2023-09-27T12:30:41","guid":{"rendered":"https:\/\/www.claret.cat\/llibre\/donde-ha-quedado-mi-esperanza-9788490739501\/"},"modified":"2024-05-23T04:41:30","modified_gmt":"2024-05-23T02:41:30","slug":"donde-ha-quedado-mi-esperanza-9788490739501","status":"publish","type":"product","link":"https:\/\/www.claret.cat\/es\/libro\/donde-ha-quedado-mi-esperanza-9788490739501\/","title":{"rendered":"\u00bfD\u00d3NDE HA QUEDADO MI ESPERANZA?"},"content":{"rendered":"<p>Nueva obra en la serie \u2018Animaci\u00f3n B\u00edblica de la Pastoral\u2019, consagrado a la virtud de la esperanza. Sus doce unidades quieren provocar el di\u00e1logo grupal en torno a un argumento que actualmente nos apremia m\u00e1s que nunca. El t\u00edtulo, tomado de labios del santo Job, nos urge a pararnos y plantearnos seriamente qu\u00e9 sentido escogemos dar a nuestra vida. Cada unidad parte de un texto b\u00edblico para su lectura orante y creyente, seg\u00fan el itinerario cl\u00e1sico de la lectio divina. Al lector se le invita a leer el texto b\u00edblico (lectio) y a interiorizarlo como palabra viva (meditatio, oratio y actio). Ella, la Palabra para orar, para creer y para vivir, es la gran protagonista del libro. \u00bfD\u00f3nde ha quedado mi esperanza? es el segundo libro de una trilog\u00eda consagrada a las tres virtudes teologales (fe, esperanza y caridad), que fundan, caracterizan y animan todo el obrar cristiano.<\/p>\n","protected":false},"excerpt":{"rendered":"<p>VV.AA.<\/p>\n","protected":false},"featured_media":877459,"template":"","meta":{"_acf_changed":false,"om_disable_all_campaigns":false,"rs_blank_template":"","rs_page_bg_color":"","slide_template_v7":"","inline_featured_image":false,"_monsterinsights_skip_tracking":false,"_monsterinsights_sitenote_active":false,"_monsterinsights_sitenote_note":"","_monsterinsights_sitenote_category":0},"product_brand":[],"product_cat":[275,413],"product_tag":[],"class_list":{"0":"post-877069","1":"product","2":"type-product","3":"status-publish","4":"has-post-thumbnail","6":"product_cat-fonamental","7":"product_cat-fundamental","9":"first","10":"instock","11":"taxable","12":"shipping-taxable","13":"purchasable","14":"product-type-simple"},"acf":{"autor":"VV.AA.","codart":"849073950","libros-coleccion":"FORA DE COL.LECCI\u00d3","ediciones":"1","encuadernacion":"R\u00fastica","fecha_de_publicacion":"01\/07\/2023","novedad":"0","paginas":"144","subtitulo":"DI\u00c1LOGOS DE ESPERANZA EN LA PALABRA","orden":"999","portada":"0","idioma":"spa","editorial":[{"ID":6390,"post_author":"3","post_date":"2022-07-28 17:51:08","post_date_gmt":"2022-07-28 15:51:08","post_content":"","post_title":"VERBO DIVINO","post_excerpt":"","post_status":"publish","comment_status":"closed","ping_status":"closed","post_password":"","post_name":"verbo-divino","to_ping":"","pinged":"","post_modified":"2022-07-28 17:51:08","post_modified_gmt":"2022-07-28 15:51:08","post_content_filtered":"","post_parent":0,"guid":"http:\/\/dev.claret.cat\/editorial\/verbo-divino\/","menu_order":0,"post_type":"editorial","post_mime_type":"","comment_count":"0","filter":"raw"}],"autores-libros":[{"ID":5459,"post_author":"3","post_date":"2022-07-28 17:24:25","post_date_gmt":"2022-07-28 15:24:25","post_content":"","post_title":"EQUIPO B\u00cdBLICO VERBO DIVINO","post_excerpt":"","post_status":"publish","comment_status":"closed","ping_status":"closed","post_password":"","post_name":"equipo-biblico-verbo-divino","to_ping":"","pinged":"","post_modified":"2022-07-28 17:24:25","post_modified_gmt":"2022-07-28 15:24:25","post_content_filtered":"","post_parent":0,"guid":"http:\/\/dev.claret.cat\/autor\/equipo-biblico-verbo-divino\/","menu_order":0,"post_type":"autor","post_mime_type":"","comment_count":"0","filter":"raw"}]},"aioseo_notices":[],"_links":{"self":[{"href":"https:\/\/www.claret.cat\/es\/wp-json\/wp\/v2\/product\/877069","targetHints":{"allow":["GET"]}}],"collection":[{"href":"https:\/\/www.claret.cat\/es\/wp-json\/wp\/v2\/product"}],"about":[{"href":"https:\/\/www.claret.cat\/es\/wp-json\/wp\/v2\/types\/product"}],"wp:featuredmedia":[{"embeddable":true,"href":"https:\/\/www.claret.cat\/es\/wp-json\/wp\/v2\/media\/877459"}],"wp:attachment":[{"href":"https:\/\/www.claret.cat\/es\/wp-json\/wp\/v2\/media?parent=877069"}],"wp:term":[{"taxonomy":"product_brand","embeddable":true,"href":"https:\/\/www.claret.cat\/es\/wp-json\/wp\/v2\/product_brand?post=877069"},{"taxonomy":"product_cat","embeddable":true,"href":"https:\/\/www.claret.cat\/es\/wp-json\/wp\/v2\/product_cat?post=877069"},{"taxonomy":"product_tag","embeddable":true,"href":"https:\/\/www.claret.cat\/es\/wp-json\/wp\/v2\/product_tag?post=877069"}],"curies":[{"name":"wp","href":"https:\/\/api.w.org\/{rel}","templated":true}]}}