{"id":877070,"date":"2023-09-27T14:30:49","date_gmt":"2023-09-27T12:30:49","guid":{"rendered":"https:\/\/www.claret.cat\/llibre\/entre-el-cielo-y-la-tierra-9788490739396\/"},"modified":"2024-10-30T11:41:22","modified_gmt":"2024-10-30T10:41:22","slug":"entre-el-cielo-y-la-tierra-9788490739396","status":"publish","type":"product","link":"https:\/\/www.claret.cat\/es\/libro\/entre-el-cielo-y-la-tierra-9788490739396\/","title":{"rendered":"ENTRE EL CIELO Y LA TIERRA"},"content":{"rendered":"<p>En esta obra, Gerhard Lohfink interpreta multitud de textos b\u00edblicos, tanto famosos como desconocidos; los examina repleto de curiosidad, los cuestiona con detenimiento y los confronta con nuestro presente, desde el COVID-19 hasta la soledad interior de mucha gente. Y, a la vista de los textos centrales de la Biblia, se pregunta: \u00bfc\u00f3mo podr\u00eda ser hoy una existencia que est\u00e9 completamente en el mundo y al mismo tiempo completamente en Dios -que se extiende entre el cielo y la tierra-, que conozca los abismos del coraz\u00f3n humano, que admire la inmensidad del cosmos y a la vez se maraville ante una min\u00fascula flor y se reconforte con la sonrisa de un ni\u00f1o? Estamos ante un libro dirigido a los cristianos que desean entender mejor y m\u00e1s profundamente la Biblia y a todas aquellas personas que desde una distancia previa quieren conocer m\u00e1s de cerca a Jes\u00fas y su mensaje.<\/p>\n","protected":false},"excerpt":{"rendered":"<p>LOHFINK, GERHARD<\/p>\n","protected":false},"featured_media":877457,"template":"","meta":{"_acf_changed":false,"om_disable_all_campaigns":false,"rs_blank_template":"","rs_page_bg_color":"","slide_template_v7":"","inline_featured_image":false,"_monsterinsights_skip_tracking":false,"_monsterinsights_sitenote_active":false,"_monsterinsights_sitenote_note":"","_monsterinsights_sitenote_category":0},"product_brand":[],"product_cat":[195,202,458,463],"product_tag":[],"class_list":{"0":"post-877070","1":"product","2":"type-product","3":"status-publish","4":"has-post-thumbnail","6":"product_cat-introduccio-a-t","7":"product_cat-introduccio-n-t","8":"product_cat-introduccion-a-t","9":"product_cat-introduccion-n-t","11":"first","12":"instock","13":"taxable","14":"shipping-taxable","15":"purchasable","16":"product-type-simple"},"acf":{"autor":"LOHFINK, GERHARD","codart":"849073939","libros-coleccion":"ESTUDIOS B\u00cdBLICOS","ediciones":"1","encuadernacion":"R\u00fastica","fecha_de_publicacion":"01\/07\/2023","novedad":"0","paginas":"296","subtitulo":"UNA NUEVA INTERPRETACI\u00d3N DE LOS TEXTOS B\u00cdBLICOS FUNDAMENTALES","orden":"999","portada":"0","idioma":"spa","editorial":[{"ID":6390,"post_author":"3","post_date":"2022-07-28 17:51:08","post_date_gmt":"2022-07-28 15:51:08","post_content":"","post_title":"VERBO DIVINO","post_excerpt":"","post_status":"publish","comment_status":"closed","ping_status":"closed","post_password":"","post_name":"verbo-divino","to_ping":"","pinged":"","post_modified":"2022-07-28 17:51:08","post_modified_gmt":"2022-07-28 15:51:08","post_content_filtered":"","post_parent":0,"guid":"http:\/\/dev.claret.cat\/editorial\/verbo-divino\/","menu_order":0,"post_type":"editorial","post_mime_type":"","comment_count":"0","filter":"raw"}],"autores-libros":[{"ID":156819,"post_author":"3","post_date":"2022-10-14 15:23:52","post_date_gmt":"2022-10-14 13:23:52","post_content":"","post_title":"GERHARD LOHFINK","post_excerpt":"","post_status":"publish","comment_status":"closed","ping_status":"closed","post_password":"","post_name":"gerhard-lohfink","to_ping":"","pinged":"","post_modified":"2022-10-14 15:23:52","post_modified_gmt":"2022-10-14 13:23:52","post_content_filtered":"","post_parent":0,"guid":"http:\/\/dev.claret.cat\/autor\/gerhard-lohfink\/","menu_order":0,"post_type":"autor","post_mime_type":"","comment_count":"0","filter":"raw"}]},"aioseo_notices":[],"_links":{"self":[{"href":"https:\/\/www.claret.cat\/es\/wp-json\/wp\/v2\/product\/877070","targetHints":{"allow":["GET"]}}],"collection":[{"href":"https:\/\/www.claret.cat\/es\/wp-json\/wp\/v2\/product"}],"about":[{"href":"https:\/\/www.claret.cat\/es\/wp-json\/wp\/v2\/types\/product"}],"wp:featuredmedia":[{"embeddable":true,"href":"https:\/\/www.claret.cat\/es\/wp-json\/wp\/v2\/media\/877457"}],"wp:attachment":[{"href":"https:\/\/www.claret.cat\/es\/wp-json\/wp\/v2\/media?parent=877070"}],"wp:term":[{"taxonomy":"product_brand","embeddable":true,"href":"https:\/\/www.claret.cat\/es\/wp-json\/wp\/v2\/product_brand?post=877070"},{"taxonomy":"product_cat","embeddable":true,"href":"https:\/\/www.claret.cat\/es\/wp-json\/wp\/v2\/product_cat?post=877070"},{"taxonomy":"product_tag","embeddable":true,"href":"https:\/\/www.claret.cat\/es\/wp-json\/wp\/v2\/product_tag?post=877070"}],"curies":[{"name":"wp","href":"https:\/\/api.w.org\/{rel}","templated":true}]}}