{"id":877084,"date":"2023-09-27T15:55:19","date_gmt":"2023-09-27T13:55:19","guid":{"rendered":"https:\/\/www.claret.cat\/llibre\/cuando-mi-enemigo-soy-yo-9788426736680\/"},"modified":"2023-10-11T00:37:58","modified_gmt":"2023-10-10T22:37:58","slug":"cuando-mi-enemigo-soy-yo-9788426736680","status":"publish","type":"product","link":"https:\/\/www.claret.cat\/es\/libro\/cuando-mi-enemigo-soy-yo-9788426736680\/","title":{"rendered":"CUANDO MI ENEMIGO SOY YO"},"content":{"rendered":"<p>\u00bfHa sentido alguna vez que no es lo suficientemente valioso? \u00bfLe resulta dif\u00edcil perdonarse cuando comete errores o carga con la culpa de todo lo que sucede a su alrededor?  La relaci\u00f3n que mantenemos con nosotros mismos es la m\u00e1s crucial y significativa que podemos experimentar. Sin embargo, en ocasiones somos nuestros peores enemigos: nos saboteamos y permitimos que nuestros miedos, dudas e inseguridades tomen el control de nuestras vidas y mentes. Frases como &#8221;no puedo&#8221; o &#8221;no valgo&#8221; se instalan en el cerebro, afectando profundamente al bienestar emocional y obstaculizando el logro de nuestras metas.  En Cuando mi enemigo soy yo se explora la compleja relaci\u00f3n que mantenemos con nuestro propio ser; el libro se centra en c\u00f3mo las personas pueden transformar el dolor en fortaleza al aprender a cultivar la autocompasi\u00f3n y la autoestima. Este libro proporciona conocimientos y herramientas esenciales que permiten identificar y modificar patrones de pensamiento y comportamientos destructivos, lo que lleva a alcanzar objetivos y a fomentar relaciones saludables, tanto con los dem\u00e1s como con uno mismo.  Mediante una combinaci\u00f3n de teor\u00eda y ejemplos pr\u00e1cticos, esta lectura le ayudar\u00e1 a desarrollar una mayor autoconsciencia y autoconocimiento que le permitir\u00e1 gestionar sus emociones. De este modo, podr\u00e1 reemplazar pensamientos y comportamientos autodestructivos por otros m\u00e1s positivos y constructivos, lo que le facilitar\u00e1 alcanzar sus metas y encontrar la felicidad.  Descubra c\u00f3mo transformar su relaci\u00f3n consigo mismo y convi\u00e9rtase en su mejor aliado en lugar de su peor enemigo. Deje que este libro le gu\u00ede en el camino hacia el autoconocimiento y la autorrealizaci\u00f3n, y abrace una vida m\u00e1s plena y feliz.<\/p>\n","protected":false},"excerpt":{"rendered":"<p>L\u00d3PEZ MART\u00cdNEZ, LUIS FERNANDO \/ CARRETERO GARC\u00cdA, EVA M.<\/p>\n","protected":false},"featured_media":877374,"template":"","meta":{"_acf_changed":false,"om_disable_all_campaigns":false,"rs_blank_template":"","rs_page_bg_color":"","slide_template_v7":"","inline_featured_image":false,"_monsterinsights_skip_tracking":false,"_monsterinsights_sitenote_active":false,"_monsterinsights_sitenote_note":"","_monsterinsights_sitenote_category":0},"product_brand":[],"product_cat":[179,377],"product_tag":[],"class_list":{"0":"post-877084","1":"product","2":"type-product","3":"status-publish","4":"has-post-thumbnail","6":"product_cat-autoajuda-i-salut-mental","7":"product_cat-autoayuda-y-salud-mental","9":"first","10":"instock","11":"taxable","12":"shipping-taxable","13":"purchasable","14":"product-type-simple"},"acf":{"autor":"L\u00d3PEZ MART\u00cdNEZ, LUIS FERNANDO \/ CARRETERO GARC\u00cdA, EVA M.","codart":"842673668","libros-coleccion":"FORA DE COL.LECCI\u00d3","ediciones":"1","encuadernacion":"R\u00fastica","fecha_de_publicacion":"01\/09\/2023","novedad":"1","paginas":"180","subtitulo":"LA RELACI\u00d3N M\u00c1S IMPORTANTE: CONSIGO MISMO","orden":"0","portada":"0","idioma":"spa","editorial":[{"ID":6301,"post_author":"3","post_date":"2022-07-28 17:49:15","post_date_gmt":"2022-07-28 15:49:15","post_content":"","post_title":"Marcombo","post_excerpt":"","post_status":"publish","comment_status":"closed","ping_status":"closed","post_password":"","post_name":"marcombo","to_ping":"","pinged":"","post_modified":"2022-07-28 17:49:15","post_modified_gmt":"2022-07-28 15:49:15","post_content_filtered":"","post_parent":0,"guid":"http:\/\/dev.claret.cat\/editorial\/marcombo\/","menu_order":0,"post_type":"editorial","post_mime_type":"","comment_count":"0","filter":"raw"}],"autores-libros":[{"ID":815052,"post_author":"3","post_date":"2023-09-20 16:02:52","post_date_gmt":"2023-09-20 14:02:52","post_content":"","post_title":"LUIS FERNANDO L\u00d3PEZ MART\u00cdNEZ","post_excerpt":"","post_status":"publish","comment_status":"closed","ping_status":"closed","post_password":"","post_name":"luis-fernando-lopez-martinez","to_ping":"","pinged":"","post_modified":"2023-09-20 16:02:52","post_modified_gmt":"2023-09-20 14:02:52","post_content_filtered":"","post_parent":0,"guid":"https:\/\/www.claret.cat\/autor\/luis-fernando-lopez-martinez\/","menu_order":0,"post_type":"autor","post_mime_type":"","comment_count":"0","filter":"raw"},{"ID":815051,"post_author":"3","post_date":"2023-09-20 16:02:50","post_date_gmt":"2023-09-20 14:02:50","post_content":"","post_title":"EVA M. CARRETERO GARC\u00cdA","post_excerpt":"","post_status":"publish","comment_status":"closed","ping_status":"closed","post_password":"","post_name":"eva-m-carretero-garcia","to_ping":"","pinged":"","post_modified":"2023-09-20 16:02:50","post_modified_gmt":"2023-09-20 14:02:50","post_content_filtered":"","post_parent":0,"guid":"https:\/\/www.claret.cat\/autor\/eva-m-carretero-garcia\/","menu_order":0,"post_type":"autor","post_mime_type":"","comment_count":"0","filter":"raw"}]},"aioseo_notices":[],"_links":{"self":[{"href":"https:\/\/www.claret.cat\/es\/wp-json\/wp\/v2\/product\/877084","targetHints":{"allow":["GET"]}}],"collection":[{"href":"https:\/\/www.claret.cat\/es\/wp-json\/wp\/v2\/product"}],"about":[{"href":"https:\/\/www.claret.cat\/es\/wp-json\/wp\/v2\/types\/product"}],"wp:featuredmedia":[{"embeddable":true,"href":"https:\/\/www.claret.cat\/es\/wp-json\/wp\/v2\/media\/877374"}],"wp:attachment":[{"href":"https:\/\/www.claret.cat\/es\/wp-json\/wp\/v2\/media?parent=877084"}],"wp:term":[{"taxonomy":"product_brand","embeddable":true,"href":"https:\/\/www.claret.cat\/es\/wp-json\/wp\/v2\/product_brand?post=877084"},{"taxonomy":"product_cat","embeddable":true,"href":"https:\/\/www.claret.cat\/es\/wp-json\/wp\/v2\/product_cat?post=877084"},{"taxonomy":"product_tag","embeddable":true,"href":"https:\/\/www.claret.cat\/es\/wp-json\/wp\/v2\/product_tag?post=877084"}],"curies":[{"name":"wp","href":"https:\/\/api.w.org\/{rel}","templated":true}]}}