{"id":877090,"date":"2023-09-27T16:05:03","date_gmt":"2023-09-27T14:05:03","guid":{"rendered":"https:\/\/www.claret.cat\/llibre\/petit-atles-linguistic-de-la-vall-daran-9788412730807\/"},"modified":"2023-10-11T00:37:54","modified_gmt":"2023-10-10T22:37:54","slug":"petit-atles-linguistic-de-la-vall-daran-9788412730807","status":"publish","type":"product","link":"https:\/\/www.claret.cat\/es\/libro\/petit-atles-linguistic-de-la-vall-daran-9788412730807\/","title":{"rendered":"PETIT ATLES LING\u00dc\u00cdSTIC DE LA VALL D&#8217;ARAN"},"content":{"rendered":"<p>A trav\u00e9s de tres centenars de mapes, aquest atles s&#8221;encarrega de representar,<br \/> sistematitzar, catalogar i analitzar una gran quantitat de q\u00fcestions<br \/> ling\u00fc\u00edstiques que permeten de distingir els parlars de diferents zones i localitats<br \/> de la Vall d&#8221;Aran, i de con\u00e8ixer a fons l&#8221;occit\u00e0 que s&#8221;hi parla. La cartografia<br \/> va acompanyada de comentaris explicatius on s&#8221;exposen en detall totes<br \/> aquelles variacions, aix\u00ed com l&#8221;origen etimol\u00f2gic de les formes i solucions<br \/> araneses o les correspond\u00e8ncies en altres modalitats occitanes, en catal\u00e0, en<br \/> franc\u00e8s o fins i tot en altres lleng\u00fces rom\u00e0niques. Aquest volum \u00e9s fruit d&#8221;una<br \/> recerca de m\u00e9s d&#8221;un quart de segle, que concentra un c\u00famul d&#8221;informacions<br \/> que provenen d&#8221;enquestes dialectol\u00f2giques dutes a terme en gaireb\u00e9 una vintena<br \/> de localitats araneses i d&#8221;altres materials orals aplegats igualment sobre<br \/> el terreny. Organitza tota mena de dades que anteriorment havien donat lloc<br \/> a un centenar ben llarg de publicacions de tot tipus, per\u00f2 sobretot aborda<br \/> moltes altres q\u00fcestions que fins avui nom\u00e9s havien estat descrites de manera<br \/> parcial o incompleta, amb l&#8221;objectiu de superar les aportacions precedents de<br \/> fil\u00f2legs com Joan Coromines, Jean S\u00e9guy o Antoni Griera i, alhora, de posar<br \/> la Vall d&#8221;Aran al mateix nivell que moltes altres comarques del Principat de<br \/> Catalunya, que disposen d&#8221;estudis de tipus geoling\u00fc\u00edstic o dialectol\u00f2gic i que,<br \/> contr\u00e0riament al nostre cas, estan representades en una obra de refer\u00e8ncia<br \/> com l&#8221;Atles Ling\u00fc\u00edstic del Domini Catal\u00e0 de Joan Veny i L\u00eddia Pons.<br \/> La part cartogr\u00e0fica constitueix el pinyol de l&#8221;atles i est\u00e0 formada per divuit<br \/> seccions, la major part de les quals reflecteixen fam\u00edlies sem\u00e0ntiques, per\u00f2<br \/> aquesta obra tamb\u00e9 reserva cap\u00edtols espec\u00edfics a l&#8221;an\u00e0lisi de la fon\u00e8tica i la<br \/> morfosintaxi de l&#8221;aran\u00e8s. Inclou igualment un extens inventari de bibliografia<br \/> on s&#8221;apleguen m\u00e9s de quatre-cents t\u00edtols i diversos \u00edndexs alfab\u00e8tics de formes<br \/> i sintagmes destinats a facilitar l&#8221;acc\u00e9s a la informaci\u00f3 recollida. Aquests<br \/> \u00edndexs sumen m\u00e9s de cinc mil ocurr\u00e8ncies, amb termes i estructures utilitzats<br \/> en occit\u00e0, catal\u00e0, franc\u00e8s o qualsevol altra llengua rom\u00e0nica, a m\u00e9s de llat\u00ed,<br \/> grec, varietats preromanes o germ\u00e0niques. En definitiva, aquest atles pot ser<br \/> \u00fatil no nom\u00e9s per als que tinguin inter\u00e8s a saber en qu\u00e8 consisteixen les particularitats<br \/> de cada poble de la Vall d&#8221;Aran, sin\u00f3 tamb\u00e9 per als especialistes,<br \/> perqu\u00e8 suposa un tombant categ\u00f2ric en l&#8221;estudi i el coneixement tant de l&#8221;occit\u00e0<br \/> parlat en l&#8221;actual Catalunya administrativa com del conjunt del gasc\u00f3.<\/p>\n","protected":false},"excerpt":{"rendered":"<p>CARRERA BAIGET, AITOR<\/p>\n","protected":false},"featured_media":877363,"template":"","meta":{"_acf_changed":false,"om_disable_all_campaigns":false,"rs_blank_template":"","rs_page_bg_color":"","slide_template_v7":"","inline_featured_image":false,"_monsterinsights_skip_tracking":false,"_monsterinsights_sitenote_active":false,"_monsterinsights_sitenote_note":"","_monsterinsights_sitenote_category":0},"product_brand":[],"product_cat":[90,540],"product_tag":[],"class_list":{"0":"post-877090","1":"product","2":"type-product","3":"status-publish","4":"has-post-thumbnail","6":"product_cat-altres","7":"product_cat-otros","9":"first","10":"instock","11":"taxable","12":"shipping-taxable","13":"purchasable","14":"product-type-simple"},"acf":{"autor":"CARRERA BAIGET, AITOR","codart":"841273080","libros-coleccion":"Busca-raons","ediciones":"1","encuadernacion":"Carton\u00e9","fecha_de_publicacion":"01\/08\/2023","novedad":"1","paginas":"494","subtitulo":"","orden":"0","portada":"0","idioma":"cat","editorial":[{"ID":147894,"post_author":"3","post_date":"2022-10-14 11:54:03","post_date_gmt":"2022-10-14 09:54:03","post_content":"","post_title":"Edicions Sidill\u00e0 SL","post_excerpt":"","post_status":"publish","comment_status":"closed","ping_status":"closed","post_password":"","post_name":"edicions-sidilla-sl","to_ping":"","pinged":"","post_modified":"2022-10-14 11:54:03","post_modified_gmt":"2022-10-14 09:54:03","post_content_filtered":"","post_parent":0,"guid":"http:\/\/dev.claret.cat\/editorial\/edicions-sidilla-sl\/","menu_order":0,"post_type":"editorial","post_mime_type":"","comment_count":"0","filter":"raw"}],"autores-libros":[{"ID":877362,"post_author":"3","post_date":"2023-09-28 10:35:05","post_date_gmt":"2023-09-28 08:35:05","post_content":"","post_title":"AITOR CARRERA BAIGET","post_excerpt":"","post_status":"publish","comment_status":"closed","ping_status":"closed","post_password":"","post_name":"aitor-carrera-baiget","to_ping":"","pinged":"","post_modified":"2023-09-28 10:35:05","post_modified_gmt":"2023-09-28 08:35:05","post_content_filtered":"","post_parent":0,"guid":"https:\/\/www.claret.cat\/autor\/aitor-carrera-baiget\/","menu_order":0,"post_type":"autor","post_mime_type":"","comment_count":"0","filter":"raw"}]},"aioseo_notices":[],"_links":{"self":[{"href":"https:\/\/www.claret.cat\/es\/wp-json\/wp\/v2\/product\/877090","targetHints":{"allow":["GET"]}}],"collection":[{"href":"https:\/\/www.claret.cat\/es\/wp-json\/wp\/v2\/product"}],"about":[{"href":"https:\/\/www.claret.cat\/es\/wp-json\/wp\/v2\/types\/product"}],"wp:featuredmedia":[{"embeddable":true,"href":"https:\/\/www.claret.cat\/es\/wp-json\/wp\/v2\/media\/877363"}],"wp:attachment":[{"href":"https:\/\/www.claret.cat\/es\/wp-json\/wp\/v2\/media?parent=877090"}],"wp:term":[{"taxonomy":"product_brand","embeddable":true,"href":"https:\/\/www.claret.cat\/es\/wp-json\/wp\/v2\/product_brand?post=877090"},{"taxonomy":"product_cat","embeddable":true,"href":"https:\/\/www.claret.cat\/es\/wp-json\/wp\/v2\/product_cat?post=877090"},{"taxonomy":"product_tag","embeddable":true,"href":"https:\/\/www.claret.cat\/es\/wp-json\/wp\/v2\/product_tag?post=877090"}],"curies":[{"name":"wp","href":"https:\/\/api.w.org\/{rel}","templated":true}]}}