{"id":877098,"date":"2023-09-27T16:55:15","date_gmt":"2023-09-27T14:55:15","guid":{"rendered":"https:\/\/www.claret.cat\/llibre\/neu-dhivern-9788413892511\/"},"modified":"2025-10-20T20:33:09","modified_gmt":"2025-10-20T18:33:09","slug":"neu-dhivern-9788413892511","status":"publish","type":"product","link":"https:\/\/www.claret.cat\/es\/libro\/neu-dhivern-9788413892511\/","title":{"rendered":"NEU D&#8221;HIVERN"},"content":{"rendered":"<p>Un llibre ple d&#8221;hivern que s&#8221;obre 360\u00ba i que s&#8221;enganxa amb un velcro per mantenirse dret. Perfecte per gaudir d&#8221;aquesta estaci\u00f3!Un llibre de cartr\u00f3 ple d&#8221;hivern que s&#8221;obre 360\u00ba i en enganxar-se amb un velcro es mant\u00e9 dret. A cada doble p\u00e0gina trobareu una escena diferent per descobrir aquesta \u00e8poca de l&#8221;any amb les criatures.<br \/> A l&#8221;hivern els dies s\u00f3n m\u00e9s curts, neva i fa fred. Ens posem les jaquetes, els barrets i guants ben calentons. El bosc sembla adormit i bufa vent gelat. Alguns animals se n&#8221;han anat i una capa de neu ho cobreix tot en espera de la primavera. Mengem pomes, peres, mandarines, carxofes\u2026 juguem a la neu i decorem la casa amb llums i espelmes.<br \/> Un llibre hivernenc i inspirador per con\u00e8ixer els ritmes de l&#8221;any il\u00b7lustrat per Marisa Morea.<br \/> Recomanat a partir de 1 any.<br \/> \u00a0Altres t\u00edtols de la col\u00b7lecci\u00f3:<\/p>\n<p>  Fulla de tardor<br \/>  Flor de primavera<br \/>  Sol d&#8221;estiu<br \/>  Neu d&#8221;hivern<\/p>\n","protected":false},"excerpt":{"rendered":"<p>MOREA, MARISA<\/p>\n","protected":false},"featured_media":877540,"template":"","meta":{"_acf_changed":false,"om_disable_all_campaigns":false,"rs_blank_template":"","rs_page_bg_color":"","slide_template_v7":"","inline_featured_image":false,"_monsterinsights_skip_tracking":false,"_monsterinsights_sitenote_active":false,"_monsterinsights_sitenote_note":"","_monsterinsights_sitenote_category":0},"product_brand":[],"product_cat":[131,361],"product_tag":[],"class_list":{"0":"post-877098","1":"product","2":"type-product","3":"status-publish","4":"has-post-thumbnail","6":"product_cat-contes-per-infants-0-6-anys","7":"product_cat-cuentos-para-ninos-0-6-anos","9":"first","10":"instock","11":"taxable","12":"shipping-taxable","13":"purchasable","14":"product-type-simple"},"acf":{"autor":"MOREA, MARISA","codart":"841389251","libros-coleccion":"FORA DE COL.LECCI\u00d3","ediciones":"1","encuadernacion":"Carpeta","fecha_de_publicacion":"01\/09\/2023","novedad":"1","paginas":"10","subtitulo":"","orden":"0","portada":"0","idioma":"cat","editorial":[{"ID":6249,"post_author":"3","post_date":"2022-07-28 17:48:09","post_date_gmt":"2022-07-28 15:48:09","post_content":"","post_title":"Estrella Polar","post_excerpt":"","post_status":"publish","comment_status":"closed","ping_status":"closed","post_password":"","post_name":"estrella-polar","to_ping":"","pinged":"","post_modified":"2022-07-28 17:48:09","post_modified_gmt":"2022-07-28 15:48:09","post_content_filtered":"","post_parent":0,"guid":"http:\/\/dev.claret.cat\/editorial\/estrella-polar\/","menu_order":0,"post_type":"editorial","post_mime_type":"","comment_count":"0","filter":"raw"}],"autores-libros":[{"ID":5812,"post_author":"3","post_date":"2022-07-28 17:32:00","post_date_gmt":"2022-07-28 15:32:00","post_content":"","post_title":"MARISA MOREA","post_excerpt":"","post_status":"publish","comment_status":"closed","ping_status":"closed","post_password":"","post_name":"marisa-morea","to_ping":"","pinged":"","post_modified":"2022-07-28 17:32:00","post_modified_gmt":"2022-07-28 15:32:00","post_content_filtered":"","post_parent":0,"guid":"http:\/\/dev.claret.cat\/autor\/marisa-morea\/","menu_order":0,"post_type":"autor","post_mime_type":"","comment_count":"0","filter":"raw"}],"booktrailer":"","resenas":""},"aioseo_notices":[],"_links":{"self":[{"href":"https:\/\/www.claret.cat\/es\/wp-json\/wp\/v2\/product\/877098","targetHints":{"allow":["GET"]}}],"collection":[{"href":"https:\/\/www.claret.cat\/es\/wp-json\/wp\/v2\/product"}],"about":[{"href":"https:\/\/www.claret.cat\/es\/wp-json\/wp\/v2\/types\/product"}],"wp:featuredmedia":[{"embeddable":true,"href":"https:\/\/www.claret.cat\/es\/wp-json\/wp\/v2\/media\/877540"}],"wp:attachment":[{"href":"https:\/\/www.claret.cat\/es\/wp-json\/wp\/v2\/media?parent=877098"}],"wp:term":[{"taxonomy":"product_brand","embeddable":true,"href":"https:\/\/www.claret.cat\/es\/wp-json\/wp\/v2\/product_brand?post=877098"},{"taxonomy":"product_cat","embeddable":true,"href":"https:\/\/www.claret.cat\/es\/wp-json\/wp\/v2\/product_cat?post=877098"},{"taxonomy":"product_tag","embeddable":true,"href":"https:\/\/www.claret.cat\/es\/wp-json\/wp\/v2\/product_tag?post=877098"}],"curies":[{"name":"wp","href":"https:\/\/api.w.org\/{rel}","templated":true}]}}