{"id":87710,"date":"2022-10-11T18:08:13","date_gmt":"2022-10-11T16:08:13","guid":{"rendered":"http:\/\/dev.claret.cat\/producte\/la-estrategia-del-cocodrilo\/"},"modified":"2023-01-28T01:29:21","modified_gmt":"2023-01-28T00:29:21","slug":"la-estrategia-del-cocodrilo","status":"publish","type":"product","link":"https:\/\/www.claret.cat\/es\/libro\/la-estrategia-del-cocodrilo\/","title":{"rendered":"LA ESTRATEGIA DEL COCODRILO"},"content":{"rendered":"<p>PUERTAS QUE ESCONDEN HISTORIAS MUY REALES<\/p>\n<p>Katrine Engberg cambia los pasos de danza por giros literarios inesperados.<\/p>\n<p>Julie Stender acababa de instalarse en Copenhague para estudiar literatura. \u00bfPor qu\u00e9 ha tenido que morir tan joven y de una forma tan brutal? Se trata de un caso muy alarmante del que se encargan el inspector Jeppe Korner y su compa\u00f1era Anette Werner. Cuando descubren que la casera de Julie, Esther de Laurenti, una profesora y escritora amateur de novela negra, se hab\u00eda inspirado en la chica para crear un personaje que aparece asesinado del mismo modo, los polic\u00edas enseguida establecen el v\u00ednculo entre las dos mujeres y se creen cerca de la resoluci\u00f3n del caso.<\/p>\n","protected":false},"excerpt":{"rendered":"<p>ENGBERG, KATRINE<\/p>\n","protected":false},"featured_media":87711,"template":"","meta":{"_acf_changed":false,"om_disable_all_campaigns":false,"rs_blank_template":"","rs_page_bg_color":"","slide_template_v7":"","inline_featured_image":false,"_monsterinsights_skip_tracking":false,"_monsterinsights_sitenote_active":false,"_monsterinsights_sitenote_note":"","_monsterinsights_sitenote_category":0},"product_brand":[],"product_cat":[127],"product_tag":[],"class_list":{"0":"post-87710","1":"product","2":"type-product","3":"status-publish","4":"has-post-thumbnail","6":"product_cat-novella-contemporania","8":"first","9":"instock","10":"taxable","11":"shipping-taxable","12":"purchasable","13":"product-type-simple"},"acf":{"autor":"ENGBERG, KATRINE","codart":"841818523","libros-coleccion":"EMBOLSILLO","ediciones":"1","encuadernacion":"R\u00fastica","fecha_de_publicacion":"01\/06\/2021","novedad":"1","paginas":"392","subtitulo":"PUERTAS QUE ESCONDEN HISTORIAS MUY REALES...","orden":"0","portada":"0","idioma":"spa","editorial":[{"ID":148087,"post_author":"3","post_date":"2022-10-14 11:55:32","post_date_gmt":"2022-10-14 09:55:32","post_content":"","post_title":"EMBOLSILLO","post_excerpt":"","post_status":"publish","comment_status":"closed","ping_status":"closed","post_password":"","post_name":"embolsillo","to_ping":"","pinged":"","post_modified":"2022-10-14 11:55:32","post_modified_gmt":"2022-10-14 09:55:32","post_content_filtered":"","post_parent":0,"guid":"http:\/\/dev.claret.cat\/editorial\/embolsillo\/","menu_order":0,"post_type":"editorial","post_mime_type":"","comment_count":"0","filter":"raw"}],"autores-libros":[{"ID":161563,"post_author":"3","post_date":"2022-10-14 17:19:13","post_date_gmt":"2022-10-14 15:19:13","post_content":"","post_title":"KATRINE ENGBERG","post_excerpt":"","post_status":"publish","comment_status":"closed","ping_status":"closed","post_password":"","post_name":"katrine-engberg","to_ping":"","pinged":"","post_modified":"2022-10-14 17:19:13","post_modified_gmt":"2022-10-14 15:19:13","post_content_filtered":"","post_parent":0,"guid":"http:\/\/dev.claret.cat\/autor\/katrine-engberg\/","menu_order":0,"post_type":"autor","post_mime_type":"","comment_count":"0","filter":"raw"}]},"aioseo_notices":[],"_links":{"self":[{"href":"https:\/\/www.claret.cat\/es\/wp-json\/wp\/v2\/product\/87710","targetHints":{"allow":["GET"]}}],"collection":[{"href":"https:\/\/www.claret.cat\/es\/wp-json\/wp\/v2\/product"}],"about":[{"href":"https:\/\/www.claret.cat\/es\/wp-json\/wp\/v2\/types\/product"}],"wp:featuredmedia":[{"embeddable":true,"href":"https:\/\/www.claret.cat\/es\/wp-json\/wp\/v2\/media\/87711"}],"wp:attachment":[{"href":"https:\/\/www.claret.cat\/es\/wp-json\/wp\/v2\/media?parent=87710"}],"wp:term":[{"taxonomy":"product_brand","embeddable":true,"href":"https:\/\/www.claret.cat\/es\/wp-json\/wp\/v2\/product_brand?post=87710"},{"taxonomy":"product_cat","embeddable":true,"href":"https:\/\/www.claret.cat\/es\/wp-json\/wp\/v2\/product_cat?post=87710"},{"taxonomy":"product_tag","embeddable":true,"href":"https:\/\/www.claret.cat\/es\/wp-json\/wp\/v2\/product_tag?post=87710"}],"curies":[{"name":"wp","href":"https:\/\/api.w.org\/{rel}","templated":true}]}}