{"id":877187,"date":"2023-09-27T17:50:39","date_gmt":"2023-09-27T15:50:39","guid":{"rendered":"https:\/\/www.claret.cat\/llibre\/peppa-pig-primeros-aprendizajes-aprende-con-peppa-como-te-sientes-9788448866273\/"},"modified":"2023-10-11T00:37:16","modified_gmt":"2023-10-10T22:37:16","slug":"peppa-pig-primeros-aprendizajes-aprende-con-peppa-como-te-sientes-9788448866273","status":"publish","type":"product","link":"https:\/\/www.claret.cat\/es\/libro\/peppa-pig-primeros-aprendizajes-aprende-con-peppa-como-te-sientes-9788448866273\/","title":{"rendered":"PEPPA PIG. PRIMEROS APRENDIZAJES &#8211; APRENDE CON PEPPA. \u00bfC\u00d3MO TE SIENTES?"},"content":{"rendered":"<p>Primeros aprendizajes con Peppa Pig: aprende todo sobre las emociones con la cerdita m\u00e1s famosa y este divertido libro-pizarra. Es normal sentir muchas emociones. Alegr\u00eda, tristeza, enfado, miedo\u2026 Con\u00f3celas todas junto a Peppa Pig y descubre todo lo que necesitas saber sobre ellas, desde c\u00f3mo identificarlas hasta c\u00f3mo responder a cada una. \u00a1Escribe, borra y vuelve a escribir! Un cuaderno con p\u00e1ginas de pizarra blanca que trae un rotulador especial con borrador para escribir y borrar y volver a escribir. La colecci\u00f3n \u00abPrimeros aprendizajes\u00bb pretende despertar la curiosidad en los m\u00e1s peque\u00f1os sobre nuevos conocimientos que forman parte de su entorno cercano, acompa\u00f1\u00e1ndolos de actividades educativas para que se familiaricen con el nuevo vocabulario y los nuevos conceptos<\/p>\n","protected":false},"excerpt":{"rendered":"<p>HASBRO \/ EONE<\/p>\n","protected":false},"featured_media":877546,"template":"","meta":{"_acf_changed":false,"om_disable_all_campaigns":false,"rs_blank_template":"","rs_page_bg_color":"","slide_template_v7":"","inline_featured_image":false,"_monsterinsights_skip_tracking":false,"_monsterinsights_sitenote_active":false,"_monsterinsights_sitenote_note":"","_monsterinsights_sitenote_category":0},"product_brand":[],"product_cat":[131,361,136,366],"product_tag":[],"class_list":{"0":"post-877187","1":"product","2":"type-product","3":"status-publish","4":"has-post-thumbnail","6":"product_cat-contes-per-infants-0-6-anys","7":"product_cat-cuentos-para-ninos-0-6-anos","8":"product_cat-jocs-destimulacio","9":"product_cat-juegos-de-estimulacion","11":"first","12":"instock","13":"taxable","14":"shipping-taxable","15":"purchasable","16":"product-type-simple"},"acf":{"autor":"HASBRO \/ EONE","codart":"844886627","libros-coleccion":"PEPPA PIG","ediciones":"1","encuadernacion":"R\u00fastica","fecha_de_publicacion":"01\/09\/2023","novedad":"1","paginas":"16","subtitulo":"","orden":"0","portada":"0","idioma":"spa","editorial":[{"ID":6141,"post_author":"3","post_date":"2022-07-28 17:45:46","post_date_gmt":"2022-07-28 15:45:46","post_content":"","post_title":"BEASCOA","post_excerpt":"","post_status":"publish","comment_status":"closed","ping_status":"closed","post_password":"","post_name":"beascoa","to_ping":"","pinged":"","post_modified":"2022-07-28 17:45:46","post_modified_gmt":"2022-07-28 15:45:46","post_content_filtered":"","post_parent":0,"guid":"http:\/\/dev.claret.cat\/editorial\/beascoa\/","menu_order":0,"post_type":"editorial","post_mime_type":"","comment_count":"0","filter":"raw"}],"autores-libros":[{"ID":155206,"post_author":"3","post_date":"2022-10-14 15:11:00","post_date_gmt":"2022-10-14 13:11:00","post_content":"","post_title":"EONE","post_excerpt":"","post_status":"publish","comment_status":"closed","ping_status":"closed","post_password":"","post_name":"eone","to_ping":"","pinged":"","post_modified":"2022-10-14 15:11:00","post_modified_gmt":"2022-10-14 13:11:00","post_content_filtered":"","post_parent":0,"guid":"http:\/\/dev.claret.cat\/autor\/eone\/","menu_order":0,"post_type":"autor","post_mime_type":"","comment_count":"0","filter":"raw"},{"ID":410657,"post_author":"3","post_date":"2023-03-06 19:41:16","post_date_gmt":"2023-03-06 18:41:16","post_content":"","post_title":"HASBRO","post_excerpt":"","post_status":"publish","comment_status":"closed","ping_status":"closed","post_password":"","post_name":"hasbro-2","to_ping":"","pinged":"","post_modified":"2023-03-06 19:41:16","post_modified_gmt":"2023-03-06 18:41:16","post_content_filtered":"","post_parent":0,"guid":"https:\/\/www.claret.cat\/autor\/hasbro-2\/","menu_order":0,"post_type":"autor","post_mime_type":"","comment_count":"0","filter":"raw"}]},"aioseo_notices":[],"_links":{"self":[{"href":"https:\/\/www.claret.cat\/es\/wp-json\/wp\/v2\/product\/877187","targetHints":{"allow":["GET"]}}],"collection":[{"href":"https:\/\/www.claret.cat\/es\/wp-json\/wp\/v2\/product"}],"about":[{"href":"https:\/\/www.claret.cat\/es\/wp-json\/wp\/v2\/types\/product"}],"wp:featuredmedia":[{"embeddable":true,"href":"https:\/\/www.claret.cat\/es\/wp-json\/wp\/v2\/media\/877546"}],"wp:attachment":[{"href":"https:\/\/www.claret.cat\/es\/wp-json\/wp\/v2\/media?parent=877187"}],"wp:term":[{"taxonomy":"product_brand","embeddable":true,"href":"https:\/\/www.claret.cat\/es\/wp-json\/wp\/v2\/product_brand?post=877187"},{"taxonomy":"product_cat","embeddable":true,"href":"https:\/\/www.claret.cat\/es\/wp-json\/wp\/v2\/product_cat?post=877187"},{"taxonomy":"product_tag","embeddable":true,"href":"https:\/\/www.claret.cat\/es\/wp-json\/wp\/v2\/product_tag?post=877187"}],"curies":[{"name":"wp","href":"https:\/\/api.w.org\/{rel}","templated":true}]}}