{"id":877190,"date":"2023-09-27T17:50:54","date_gmt":"2023-09-27T15:50:54","guid":{"rendered":"https:\/\/www.claret.cat\/llibre\/diario-de-nikki-15-aventura-en-paris-9788427221253\/"},"modified":"2025-04-07T12:06:54","modified_gmt":"2025-04-07T10:06:54","slug":"diario-de-nikki-15-aventura-en-paris-9788427221253","status":"publish","type":"product","link":"https:\/\/www.claret.cat\/es\/libro\/diario-de-nikki-15-aventura-en-paris-9788427221253\/","title":{"rendered":"DIARIO DE NIKKI 15 &#8211; \u00bf\u00a1AVENTURA EN PAR\u00cdS!?"},"content":{"rendered":"<p>\u00a1S\u00faper chic! \u00bf\u00a1Nikki visitar\u00e1 la ciudad del amor?! No te pierdas esta aventura en el decimoquinto volumen de la serie \u00abDiario de Nikki\u00bb, el diario en el que Nikki le da vueltas a todo&#8230; \u00bfSe las arreglar\u00e1 Nikki para visitar al fin Par\u00eds? \u00bfO acabar\u00e1 organizando una recogida de fondos con tem\u00e1tica parisina para ayudar al refugio de animales de Brandon, el chico que le gusta, junto a sus amigas? \u00a1El drama est\u00e1 servido!<\/p>\n","protected":false},"excerpt":{"rendered":"<p>RUSSELL, RACHEL REN\u00c9E<\/p>\n","protected":false},"featured_media":877191,"template":"","meta":{"_acf_changed":false,"om_disable_all_campaigns":false,"rs_blank_template":"","rs_page_bg_color":"","slide_template_v7":"","inline_featured_image":false,"_monsterinsights_skip_tracking":false,"_monsterinsights_sitenote_active":false,"_monsterinsights_sitenote_note":"","_monsterinsights_sitenote_category":0},"product_brand":[],"product_cat":[132,362],"product_tag":[],"class_list":{"0":"post-877190","1":"product","2":"type-product","3":"status-publish","4":"has-post-thumbnail","6":"product_cat-lectures-per-preadolescents-6-12-anys","7":"product_cat-libros-preadolescentes-6-12-anos","9":"first","10":"instock","11":"taxable","12":"shipping-taxable","13":"purchasable","14":"product-type-simple"},"acf":{"autor":"RUSSELL, RACHEL REN\u00c9E","codart":"842722125","libros-coleccion":"FORA DE COL.LECCI\u00d3","ediciones":"1","encuadernacion":"Carton\u00e9","fecha_de_publicacion":"01\/11\/2021","novedad":"1","paginas":"336","subtitulo":"","orden":"0","portada":"0","idioma":"spa","editorial":[{"ID":6346,"post_author":"3","post_date":"2022-07-28 17:50:13","post_date_gmt":"2022-07-28 15:50:13","post_content":"","post_title":"RBA Molino","post_excerpt":"","post_status":"publish","comment_status":"closed","ping_status":"closed","post_password":"","post_name":"rba-molino","to_ping":"","pinged":"","post_modified":"2022-07-28 17:50:13","post_modified_gmt":"2022-07-28 15:50:13","post_content_filtered":"","post_parent":0,"guid":"http:\/\/dev.claret.cat\/editorial\/rba-molino\/","menu_order":0,"post_type":"editorial","post_mime_type":"","comment_count":"0","filter":"raw"}],"autores-libros":[{"ID":167528,"post_author":"3","post_date":"2022-10-14 18:11:55","post_date_gmt":"2022-10-14 16:11:55","post_content":"","post_title":"RACHEL REN\u00c9E RUSSELL","post_excerpt":"","post_status":"publish","comment_status":"closed","ping_status":"closed","post_password":"","post_name":"rachel-renee-russell","to_ping":"","pinged":"","post_modified":"2022-10-14 18:11:55","post_modified_gmt":"2022-10-14 16:11:55","post_content_filtered":"","post_parent":0,"guid":"http:\/\/dev.claret.cat\/autor\/rachel-renee-russell\/","menu_order":0,"post_type":"autor","post_mime_type":"","comment_count":"0","filter":"raw"}]},"aioseo_notices":[],"_links":{"self":[{"href":"https:\/\/www.claret.cat\/es\/wp-json\/wp\/v2\/product\/877190","targetHints":{"allow":["GET"]}}],"collection":[{"href":"https:\/\/www.claret.cat\/es\/wp-json\/wp\/v2\/product"}],"about":[{"href":"https:\/\/www.claret.cat\/es\/wp-json\/wp\/v2\/types\/product"}],"wp:featuredmedia":[{"embeddable":true,"href":"https:\/\/www.claret.cat\/es\/wp-json\/wp\/v2\/media\/877191"}],"wp:attachment":[{"href":"https:\/\/www.claret.cat\/es\/wp-json\/wp\/v2\/media?parent=877190"}],"wp:term":[{"taxonomy":"product_brand","embeddable":true,"href":"https:\/\/www.claret.cat\/es\/wp-json\/wp\/v2\/product_brand?post=877190"},{"taxonomy":"product_cat","embeddable":true,"href":"https:\/\/www.claret.cat\/es\/wp-json\/wp\/v2\/product_cat?post=877190"},{"taxonomy":"product_tag","embeddable":true,"href":"https:\/\/www.claret.cat\/es\/wp-json\/wp\/v2\/product_tag?post=877190"}],"curies":[{"name":"wp","href":"https:\/\/api.w.org\/{rel}","templated":true}]}}