{"id":877196,"date":"2023-09-27T17:51:22","date_gmt":"2023-09-27T15:51:22","guid":{"rendered":"https:\/\/www.claret.cat\/llibre\/la-pequena-oruga-glotona-toca-y-descubre-los-animales-coleccion-eric-carle-9788448864934\/"},"modified":"2024-05-16T16:45:35","modified_gmt":"2024-05-16T14:45:35","slug":"la-pequena-oruga-glotona-toca-y-descubre-los-animales-coleccion-eric-carle-9788448864934","status":"publish","type":"product","link":"https:\/\/www.claret.cat\/es\/libro\/la-pequena-oruga-glotona-toca-y-descubre-los-animales-coleccion-eric-carle-9788448864934\/","title":{"rendered":"LA PEQUE\u00d1A ORUGA GLOTONA. TOCA Y DESCUBRE LOS ANIMALES (COLECCI\u00d3N ERIC CARLE)"},"content":{"rendered":"<p>La peque\u00f1a oruga glotona, personaje de la obra maestra de Eric Carle, te invita a descubrir los animales. Vuelve la peque\u00f1a oruga glotona con una nueva aventura para conocer a todos los animales: los que viven en la selva, en el mar, en la granja\u2026 Aprende nuevas palabras para hablar sobre tus animales favoritos mientras te lo pasas en grande con los elementos t\u00e1ctiles que encontrar\u00e1s en cada p\u00e1gina. Una maravillosahistoria con coloridos dibujos y en formato cart\u00f3n del famoso escritor e ilustrador Eric Carle, perfecta para fomentar el aprendizaje de los peque\u00f1os de 0 a 3 a\u00f1os.<\/p>\n","protected":false},"excerpt":{"rendered":"<p>CARLE, ERIC<\/p>\n","protected":false},"featured_media":877550,"template":"","meta":{"_acf_changed":false,"om_disable_all_campaigns":false,"rs_blank_template":"","rs_page_bg_color":"","slide_template_v7":"","inline_featured_image":false,"_monsterinsights_skip_tracking":false,"_monsterinsights_sitenote_active":false,"_monsterinsights_sitenote_note":"","_monsterinsights_sitenote_category":0},"product_brand":[],"product_cat":[131,361],"product_tag":[],"class_list":{"0":"post-877196","1":"product","2":"type-product","3":"status-publish","4":"has-post-thumbnail","6":"product_cat-contes-per-infants-0-6-anys","7":"product_cat-cuentos-para-ninos-0-6-anos","9":"first","10":"instock","11":"taxable","12":"shipping-taxable","13":"purchasable","14":"product-type-simple"},"acf":{"autor":"CARLE, ERIC","codart":"844886493","libros-coleccion":"Peque\u00f1as manitas","ediciones":"1","encuadernacion":"Carpeta","fecha_de_publicacion":"01\/09\/2023","novedad":"1","paginas":"12","subtitulo":"","orden":"0","portada":"0","idioma":"spa","editorial":[{"ID":6141,"post_author":"3","post_date":"2022-07-28 17:45:46","post_date_gmt":"2022-07-28 15:45:46","post_content":"","post_title":"BEASCOA","post_excerpt":"","post_status":"publish","comment_status":"closed","ping_status":"closed","post_password":"","post_name":"beascoa","to_ping":"","pinged":"","post_modified":"2022-07-28 17:45:46","post_modified_gmt":"2022-07-28 15:45:46","post_content_filtered":"","post_parent":0,"guid":"http:\/\/dev.claret.cat\/editorial\/beascoa\/","menu_order":0,"post_type":"editorial","post_mime_type":"","comment_count":"0","filter":"raw"}],"autores-libros":[{"ID":155252,"post_author":"3","post_date":"2022-10-14 15:11:21","post_date_gmt":"2022-10-14 13:11:21","post_content":"","post_title":"ERIC CARLE","post_excerpt":"","post_status":"publish","comment_status":"closed","ping_status":"closed","post_password":"","post_name":"eric-carle","to_ping":"","pinged":"","post_modified":"2022-10-14 15:11:21","post_modified_gmt":"2022-10-14 13:11:21","post_content_filtered":"","post_parent":0,"guid":"http:\/\/dev.claret.cat\/autor\/eric-carle\/","menu_order":0,"post_type":"autor","post_mime_type":"","comment_count":"0","filter":"raw"}]},"aioseo_notices":[],"_links":{"self":[{"href":"https:\/\/www.claret.cat\/es\/wp-json\/wp\/v2\/product\/877196","targetHints":{"allow":["GET"]}}],"collection":[{"href":"https:\/\/www.claret.cat\/es\/wp-json\/wp\/v2\/product"}],"about":[{"href":"https:\/\/www.claret.cat\/es\/wp-json\/wp\/v2\/types\/product"}],"wp:featuredmedia":[{"embeddable":true,"href":"https:\/\/www.claret.cat\/es\/wp-json\/wp\/v2\/media\/877550"}],"wp:attachment":[{"href":"https:\/\/www.claret.cat\/es\/wp-json\/wp\/v2\/media?parent=877196"}],"wp:term":[{"taxonomy":"product_brand","embeddable":true,"href":"https:\/\/www.claret.cat\/es\/wp-json\/wp\/v2\/product_brand?post=877196"},{"taxonomy":"product_cat","embeddable":true,"href":"https:\/\/www.claret.cat\/es\/wp-json\/wp\/v2\/product_cat?post=877196"},{"taxonomy":"product_tag","embeddable":true,"href":"https:\/\/www.claret.cat\/es\/wp-json\/wp\/v2\/product_tag?post=877196"}],"curies":[{"name":"wp","href":"https:\/\/api.w.org\/{rel}","templated":true}]}}