{"id":877202,"date":"2023-09-27T17:52:01","date_gmt":"2023-09-27T15:52:01","guid":{"rendered":"https:\/\/www.claret.cat\/llibre\/lerugueta-golafre-toca-i-descobreix-els-animals-9788448864941\/"},"modified":"2023-11-18T11:15:29","modified_gmt":"2023-11-18T10:15:29","slug":"lerugueta-golafre-toca-i-descobreix-els-animals-9788448864941","status":"publish","type":"product","link":"https:\/\/www.claret.cat\/es\/libro\/lerugueta-golafre-toca-i-descobreix-els-animals-9788448864941\/","title":{"rendered":"L&#8217;ERUGUETA GOLAFRE. TOCA I DESCOBREIX ELS ANIMALS"},"content":{"rendered":"<p>L&#8217;erugueta golafre, personatge de l&#8217;obra mestra de l&#8217;Eric Carle, et convida a descobrir els animals. Torna l&#8217;erugueta golafre amb una nova aventura per con\u00e8ixer tots els animals: els que viuen a la selva, al mar, a la granja\u2026 Apr\u00e8n noves paraules per parlar sobre els teus animals favorits mentre t&#8217;ho passes d&#8217;all\u00f2 m\u00e9s b\u00e9 amb els elements t\u00e0ctils que trobar\u00e0s a cada p\u00e0gina.Una hist\u00f2ria meravellosa amb colorits dibuixos i en format cartr\u00f3 del fam\u00f3s escriptor i il\u00b7lustrador Eric Carle, perfecta per fomentar l&#8217;aprenentatge dels petits de 0 a 3 anys.<\/p>\n","protected":false},"excerpt":{"rendered":"<p>CARLE, ERIC<\/p>\n","protected":false},"featured_media":877548,"template":"","meta":{"_acf_changed":false,"om_disable_all_campaigns":false,"rs_blank_template":"","rs_page_bg_color":"","slide_template_v7":"","inline_featured_image":false,"_monsterinsights_skip_tracking":false,"_monsterinsights_sitenote_active":false,"_monsterinsights_sitenote_note":"","_monsterinsights_sitenote_category":0},"product_brand":[],"product_cat":[131,361],"product_tag":[],"class_list":{"0":"post-877202","1":"product","2":"type-product","3":"status-publish","4":"has-post-thumbnail","6":"product_cat-contes-per-infants-0-6-anys","7":"product_cat-cuentos-para-ninos-0-6-anos","9":"first","10":"instock","11":"taxable","12":"shipping-taxable","13":"purchasable","14":"product-type-simple"},"acf":{"autor":"CARLE, ERIC","codart":"844886494","libros-coleccion":"FORA DE COL.LECCI\u00d3","ediciones":"1","encuadernacion":"Carpeta","fecha_de_publicacion":"01\/09\/2023","novedad":"1","paginas":"10","subtitulo":"","orden":"0","portada":"0","idioma":"cat","editorial":[{"ID":6141,"post_author":"3","post_date":"2022-07-28 17:45:46","post_date_gmt":"2022-07-28 15:45:46","post_content":"","post_title":"BEASCOA","post_excerpt":"","post_status":"publish","comment_status":"closed","ping_status":"closed","post_password":"","post_name":"beascoa","to_ping":"","pinged":"","post_modified":"2022-07-28 17:45:46","post_modified_gmt":"2022-07-28 15:45:46","post_content_filtered":"","post_parent":0,"guid":"http:\/\/dev.claret.cat\/editorial\/beascoa\/","menu_order":0,"post_type":"editorial","post_mime_type":"","comment_count":"0","filter":"raw"}],"autores-libros":[{"ID":155252,"post_author":"3","post_date":"2022-10-14 15:11:21","post_date_gmt":"2022-10-14 13:11:21","post_content":"","post_title":"ERIC CARLE","post_excerpt":"","post_status":"publish","comment_status":"closed","ping_status":"closed","post_password":"","post_name":"eric-carle","to_ping":"","pinged":"","post_modified":"2022-10-14 15:11:21","post_modified_gmt":"2022-10-14 13:11:21","post_content_filtered":"","post_parent":0,"guid":"http:\/\/dev.claret.cat\/autor\/eric-carle\/","menu_order":0,"post_type":"autor","post_mime_type":"","comment_count":"0","filter":"raw"}]},"aioseo_notices":[],"_links":{"self":[{"href":"https:\/\/www.claret.cat\/es\/wp-json\/wp\/v2\/product\/877202","targetHints":{"allow":["GET"]}}],"collection":[{"href":"https:\/\/www.claret.cat\/es\/wp-json\/wp\/v2\/product"}],"about":[{"href":"https:\/\/www.claret.cat\/es\/wp-json\/wp\/v2\/types\/product"}],"wp:featuredmedia":[{"embeddable":true,"href":"https:\/\/www.claret.cat\/es\/wp-json\/wp\/v2\/media\/877548"}],"wp:attachment":[{"href":"https:\/\/www.claret.cat\/es\/wp-json\/wp\/v2\/media?parent=877202"}],"wp:term":[{"taxonomy":"product_brand","embeddable":true,"href":"https:\/\/www.claret.cat\/es\/wp-json\/wp\/v2\/product_brand?post=877202"},{"taxonomy":"product_cat","embeddable":true,"href":"https:\/\/www.claret.cat\/es\/wp-json\/wp\/v2\/product_cat?post=877202"},{"taxonomy":"product_tag","embeddable":true,"href":"https:\/\/www.claret.cat\/es\/wp-json\/wp\/v2\/product_tag?post=877202"}],"curies":[{"name":"wp","href":"https:\/\/api.w.org\/{rel}","templated":true}]}}