{"id":877208,"date":"2023-09-27T17:55:18","date_gmt":"2023-09-27T15:55:18","guid":{"rendered":"https:\/\/www.claret.cat\/llibre\/que-pasaria-si-2-9788403522480\/"},"modified":"2023-10-11T00:37:05","modified_gmt":"2023-10-10T22:37:05","slug":"que-pasaria-si-2-9788403522480","status":"publish","type":"product","link":"https:\/\/www.claret.cat\/es\/libro\/que-pasaria-si-2-9788403522480\/","title":{"rendered":"QU\u00c9 PASARIA SI&#8230;? 2"},"content":{"rendered":"<p>Un libro en el que el humor y la ciencia se unen para dar explicaci\u00f3n a todo tipo de preguntas curiosas. EL AUTOR BESTSELLER DE THE NEW YORK TIMES VUELVE A UNIR EL HUMOR Y LA CIENCIA PARA DAR EXPLICACI\u00d3N A TODO TIPO DE PREGUNTAS CURIOSAS. \u00bfQu\u00e9 pasar\u00eda si te montaras en el aspa de un helic\u00f3ptero, construyeras un edificio de mil millones de pisos o hicieras una l\u00e1mpara de lava con lava?Sin inmutarse por lo absurdo, Munroe consulta las \u00faltimas investigaciones, desde la f\u00edsica de los columpios hasta el dise\u00f1o de catapultas de aviones, para responder las preguntas m\u00e1s absurdas, y en ocasiones tambi\u00e9n aterradoras, con rigurosidad cient\u00edfica. Tal y como lo demuestra, se puede aprender much\u00edsimo al examinar c\u00f3mo podr\u00eda funcionar el mundo en circunstancias extremas muy espec\u00edficas. Un libro que se convertir\u00e1 en otro cl\u00e1sico para lectores de todas las edades. Randall Munroe dej\u00f3 la NASA para dibujar c\u00f3mics en internet. El \u00e9xito de su blog cient\u00edfico de preguntas y respuestas le llev\u00f3 a publicar su libro \u00bfQu\u00e9 pasar\u00eda s\u00ed&#8230;?, un \u00e9xito de ventas en todo el mundo.La cr\u00edtica ha dicho:<br \/>\u00abLectura obligada para los curiosos\u00bb.<br \/>Popular Science \u00abLa astrof\u00edsica extrema y la indescifrable qu\u00edmica rara vez han sido explicadas con tanta claridad o de esta manera tan consistentemente divertida\u00bb.<br \/>Entertainment Weekly \u00abUna delicia pura, una mezcla dulce y salada de ciencia dura y loca fantas\u00eda\u00bb.<br \/>Boing Boing\u00abEs divertido ver c\u00f3mo Munroe aborda cada pregunta y examina cada posible complicaci\u00f3n con gran aplomo nerd y met\u00f3dico\u2026 Maravillosamente demente\u00bb.<br \/>The Boston Globe \u00abUn testimonio amoroso del poder del cerebro para llevar las cosas a extremos absurdos\u00bb.<br \/>NPR \u00abUn fest\u00edn para tus ojos y una fiesta para tu cerebro\u00bb.<br \/>Scientific American\u00abFascinante y entretenido&#8230; Munroe fermenta la ciencia dura con toques extravagantes\u00bb.<br \/>The Wall Street Journal<\/p>\n","protected":false},"excerpt":{"rendered":"<p>MUNROE, RANDALL<\/p>\n","protected":false},"featured_media":877417,"template":"","meta":{"_acf_changed":false,"om_disable_all_campaigns":false,"rs_blank_template":"","rs_page_bg_color":"","slide_template_v7":"","inline_featured_image":false,"_monsterinsights_skip_tracking":false,"_monsterinsights_sitenote_active":false,"_monsterinsights_sitenote_note":"","_monsterinsights_sitenote_category":0},"product_brand":[],"product_cat":[104,554],"product_tag":[],"class_list":{"0":"post-877208","1":"product","2":"type-product","3":"status-publish","4":"has-post-thumbnail","6":"product_cat-ciencia","7":"product_cat-ciencia-5_otras-spa","9":"first","10":"instock","11":"taxable","12":"shipping-taxable","13":"purchasable","14":"product-type-simple"},"acf":{"autor":"MUNROE, RANDALL","codart":"840352248","libros-coleccion":"Divulgaci\u00f3n","ediciones":"1","encuadernacion":"R\u00fastica","fecha_de_publicacion":"01\/09\/2023","novedad":"1","paginas":"472","subtitulo":"","orden":"0","portada":"0","idioma":"spa","editorial":[{"ID":6113,"post_author":"3","post_date":"2022-07-28 17:45:10","post_date_gmt":"2022-07-28 15:45:10","post_content":"","post_title":"AGUILAR","post_excerpt":"","post_status":"publish","comment_status":"closed","ping_status":"closed","post_password":"","post_name":"aguilar","to_ping":"","pinged":"","post_modified":"2022-07-28 17:45:10","post_modified_gmt":"2022-07-28 15:45:10","post_content_filtered":"","post_parent":0,"guid":"http:\/\/dev.claret.cat\/editorial\/aguilar\/","menu_order":0,"post_type":"editorial","post_mime_type":"","comment_count":"0","filter":"raw"}],"autores-libros":[{"ID":167775,"post_author":"3","post_date":"2022-10-14 18:13:55","post_date_gmt":"2022-10-14 16:13:55","post_content":"","post_title":"RANDALL MUNROE","post_excerpt":"","post_status":"publish","comment_status":"closed","ping_status":"closed","post_password":"","post_name":"randall-munroe","to_ping":"","pinged":"","post_modified":"2022-10-14 18:13:55","post_modified_gmt":"2022-10-14 16:13:55","post_content_filtered":"","post_parent":0,"guid":"http:\/\/dev.claret.cat\/autor\/randall-munroe\/","menu_order":0,"post_type":"autor","post_mime_type":"","comment_count":"0","filter":"raw"}]},"aioseo_notices":[],"_links":{"self":[{"href":"https:\/\/www.claret.cat\/es\/wp-json\/wp\/v2\/product\/877208","targetHints":{"allow":["GET"]}}],"collection":[{"href":"https:\/\/www.claret.cat\/es\/wp-json\/wp\/v2\/product"}],"about":[{"href":"https:\/\/www.claret.cat\/es\/wp-json\/wp\/v2\/types\/product"}],"wp:featuredmedia":[{"embeddable":true,"href":"https:\/\/www.claret.cat\/es\/wp-json\/wp\/v2\/media\/877417"}],"wp:attachment":[{"href":"https:\/\/www.claret.cat\/es\/wp-json\/wp\/v2\/media?parent=877208"}],"wp:term":[{"taxonomy":"product_brand","embeddable":true,"href":"https:\/\/www.claret.cat\/es\/wp-json\/wp\/v2\/product_brand?post=877208"},{"taxonomy":"product_cat","embeddable":true,"href":"https:\/\/www.claret.cat\/es\/wp-json\/wp\/v2\/product_cat?post=877208"},{"taxonomy":"product_tag","embeddable":true,"href":"https:\/\/www.claret.cat\/es\/wp-json\/wp\/v2\/product_tag?post=877208"}],"curies":[{"name":"wp","href":"https:\/\/api.w.org\/{rel}","templated":true}]}}